{"id":83101,"date":"2018-07-20T11:03:15","date_gmt":"2018-07-20T11:03:15","guid":{"rendered":"https:\/\/www.ziptuning.com\/dev\/?page_id=83101"},"modified":"2023-03-15T10:57:56","modified_gmt":"2023-03-15T10:57:56","slug":"dimsport","status":"publish","type":"page","link":"https:\/\/www.ziptuning.com\/es\/tuning-tools\/dimsport\/","title":{"rendered":"DIMSPORT"},"content":{"rendered":"<p>Hemos estado utilizando Dimsport durante m\u00e1s de 10 a\u00f1os y podemos darle toda la informaci\u00f3n sobre el uso de las herramientas de ajuste Dimsport<\/p>\n","protected":false},"excerpt":{"rendered":"<p>Hemos estado utilizando Dimsport durante m\u00e1s de 10 a\u00f1os y podemos darle toda la informaci\u00f3n sobre el uso de las herramientas de ajuste Dimsport<\/p>\n","protected":false},"author":1,"featured_media":0,"parent":83020,"menu_order":3,"comment_status":"closed","ping_status":"closed","template":"","meta":{"_acf_changed":false,"footnotes":""},"class_list":["post-83101","page","type-page","status-publish","hentry"],"acf":[],"_links":{"self":[{"href":"https:\/\/www.ziptuning.com\/es\/wp-json\/wp\/v2\/pages\/83101","targetHints":{"allow":["GET"]}}],"collection":[{"href":"https:\/\/www.ziptuning.com\/es\/wp-json\/wp\/v2\/pages"}],"about":[{"href":"https:\/\/www.ziptuning.com\/es\/wp-json\/wp\/v2\/types\/page"}],"author":[{"embeddable":true,"href":"https:\/\/www.ziptuning.com\/es\/wp-json\/wp\/v2\/users\/1"}],"replies":[{"embeddable":true,"href":"https:\/\/www.ziptuning.com\/es\/wp-json\/wp\/v2\/comments?post=83101"}],"version-history":[{"count":1,"href":"https:\/\/www.ziptuning.com\/es\/wp-json\/wp\/v2\/pages\/83101\/revisions"}],"predecessor-version":[{"id":286852,"href":"https:\/\/www.ziptuning.com\/es\/wp-json\/wp\/v2\/pages\/83101\/revisions\/286852"}],"up":[{"embeddable":true,"href":"https:\/\/www.ziptuning.com\/es\/wp-json\/wp\/v2\/pages\/83020"}],"wp:attachment":[{"href":"https:\/\/www.ziptuning.com\/es\/wp-json\/wp\/v2\/media?parent=83101"}],"curies":[{"name":"wp","href":"https:\/\/api.w.org\/{rel}","templated":true}]}}