{"id":83070,"date":"2018-07-20T09:49:45","date_gmt":"2018-07-20T09:49:45","guid":{"rendered":"https:\/\/www.ziptuning.com\/dev\/?page_id=83070"},"modified":"2023-03-15T10:57:44","modified_gmt":"2023-03-15T10:57:44","slug":"launch-control-manual-gearbox","status":"publish","type":"page","link":"https:\/\/www.ziptuning.com\/es\/tuning-file\/launch-control-manual-gearbox\/","title":{"rendered":"Control de lanzamiento (transmisi\u00f3n manual)"},"content":{"rendered":"<p>Arrancar un coche con una caja de cambios manual suele requerir m\u00e1s habilidad que hacerlo con una autom\u00e1tica, pero tambi\u00e9n conlleva el problema inherente de tener que esperar a que el turbo aumente de potencia. Mientras que muchas cajas de cambios autom\u00e1ticas tienen modos de control de lanzamiento que permiten la acumulaci\u00f3n de turbo mientras el coche est\u00e1 parado, las manuales carecen en su mayor\u00eda de dicha funcionalidad. Esto significa que pierden algo de tiempo fuera de la marca, mientras que el turbo se carga para proporcionar el impulso necesario. Sin embargo, nuestro tuning para el control de lanzamiento de la caja de cambios manual le permite disfrutar de los beneficios del control de lanzamiento, incluso en los manuales.<img loading=\"lazy\" decoding=\"async\" src=\"https:\/\/www.ziptuning.com\/es\/wp-content\/uploads\/sites\/3\/2023\/03\/launch-control-ziptuning-1.jpg\" alt=\"Launch Control (Manual Transmission)\" width=\"1000\" height=\"563\" class=\"aligncenter size-full wp-image-268254\" \/>Despu\u00e9s de nuestro tuning, todo lo que necesita hacer para eliminar el retraso del turbo y disfrutar de la aceleraci\u00f3n a la velocidad del rayo es mantener el acelerador y el embrague al mismo tiempo. Las revoluciones subir\u00e1n hasta el nivel que establezcamos y no lo superar\u00e1n, d\u00e1ndote el empuje deseado sin ir demasiado lejos y perder tiempo en un patinaje excesivo de las ruedas. <\/p>\n<p>Una vez que est\u00e9s listo para salir disparado, simplemente suelta el embrague y experimenta el impulso inmediato del turbo preparado y el control total del l\u00edmite predefinido de RPM.<\/p>\n<div class=\"call-to-action-box\">\n<div class=\"col\">\n<h3>\u00bfTe gusta lo que ves? Obtener archivos de ajuste de control de lanzamiento para cajas de cambios manuales<\/h3>\n<\/div>\n<div class=\"col\"><a href=\"https:\/\/portal.ziptuning.com\/register\" class=\"call-reg\" target=\"_blank\" rel=\"noopener\">Reg\u00edstrese ahora<\/a><span> o ya tiene una cuenta, <a href=\"https:\/\/portal.ziptuning.com\/\" class=\"call-login\" target=\"_blank\" rel=\"noopener\">inicie sesi\u00f3n ahora<\/a><\/span><\/div>\n<\/div>\n","protected":false},"excerpt":{"rendered":"<p>Arrancar un coche con una caja de cambios manual suele requerir m\u00e1s habilidad que hacerlo con una autom\u00e1tica, pero tambi\u00e9n conlleva el problema inherente de tener que esperar a que el turbo aumente de potencia. Mientras que muchas cajas de cambios autom\u00e1ticas tienen modos de control de lanzamiento que permiten la acumulaci\u00f3n de turbo mientras<\/p>\n","protected":false},"author":1,"featured_media":286835,"parent":83015,"menu_order":8,"comment_status":"closed","ping_status":"closed","template":"","meta":{"_acf_changed":false,"footnotes":""},"class_list":["post-83070","page","type-page","status-publish","has-post-thumbnail","hentry"],"acf":[],"_links":{"self":[{"href":"https:\/\/www.ziptuning.com\/es\/wp-json\/wp\/v2\/pages\/83070","targetHints":{"allow":["GET"]}}],"collection":[{"href":"https:\/\/www.ziptuning.com\/es\/wp-json\/wp\/v2\/pages"}],"about":[{"href":"https:\/\/www.ziptuning.com\/es\/wp-json\/wp\/v2\/types\/page"}],"author":[{"embeddable":true,"href":"https:\/\/www.ziptuning.com\/es\/wp-json\/wp\/v2\/users\/1"}],"replies":[{"embeddable":true,"href":"https:\/\/www.ziptuning.com\/es\/wp-json\/wp\/v2\/comments?post=83070"}],"version-history":[{"count":1,"href":"https:\/\/www.ziptuning.com\/es\/wp-json\/wp\/v2\/pages\/83070\/revisions"}],"predecessor-version":[{"id":286834,"href":"https:\/\/www.ziptuning.com\/es\/wp-json\/wp\/v2\/pages\/83070\/revisions\/286834"}],"up":[{"embeddable":true,"href":"https:\/\/www.ziptuning.com\/es\/wp-json\/wp\/v2\/pages\/83015"}],"wp:featuredmedia":[{"embeddable":true,"href":"https:\/\/www.ziptuning.com\/es\/wp-json\/wp\/v2\/media\/286835"}],"wp:attachment":[{"href":"https:\/\/www.ziptuning.com\/es\/wp-json\/wp\/v2\/media?parent=83070"}],"curies":[{"name":"wp","href":"https:\/\/api.w.org\/{rel}","templated":true}]}}