{"id":83053,"date":"2018-07-20T09:36:14","date_gmt":"2018-07-20T09:36:14","guid":{"rendered":"https:\/\/www.ziptuning.com\/dev\/?page_id=83053"},"modified":"2023-03-15T10:57:42","modified_gmt":"2023-03-15T10:57:42","slug":"winols-reseller","status":"publish","type":"page","link":"https:\/\/www.ziptuning.com\/es\/tuning-file\/winols-reseller\/","title":{"rendered":"WINOLS REVENDEDOR \/ BASE DE DATOS OLSX"},"content":{"rendered":"<h2>\u00bfQu\u00e9 es WinOLS?<\/h2>\n<p>Es una aplicaci\u00f3n para editar el software de la ECU desarrollada por EVC y que se ha convertido en el est\u00e1ndar de la industria. Ha sido, durante muchos a\u00f1os, el mejor editor hexadecimal del mercado para tuners profesionales. Ahora EVC expandi\u00f3 Winols con el plugin de revendedor, que permite a otros usuarios descargar los proyectos de archivos de tuning desarrollados en ZIP desde nuestra base de datos OLSx.<\/p>\n<ul>\n<li>Archivos de tuning para coche, moto, camiones y agricultura<\/li>\n<li>Mappacks<\/li>\n<li>Super mappacks<\/li>\n<\/ul>\n<h2>Ziptuning &#8211; Winols OLSx revendedor<\/h2>\n<p><b><i class=\"fa fa-check-square\" aria-hidden=\"true\"><\/i> Mayor base de datos de archivos de sintonizaci\u00f3n<\/b>Con 45.000 proyectos de archivos de sintonizaci\u00f3n en que son (entre) los mayores proveedores de proyecto olsx en EVC Winols sistema de revendedores.<b><i class=\"fa fa-check-square\" aria-hidden=\"true\"><\/i> Siempre actualizada hasta la fecha<\/b>Todos los proyectos son verificados y probados archivos de sintonizaci\u00f3n. Estamos actualizando la base de datos con aproximadamente 1000 archivos al mes.<b><i class=\"fa fa-check-square\" aria-hidden=\"true\"><\/i> Conectarse a Win<\/b>ols revendedor Puede conectarse a nuestro servicio de archivos <a href=\"https:\/\/portal.ziptuning.com\/\" target=\"_blank\" rel=\"noopener\">aqu\u00ed<\/a>Usted ser\u00e1 conectado autom\u00e1ticamente y usted puede comprar directamente cr\u00e9ditos y archivos de sintonizaci\u00f3n.<b><i class=\"fa fa-check-square\" aria-hidden=\"true\"><\/i> Soporte y<\/b>garant\u00eda Damos soporte completo si un proyecto no da el resultado esperado de forma gratuita. <\/p>\n<h2>\u00bfC\u00f3mo conectar nuestra base de datos OLSx?<\/h2>\n<ul class=\"default-list\">\n<li>Por favor, <a href=\"https:\/\/portal.ziptuning.com\/\" target=\"_blank\" rel=\"noopener\">reg\u00edstrese<\/a> en nuestra p\u00e1gina web e introduzca su n\u00famero de cliente WinOLS durante el registro.<\/li>\n<li>Si ya tiene una cuenta, puede enviarnos un correo electr\u00f3nico con su n\u00famero de cliente WinOLS.<\/li>\n<li>A\u00f1adiremos su n\u00famero de cliente a la base de datos lo antes posible. Por favor, no olvide actualizar y comprar algunos cr\u00e9ditos.<\/li>\n<\/ul>\n<p>Si no utiliza Winols, <a href=\"https:\/\/portal.ziptuning.com\/login\/\" target=\"_blank\" rel=\"noopener\">consulte aqu\u00ed<\/a> nuestro Servicio de archivos autom\u00e1ticos o personalizados. Usuario oficial y revendedor de Winols: 11854<a href=\"https:\/\/www.evc.de\/en\/check_evc_license.asp?k=jsH%2fqVxde48n3U2PH0XA6Q%3d%3d\" target=\"_blank\" rel=\"noopener noreferrer\"><img decoding=\"async\" src=\"https:\/\/www.ziptuning.com\/es\/wp-content\/uploads\/sites\/3\/2023\/03\/check_evc_license_image.png\"><\/a><\/p>\n","protected":false},"excerpt":{"rendered":"<p>\u00bfQu\u00e9 es WinOLS? Es una aplicaci\u00f3n para editar el software de la ECU desarrollada por EVC y que se ha convertido en el est\u00e1ndar de la industria. Ha sido, durante muchos a\u00f1os, el mejor editor hexadecimal del mercado para tuners profesionales. Ahora EVC expandi\u00f3 Winols con el plugin de revendedor, que permite a otros usuarios<\/p>\n","protected":false},"author":1,"featured_media":286831,"parent":83015,"menu_order":3,"comment_status":"closed","ping_status":"closed","template":"","meta":{"_acf_changed":false,"footnotes":""},"class_list":["post-83053","page","type-page","status-publish","has-post-thumbnail","hentry"],"acf":[],"_links":{"self":[{"href":"https:\/\/www.ziptuning.com\/es\/wp-json\/wp\/v2\/pages\/83053","targetHints":{"allow":["GET"]}}],"collection":[{"href":"https:\/\/www.ziptuning.com\/es\/wp-json\/wp\/v2\/pages"}],"about":[{"href":"https:\/\/www.ziptuning.com\/es\/wp-json\/wp\/v2\/types\/page"}],"author":[{"embeddable":true,"href":"https:\/\/www.ziptuning.com\/es\/wp-json\/wp\/v2\/users\/1"}],"replies":[{"embeddable":true,"href":"https:\/\/www.ziptuning.com\/es\/wp-json\/wp\/v2\/comments?post=83053"}],"version-history":[{"count":1,"href":"https:\/\/www.ziptuning.com\/es\/wp-json\/wp\/v2\/pages\/83053\/revisions"}],"predecessor-version":[{"id":286830,"href":"https:\/\/www.ziptuning.com\/es\/wp-json\/wp\/v2\/pages\/83053\/revisions\/286830"}],"up":[{"embeddable":true,"href":"https:\/\/www.ziptuning.com\/es\/wp-json\/wp\/v2\/pages\/83015"}],"wp:featuredmedia":[{"embeddable":true,"href":"https:\/\/www.ziptuning.com\/es\/wp-json\/wp\/v2\/media\/286831"}],"wp:attachment":[{"href":"https:\/\/www.ziptuning.com\/es\/wp-json\/wp\/v2\/media?parent=83053"}],"curies":[{"name":"wp","href":"https:\/\/api.w.org\/{rel}","templated":true}]}}