{"id":83033,"date":"2018-07-20T05:05:47","date_gmt":"2018-07-20T05:05:47","guid":{"rendered":"https:\/\/www.ziptuning.com\/dev\/?page_id=83033"},"modified":"2023-03-15T10:57:34","modified_gmt":"2023-03-15T10:57:34","slug":"file-service","status":"publish","type":"page","link":"https:\/\/www.ziptuning.com\/es\/tuning-file\/file-service\/","title":{"rendered":"Servicio de archivos"},"content":{"rendered":"<h2>Servicio de archivos ZIPtuning:<\/h2>\n<h2>R\u00e1pido, fiable y a un precio razonable<\/h2>\n<p>Ofrecemos archivos de sintonizaci\u00f3n de calidad y 100% probado DPF y EGR fuera de soluciones. Durante seis d\u00edas a la semana tenemos cuatro ingenieros dedicados trabajando en nuestro servicio de archivos.<\/p>\n<h3>Calidad<\/h3>\n<p>Todas las calibraciones est\u00e1n basadas en datos y desarrolladas en banco de potencia despu\u00e9s de consistentes registros de datos y pruebas.<\/p>\n<h3>Soporte<\/h3>\n<p>Usted puede comunicarse directamente con los ingenieros a trav\u00e9s de Skype o Whatsapp y trabajamos con un sistema de apoyo donde todos los comentarios ser\u00e1n tratados adecuadamente. El servicio de archivos est\u00e1 abierto de lunes a s\u00e1bado de 07.00 AM &#8211; 06.00 PM. Todos los archivos de sintonizaci\u00f3n ser\u00e1n entregados dentro de los 30 minutos despu\u00e9s de la carga y la compra de cr\u00e9ditos suficientes. Peticiones especiales y borrado de sensores pueden tardar m\u00e1s. Normalmente los archivos de DPF y EGR estar\u00e1n listos en 30 minutos tambi\u00e9n, pero debido a la gran variedad de versiones de software puede tardar m\u00e1s tiempo. Por favor <a href=\"https:\/\/portal.ziptuning.com\" target=\"_blank\" rel=\"noopener\">reg\u00edstrese<\/a> en nuestro sitio web y comience a utilizar nuestro servicio de archivos.<\/p>\n<div class=\"call-to-action-box\">\n<div class=\"col\">\n<h3>Disfrute de nuestra experiencia y soporte con nuestro servicio de archivos<\/h3>\n<\/div>\n<div class=\"col\"><a href=\"https:\/\/portal.ziptuning.com\/register\" class=\"call-reg\" target=\"_blank\" rel=\"noopener\">Reg\u00edstrese ahora<\/a><span> o ya tiene una cuenta, <a href=\"https:\/\/portal.ziptuning.com\/\" class=\"call-login\" target=\"_blank\" rel=\"noopener\">Inicie sesi\u00f3n ahora<\/a><\/span><\/div>\n<\/div>\n","protected":false},"excerpt":{"rendered":"<p>Servicio de archivos ZIPtuning: R\u00e1pido, fiable y a un precio razonable Ofrecemos archivos de sintonizaci\u00f3n de calidad y 100% probado DPF y EGR fuera de soluciones. Durante seis d\u00edas a la semana tenemos cuatro ingenieros dedicados trabajando en nuestro servicio de archivos. Calidad Todas las calibraciones est\u00e1n basadas en datos y desarrolladas en banco de<\/p>\n","protected":false},"author":1,"featured_media":0,"parent":83015,"menu_order":0,"comment_status":"closed","ping_status":"closed","template":"","meta":{"_acf_changed":false,"footnotes":""},"class_list":["post-83033","page","type-page","status-publish","hentry"],"acf":[],"_links":{"self":[{"href":"https:\/\/www.ziptuning.com\/es\/wp-json\/wp\/v2\/pages\/83033","targetHints":{"allow":["GET"]}}],"collection":[{"href":"https:\/\/www.ziptuning.com\/es\/wp-json\/wp\/v2\/pages"}],"about":[{"href":"https:\/\/www.ziptuning.com\/es\/wp-json\/wp\/v2\/types\/page"}],"author":[{"embeddable":true,"href":"https:\/\/www.ziptuning.com\/es\/wp-json\/wp\/v2\/users\/1"}],"replies":[{"embeddable":true,"href":"https:\/\/www.ziptuning.com\/es\/wp-json\/wp\/v2\/comments?post=83033"}],"version-history":[{"count":1,"href":"https:\/\/www.ziptuning.com\/es\/wp-json\/wp\/v2\/pages\/83033\/revisions"}],"predecessor-version":[{"id":286819,"href":"https:\/\/www.ziptuning.com\/es\/wp-json\/wp\/v2\/pages\/83033\/revisions\/286819"}],"up":[{"embeddable":true,"href":"https:\/\/www.ziptuning.com\/es\/wp-json\/wp\/v2\/pages\/83015"}],"wp:attachment":[{"href":"https:\/\/www.ziptuning.com\/es\/wp-json\/wp\/v2\/media?parent=83033"}],"curies":[{"name":"wp","href":"https:\/\/api.w.org\/{rel}","templated":true}]}}