{"id":279365,"date":"2020-09-12T18:08:13","date_gmt":"2020-09-12T16:08:13","guid":{"rendered":"https:\/\/www.ziptuning.com\/?page_id=279365"},"modified":"2023-03-15T10:59:08","modified_gmt":"2023-03-15T10:59:08","slug":"b-codes-diagnostic-trouble-codes","status":"publish","type":"page","link":"https:\/\/www.ziptuning.com\/es\/tuning-file\/dtc-removal-service\/b-codes-diagnostic-trouble-codes\/","title":{"rendered":"C\u00f3digos B &#8211; C\u00f3digos de diagn\u00f3stico de problemas"},"content":{"rendered":"","protected":false},"excerpt":{"rendered":"","protected":false},"author":1,"featured_media":0,"parent":279349,"menu_order":0,"comment_status":"closed","ping_status":"closed","template":"","meta":{"_acf_changed":false,"footnotes":""},"class_list":["post-279365","page","type-page","status-publish","hentry"],"acf":[],"_links":{"self":[{"href":"https:\/\/www.ziptuning.com\/es\/wp-json\/wp\/v2\/pages\/279365","targetHints":{"allow":["GET"]}}],"collection":[{"href":"https:\/\/www.ziptuning.com\/es\/wp-json\/wp\/v2\/pages"}],"about":[{"href":"https:\/\/www.ziptuning.com\/es\/wp-json\/wp\/v2\/types\/page"}],"author":[{"embeddable":true,"href":"https:\/\/www.ziptuning.com\/es\/wp-json\/wp\/v2\/users\/1"}],"replies":[{"embeddable":true,"href":"https:\/\/www.ziptuning.com\/es\/wp-json\/wp\/v2\/comments?post=279365"}],"version-history":[{"count":1,"href":"https:\/\/www.ziptuning.com\/es\/wp-json\/wp\/v2\/pages\/279365\/revisions"}],"predecessor-version":[{"id":286959,"href":"https:\/\/www.ziptuning.com\/es\/wp-json\/wp\/v2\/pages\/279365\/revisions\/286959"}],"up":[{"embeddable":true,"href":"https:\/\/www.ziptuning.com\/es\/wp-json\/wp\/v2\/pages\/279349"}],"wp:attachment":[{"href":"https:\/\/www.ziptuning.com\/es\/wp-json\/wp\/v2\/media?parent=279365"}],"curies":[{"name":"wp","href":"https:\/\/api.w.org\/{rel}","templated":true}]}}