{"id":279349,"date":"2020-09-12T18:01:30","date_gmt":"2020-09-12T16:01:30","guid":{"rendered":"https:\/\/www.ziptuning.com\/?page_id=279349"},"modified":"2024-08-30T07:45:09","modified_gmt":"2024-08-30T07:45:09","slug":"dtc-removal-service","status":"publish","type":"page","link":"https:\/\/www.ziptuning.com\/es\/tuning-file\/dtc-removal-service\/","title":{"rendered":"Servicio de eliminaci\u00f3n de DTC"},"content":{"rendered":"<p>Eliminar ciertos DTCs (C\u00f3digos de Problemas de Diagn\u00f3stico o C\u00f3digos de Problemas de Datos) son c\u00f3digos OBD2 que informan al conductor de que hay un problema en el coche y gu\u00edan al mec\u00e1nico para descubrir cu\u00e1l es el problema y c\u00f3mo resolverlo.<\/p>\n<ul>\n<li><a href=\"#anchor1\">\u00bfEs Seguro Eliminar un DTC?<\/a><\/li>\n<li><a href=\"#anchor2\">Qu\u00e9 Significa el DTC<\/a><\/li>\n<li><a href=\"#anchor3\">Qu\u00e9 Sucede Cuando se Elimina un DTC<\/a><\/li>\n<li><a href=\"#anchor9\">DTC (C\u00f3digos de Problemas de Diagn\u00f3stico)<\/a><\/li>\n<\/ul>\n<p><a name=\"anchor1\"><\/a><\/p>\n<h2>\u00bfEs Seguro Eliminar un DTC?<\/h2>\n<p>Cada DTC est\u00e1 dise\u00f1ado para informarte de que hay un problema en el sistema y que se necesita hacer algo para solucionarlo. Sin embargo, en algunos casos, los DTCs activan luces en el tablero de instrumentos, aunque en realidad no haya ning\u00fan problema.<\/p>\n<p>La reprogramaci\u00f3n es uno de los ejemplos m\u00e1s comunes de esto. Por ejemplo, instalar un downpipe sin catalizador del mercado de accesorios causar\u00e1 que se encienda una luz en el tablero y se genere un DTC. Lo mismo suceder\u00e1 si eliminas las aletas de admisi\u00f3n variables (swirl flaps).<\/p>\n<p>Estos ejemplos, y muchos m\u00e1s, te mostrar\u00e1n por qu\u00e9 a veces es seguro y necesario eliminar ciertos DTCs.<\/p>\n<p>Es importante se\u00f1alar que desactivar un DTC para c\u00f3digos como estos no significa que se deshabilite por completo la luz del tablero. Necesitas que est\u00e9 activa para informarte de cualquier otro problema potencial en el futuro. Las \u00fanicas funciones que se eliminan son las que es seguro y necesario eliminar despu\u00e9s de la reprogramaci\u00f3n.<br \/>\n<a name=\"anchor2\"><\/a><\/p>\n<h2>Qu\u00e9 Significa el DTC<\/h2>\n<p>Existen DTCs est\u00e1ndar y DTCs espec\u00edficos del fabricante. Los primeros son iguales para todos los fabricantes y son f\u00e1cilmente reconocibles. Los segundos son especiales, relacionados con un fabricante y modelo espec\u00edfico.<\/p>\n<p>El primer car\u00e1cter de un DTC te muestra a qu\u00e9 familia pertenece. Las opciones son las siguientes:<\/p>\n<p>&#8211; P para tren motriz<br \/>\n&#8211; C para chasis (incluyendo ABS)<br \/>\n&#8211; B para carrocer\u00eda (incluyendo airbags y aire acondicionado)<br \/>\n&#8211; U para red de usuario<\/p>\n<p>Despu\u00e9s de esto, generalmente hay un n\u00famero, m\u00e1s com\u00fanmente 0 o 1. Si hay un 0, entonces es una falla est\u00e1ndar y gen\u00e9rica que aplica a todos los fabricantes. Si hay un 1, es una falla espec\u00edfica del fabricante.<\/p>\n<p>El n\u00famero que sigue muestra la familia del DTC espec\u00edfico. La lista es la siguiente:<\/p>\n<p>&#8211; 1 es para el sistema de medici\u00f3n de aire y combustible<br \/>\n&#8211; 2 est\u00e1 reservado para fallos en el circuito del inyector<br \/>\n&#8211; 3 es para el sistema de encendido o fallos de encendido<br \/>\n&#8211; 4 es para el control auxiliar de emisiones<br \/>\n&#8211; 5 es para el sistema de control de ralent\u00ed y control de velocidad del veh\u00edculo<br \/>\n&#8211; 6 es para la computadora y salidas auxiliares<br \/>\n&#8211; 7, 8 y 9 est\u00e1n relacionados con la transmisi\u00f3n<br \/>\n&#8211; A, B y C son para sistemas de propulsi\u00f3n h\u00edbridos<br \/>\n<a name=\"anchor3\"><\/a><\/p>\n<h2>Qu\u00e9 Sucede Cuando se Elimina un DTC<\/h2>\n<p>La mejor manera de eliminar un DTC al reprogramar un veh\u00edculo es remapear los datos de la ECU para desactivar permanentemente el c\u00f3digo espec\u00edfico. El DTC eliminado debe estar relacionado con un aspecto que ya no sea relevante para ese veh\u00edculo. Por ejemplo, si eliminas el FAP\/DPF, eliminar el c\u00f3digo que indica un problema con el FAP\/DPF es completamente seguro.<\/p>\n<p>Adem\u00e1s, en el caso de algunos errores espec\u00edficos, no solo aparecer\u00e1n en tu tablero, sino que tambi\u00e9n ser\u00e1n la raz\u00f3n por la que el veh\u00edculo entre en modo de emergencia.<\/p>\n<p>Si tu DTC es eliminado por un profesional y si el DTC eliminado est\u00e1 relacionado con un problema espec\u00edfico causado por la eliminaci\u00f3n de la pieza, o un intercambio por una del mercado de accesorios, esta eliminaci\u00f3n de DTC deber\u00eda ser completamente segura para tu veh\u00edculo.<br \/>\n<a name=\"anchor4\"><\/a><\/p>\n<h2>DTC (C\u00f3digos de Problemas de Diagn\u00f3stico)<\/h2>\n<p>A continuaci\u00f3n, encontrar\u00e1s una lista completa de DTCs. Si tienes problemas para encontrar tu c\u00f3digo y eliminarlo, <a href=\"https:\/\/portal.ziptuning.com\/\" target=\"_blank\" rel=\"noopener\">reg\u00edstrate<\/a> en nuestro portal y <a href=\"\/contact\/\">cont\u00e1ctanos<\/a> para disfrutar de nuestro servicio de primera calidad.<\/p>\n<ul>\n<li><a href=\"\/es\/tuning-file\/dtc-removal-service\/p-codes-diagnostic-trouble-codes\/\">C\u00d3DIGOS P \u2013 C\u00d3DIGOS DE PROBLEMAS DE DIAGN\u00d3STICO<\/a><\/li>\n<li><a href=\"\/es\/tuning-file\/dtc-removal-service\/c-codes-diagnostic-trouble-codes\/\">C\u00d3DIGOS C \u2013 C\u00d3DIGOS DE PROBLEMAS DE DIAGN\u00d3STICO<\/a><\/li>\n<li><a href=\"\/es\/tuning-file\/dtc-removal-service\/b-codes-diagnostic-trouble-codes\/\">C\u00d3DIGOS B \u2013 C\u00d3DIGOS DE PROBLEMAS DE DIAGN\u00d3STICO<\/a><\/li>\n<li><a href=\"\/es\/tuning-file\/dtc-removal-service\/u-codes-diagnostic-trouble-codes\/\">C\u00d3DIGOS U \u2013 C\u00d3DIGOS DE PROBLEMAS DE DIAGN\u00d3STICO<\/a><\/li>\n<\/ul>\n<div class=\"call-to-action-box\">\n<div class=\"col\">\n<h3>\u00bfNecesitas eliminar c\u00f3digos DTC?<\/h3>\n<\/div>\n<div class=\"col\"><a href=\"https:\/\/portal.ziptuning.com\/register\" class=\"call-reg\" target=\"_blank\" rel=\"noopener\">Reg\u00edstrate Ahora<\/a><span> o \u00bfYa tienes una cuenta? <a href=\"https:\/\/portal.ziptuning.com\/\" class=\"call-login\" target=\"_blank\" rel=\"noopener\">Inicia sesi\u00f3n ahora<\/a><\/span><\/div>\n<\/div>\n","protected":false},"excerpt":{"rendered":"<p>Eliminar ciertos DTCs (C\u00f3digos de Problemas de Diagn\u00f3stico o C\u00f3digos de Problemas de Datos) son c\u00f3digos OBD2 que informan al conductor de que hay un problema en el coche y gu\u00edan al mec\u00e1nico para descubrir cu\u00e1l es el problema y c\u00f3mo resolverlo. \u00bfEs Seguro Eliminar un DTC? Qu\u00e9 Significa el DTC Qu\u00e9 Sucede Cuando se<\/p>\n","protected":false},"author":1,"featured_media":0,"parent":83015,"menu_order":0,"comment_status":"closed","ping_status":"closed","template":"","meta":{"_acf_changed":false,"footnotes":""},"class_list":["post-279349","page","type-page","status-publish","hentry"],"acf":[],"_links":{"self":[{"href":"https:\/\/www.ziptuning.com\/es\/wp-json\/wp\/v2\/pages\/279349","targetHints":{"allow":["GET"]}}],"collection":[{"href":"https:\/\/www.ziptuning.com\/es\/wp-json\/wp\/v2\/pages"}],"about":[{"href":"https:\/\/www.ziptuning.com\/es\/wp-json\/wp\/v2\/types\/page"}],"author":[{"embeddable":true,"href":"https:\/\/www.ziptuning.com\/es\/wp-json\/wp\/v2\/users\/1"}],"replies":[{"embeddable":true,"href":"https:\/\/www.ziptuning.com\/es\/wp-json\/wp\/v2\/comments?post=279349"}],"version-history":[{"count":3,"href":"https:\/\/www.ziptuning.com\/es\/wp-json\/wp\/v2\/pages\/279349\/revisions"}],"predecessor-version":[{"id":288201,"href":"https:\/\/www.ziptuning.com\/es\/wp-json\/wp\/v2\/pages\/279349\/revisions\/288201"}],"up":[{"embeddable":true,"href":"https:\/\/www.ziptuning.com\/es\/wp-json\/wp\/v2\/pages\/83015"}],"wp:attachment":[{"href":"https:\/\/www.ziptuning.com\/es\/wp-json\/wp\/v2\/media?parent=279349"}],"curies":[{"name":"wp","href":"https:\/\/api.w.org\/{rel}","templated":true}]}}