{"id":276680,"date":"2020-08-07T09:27:02","date_gmt":"2020-08-07T07:27:02","guid":{"rendered":"https:\/\/www.ziptuning.com\/?page_id=276680"},"modified":"2023-04-26T12:24:42","modified_gmt":"2023-04-26T12:24:42","slug":"faq","status":"publish","type":"page","link":"https:\/\/www.ziptuning.com\/es\/faq\/","title":{"rendered":"PREGUNTAS FRECUENTES"},"content":{"rendered":"<p>Aqu\u00ed encontrar\u00e1 las preguntas y respuestas m\u00e1s frecuentes sobre nuestros servicios y asistencia. Si no encuentra su pregunta, <a href=\"\/contact\/\">p\u00f3ngase en contacto con nosotros<\/a> a trav\u00e9s de Whatsapp o Skype<\/p>\n<div class=\"accordion\">\u00bfQu\u00e9 es chiptuning\/remapping\/ECU flashing?<\/div>\n<div class=\"panel\">\n<p>Todos esos t\u00e9rminos y muchos m\u00e1s que la gente de todo el mundo utilizan para la optimizaci\u00f3n del software instalado en la ECU de su coche (unidad de control electr\u00f3nico). El software de la ECU se utiliza para controlar diversos aspectos del funcionamiento del motor de combusti\u00f3n interna y sirve como cerebro del sistema.<\/p>\n<p>El ajuste de sus par\u00e1metros puede cambiar significativamente la forma en que un coche se conduce, aumentar su potencia, mejorar la respuesta del acelerador y tambi\u00e9n a\u00f1adir algunas caracter\u00edsticas ocultas, tales como <a href=\"\/tuning-file\/pop-bang\/\">pop y bang<\/a>, <a href=\"\/tuning-file\/launch-control-manual-gearbox\/\">control de lanzamiento<\/a> y m\u00e1s. Tambi\u00e9n puede eliminar electr\u00f3nicamente el DPF y la EGR, optimizar el funcionamiento del motor al eliminar los catalizadores, <a href=\"\/tuning-file\/transmission-tuning-tcu-tuning\/gearbox-types-tuning-options-and-benefits\/\">ajustar el funcionamiento de una caja de cambios<\/a> y mucho, mucho m\u00e1s.<\/p>\n<\/div>\n<div class=\"accordion\">\u00bfEs seguro el chiptuning?<\/div>\n<div class=\"panel\">\n<p>Absolutamente, siempre que tu coche est\u00e9 en buenas condiciones y se cumplan los l\u00edmites de seguridad OEM. Por eso es esencial comprar archivos de chiptuning a tuneadores fiables con <a href=\"\/contact\/\">soporte directo<\/a>. Una de las formas de saber si un tuner est\u00e1 familiarizado con los l\u00edmites de las piezas OEM es si ofrece actualizaciones Stage 3. Los sintonizadores que ofrecen actualizaciones de Etapa <a href=\"\/stage-3-project-management\/\">3<\/a> son capaces de producir archivos de sintonizaci\u00f3n de alta calidad para las Etapas 1 y 2.<\/p>\n<\/div>\n<div class=\"accordion\">\u00bfPor qu\u00e9 los fabricantes no afinan sus ECUs?<\/div>\n<div class=\"panel\">\n<p>En realidad, s\u00ed lo hacen. Hoy en d\u00eda en el mercado hay muchos modelos diferentes del mismo coche con el mismo motor, pero con una ligera diferencia en la potencia. En la mayor\u00eda de los casos, la \u00fanica diferencia est\u00e1 en el software. Los fabricantes dejan un poco de espacio para aumentar la potencia en los modelos de edici\u00f3n especial que se venden a un precio m\u00e1s elevado.<\/p>\n<p>En segundo lugar, muchos coches mantienen sus motores tras un lavado de cara, pero tienen un poco m\u00e1s de potencia. Este aumento suele proceder \u00fanicamente de la optimizaci\u00f3n del software.<\/p>\n<p>Por \u00faltimo, la mayor\u00eda de los fabricantes venden sus coches en todo el mundo. Esto significa que tienen que adaptarse a varios mercados con diferentes calidades de combustible. Por esta raz\u00f3n, muchos coches vendidos en todo el mundo ser\u00e1n desintonizados para asegurar que el combustible malo no cause da\u00f1os. Lo mismo ocurre con las distintas normativas sobre emisiones. En los mercados con calidades de combustible controladas o normativas sobre emisiones menos estrictas, esto abre mucho espacio para las mejoras. <\/p>\n<\/div>\n<div class=\"accordion\">\u00bfCu\u00e1nto tarda el chiptuning?<\/div>\n<div class=\"panel\">\n<p>En la mayor\u00eda de los casos, nuestro <a href=\"\/tuning-file\/file-service\/\">servicio de archivos<\/a> individuales tarda entre 10 y 30 minutos en desarrollar un archivo. Antes de eso, tienes que enviarnos el archivo original cuya lectura suele durar unos 15 minutos y, despu\u00e9s de que te enviemos el archivo tuneado, tienes que instalarlo, lo que tambi\u00e9n dura unos 15 minutos.<\/p>\n<p>En algunos casos, la puesta a punto puede durar m\u00e1s, dependiendo de los requisitos espec\u00edficos o de proyectos especiales.<\/p>\n<\/div>\n<div class=\"accordion\">\u00bfPuedo restablecer el software original de mi coche?<\/div>\n<div class=\"panel\">\n<p>S\u00ed, esto se puede hacer en cualquier momento.<\/p>\n<\/div>\n<div class=\"accordion\">\u00bfEs cierto que el tuning puede aumentar la potencia y reducir el consumo de combustible?<\/div>\n<div class=\"panel\">\n<p>S\u00ed, es cierto. Aunque suene contradictorio, el tuning puede hacer ambas cosas al mismo tiempo. La raz\u00f3n es que con m\u00e1s par, el coche necesita menos acelerador y menos tiempo para alcanzar una velocidad determinada y tambi\u00e9n necesita menos acelerador para mantener una velocidad constante.<\/p>\n<p>Sin embargo, para experimentar los mayores beneficios de ahorro de combustible, es importante no cambiar su estilo de conducci\u00f3n de manera significativa despu\u00e9s de la puesta a punto. Esto parece m\u00e1s f\u00e1cil de lo que es, porque la mayor\u00eda de los conductores disfrutar\u00e1n de la potencia extra y conducir\u00e1n de forma m\u00e1s agresiva, especialmente en los primeros meses despu\u00e9s de la puesta a punto.<\/p>\n<\/div>\n<div class=\"accordion\">\u00bfQu\u00e9 coches se pueden sintonizar?<\/div>\n<div class=\"panel\">\n<p>ZIP Tuning ofrece archivos de sintonizaci\u00f3n para <a href=\"\/specifications\/\">casi todas las marcas en el mundo y casi todos sus modelos<\/a>. Tambi\u00e9n podemos sintonizar un gran n\u00famero de motocicletas, embarcaciones, m\u00e1quinas agr\u00edcolas, camiones \/ camiones y mucho m\u00e1s.<\/p>\n<p><a href=\"\/specifications\/\">Busque en nuestra base de datos<\/a> el modelo que est\u00e1 buscando y en el improbable caso de que no encuentre lo que busca, <a href=\"https:\/\/portal.ziptuning.com\/register\" target=\"_blank\" rel=\"noopener\">reg\u00edstrese<\/a> o <a href=\"https:\/\/portal.ziptuning.com\/login\" target=\"_blank\" rel=\"noopener\">inicie<\/a> sesi\u00f3n en nuestro portal y h\u00e1ganos saber lo que necesita. En la gran mayor\u00eda de los casos, podremos prestarle el servicio necesario.<\/p>\n<\/div>\n<div class=\"accordion\">\u00bfTienen Damos\/Super Mappacks?<\/div>\n<div class=\"panel\">\n<p>S\u00ed, ofrecemos Damos <a href=\"\/damos\/\">y<\/a> Super Mappacks. P\u00f3ngase en contacto con nosotros para solicitarlos.<\/p>\n<\/div>\n<div class=\"accordion\">\u00bfTienen archivos de ECU originales?<\/div>\n<div class=\"panel\">\n<p>S\u00ed, tenemos una enorme base de datos de archivos de ECU originales que usted puede comprar de nosotros. Simplemente cargue su identificaci\u00f3n o lectura. Si usted no puede proporcionar estos, nos dan detalles acerca de su coche en nuestra p\u00e1gina de carga de archivos. Por favor, no nos env\u00ede correos electr\u00f3nicos acerca de los archivos originales. Utilice siempre nuestra p\u00e1gina de carga de archivos. No obstante, si desea adquirir tambi\u00e9n un archivo de tuning, en la mayor\u00eda de los casos podemos enviarle el archivo original de forma <b>gratuita<\/b>. En caso de que necesite un archivo VAG aseg\u00farese de enviarnos el n\u00famero de actualizaci\u00f3n de software de 4 d\u00edgitos. Por ejemplo: 1K0035180AG_DE2_0008<\/p>\n<\/div>\n<div class=\"accordion\">\u00bfQu\u00e9 tipo de soporte ofrecen?<\/div>\n<div class=\"panel\">\n<p>La <a href=\"\/contact\/\">asistencia directa y en tiempo real<\/a> a nuestros clientes es el orgullo de nuestro servicio. Ofrecemos comunicaci\u00f3n con nuestros ingenieros en tiempo real a trav\u00e9s de WhatsApp o Skype y tambi\u00e9n tenemos soporte por correo electr\u00f3nico y un sistema de tickets en nuestro portal de sintonizadores.<\/p>\n<\/div>\n<div class=\"accordion\">\u00bfEn qu\u00e9 se diferencian las herramientas de tuning Master y Slave?<\/div>\n<div class=\"panel\">\n<p>Unas herramientas de <a href=\"\/tuning-tools\/\">tuning<\/a> buenas, originales y fiables son esenciales para un buen proyecto de tuning.<\/p>\n<p>Las herramientas esclavas s\u00f3lo pueden leer el software de la ECU e instalarlo. No se pueden utilizar para ajustar el archivo real, pero s\u00f3lo para leer y escribir. Esto las hace mucho m\u00e1s asequibles.<\/p>\n<p>Las herramientas Master son usadas normalmente por la gente que desarrolla y personaliza archivos de tuning, ya que el precio extra se justifica por la capacidad de abrir y ajustar el software dentro del archivo de la ECU.<\/p>\n<p>Lee m\u00e1s sobre las diferentes herramientas de tuning <a href=\"\/tuning-tools\/chiptuning-tools-reviews\/\">AQU\u00cd<\/a>.<\/p>\n<\/div>\n<div class=\"accordion\">\u00bfD\u00f3nde puedo encontrar sus precios?<\/div>\n<div class=\"panel\">\n<p>Acceda a nuestro portal de sintonizadores y solicite all\u00ed nuestros \u00faltimos precios.<\/p>\n<\/div>\n<div class=\"accordion\">\u00bfPor qu\u00e9 sus precios no se encuentran en el sitio web de ajuste ZIP?<\/div>\n<div class=\"panel\">\n<p>A trav\u00e9s de los a\u00f1os hemos desarrollado relaciones a largo plazo con una serie de profesionales y talleres de sintonizaci\u00f3n muy respetados que compran archivos de sintonizaci\u00f3n de nosotros. Por esta raz\u00f3n, preferir\u00edamos que los propietarios de autom\u00f3viles individuales fueron a uno de sus talleres locales para asegurarse de que todo se hace de la mejor manera posible y utilizando s\u00f3lo herramientas originales. Para nosotros, la seguridad y la fiabilidad son tan importantes como el rendimiento.<\/p>\n<\/div>\n<div class=\"accordion\">\u00bfQu\u00e9 pasa si tengo un problema con mi archivo de tuning?<\/div>\n<div class=\"panel\">\n<p>Nosotros lo arreglamos. S\u00f3lo tienes que <a href=\"\/contact\/\">ponerte en contacto con nosotros<\/a> a trav\u00e9s de uno de los canales de asistencia mencionados anteriormente y solucionaremos cualquier problema que puedas tener. En el caso muy improbable de que no haya soluci\u00f3n para tu caso particular, te devolveremos tus cr\u00e9ditos y podr\u00e1s utilizarlos para cualquier proyecto futuro.<\/p>\n<\/div>\n<div class=\"accordion\">\u00bfEst\u00e1n sus archivos probados\/dinotestados?<\/div>\n<div class=\"panel\">\n<p>S\u00ed, casi todos y cada uno de ellos han sido probados en un banco de potencia y todos han sido probados en carretera. Contamos con una amplia red de distribuidores, por lo que hemos tenido experiencia con un gran n\u00famero de clientes. Nuestros archivos han sido probados a fondo y meticulosamente afinados para proporcionar la mejor y m\u00e1s segura experiencia de conducci\u00f3n. <\/p>\n<\/div>\n<div class=\"accordion\">\u00bfOfrec\u00e9is archivos Stage 3, ingenier\u00eda inversa, a\u00f1adir c\u00f3digo, antilag, etc?<\/div>\n<div class=\"panel\">\n<p>S\u00ed, tenemos una gran experiencia con todo tipo de proyectos y peticiones especiales, incluyendo Stage 3 e incluso aplicaciones de carreras. S\u00f3lo tenga en cuenta que el tiempo de procesamiento para este tipo de proyectos suele ser m\u00e1s largo.\n<\/p>\n<\/div>\n<div class=\"accordion\">Mi archivo no es original, \u00bfhay alg\u00fan problema?<\/div>\n<div class=\"panel\">\n<p>Normalmente s\u00f3lo trabajamos con archivos totalmente originales. Si no encuentra el archivo original, ind\u00edquenoslo en nuestra pantalla de carga y veremos qu\u00e9 podemos hacer por usted.<\/p>\n<\/div>\n<div class=\"accordion\">\u00bfCalculan la suma de comprobaci\u00f3n o es necesario calcularla?<\/div>\n<div class=\"panel\">\n<p>Depende de la herramienta de ajuste que utilice. Algunas herramientas corrigen la suma de comprobaci\u00f3n, mientras que otras no lo hacen. Si su herramienta no lo hace, h\u00e1ganoslo saber en la p\u00e1gina de carga de archivos y la calcularemos por usted.<\/p>\n<\/div>\n<p><script type=\"application\/ld+json\">\n{\n    \"@context\": \"https:\/\/schema.org\",\n    \"@type\": \"FAQPage\",\n    \"mainEntity\": [\n    {\n    \"@type\": \"Question\",\n    \"name\": \"\u00bfQu\u00e9 es chiptuning\/remapping\/ECU flashing?\",\n    \"acceptedAnswer\": {\n    \"@type\": \"Answer\",\n    \"text\": \"Todos estos t\u00e9rminos y muchos m\u00e1s que se utilizan en todo el mundo hacen referencia a la optimizaci\u00f3n del software instalado en la ECU (unidad de control electr\u00f3nico) del coche. El software de la ECU se utiliza para controlar diversos aspectos del funcionamiento del motor de combusti\u00f3n interna y act\u00faa como cerebro del sistema. Ajustar sus par\u00e1metros puede cambiar significativamente la forma de conducir un coche, aumentar su potencia, mejorar la respuesta del acelerador y tambi\u00e9n a\u00f1adir algunas funciones ocultas como pop and bang, control de lanzamiento y mucho m\u00e1s. Tambi\u00e9n puede eliminar electr\u00f3nicamente el DPF y la EGR, optimizar el funcionamiento del motor al eliminar los catalizadores, ajustar el funcionamiento de una caja de cambios y mucho, mucho m\u00e1s.\"\n    }\n    },\n    {\n    \"@type\": \"Question\",\n    \"name\": \"\u00bfEs seguro el chiptuning?\",\n    \"acceptedAnswer\": {\n    \"@type\": \"Answer\",\n    \"text\": \"Absolutamente, siempre que tu coche est\u00e9 en buenas condiciones y se cumplan los l\u00edmites de seguridad OEM. Por eso es esencial comprar archivos de chiptuning a sintonizadores fiables con soporte directo. Una de las formas de saber si un sintonizador est\u00e1 familiarizado con los l\u00edmites de las piezas OEM es si ofrecen actualizaciones Stage 3. Los sintonizadores que ofrecen actualizaciones de Etapa 3 son capaces de producir archivos de sintonizaci\u00f3n de alta calidad para las Etapas 1 y 2.\"\n    }\n    },\n    {\n    \"@type\": \"Question\",\n    \"name\": \"\u00bfPor qu\u00e9 los fabricantes no ajustan sus ECU?\",\n    \"acceptedAnswer\": {\n    \"@type\": \"Answer\",\n    \"text\": \"La verdad es que s\u00ed. Hoy en d\u00eda existen en el mercado muchos modelos diferentes del mismo coche con el mismo motor, pero con una ligera diferencia de potencia. En la mayor\u00eda de los casos, la \u00fanica diferencia est\u00e1 en el software. Los fabricantes dejan un poco de espacio para aumentar la potencia en los modelos de edici\u00f3n especial que se venden a un precio m\u00e1s alto. En segundo lugar, muchos coches mantienen sus motores tras un lavado de cara, pero tienen un poco m\u00e1s de potencia. Este aumento suele proceder \u00fanicamente de la optimizaci\u00f3n del software. Por \u00faltimo, la mayor\u00eda de los fabricantes venden sus coches en todo el mundo. Esto significa que tienen que adaptarse a varios mercados con diferentes calidades de combustible. Por eso, muchos coches que se venden en todo el mundo se desajustan para que el combustible defectuoso no cause da\u00f1os. Lo mismo ocurre con las distintas normativas sobre emisiones. En los mercados con calidades de combustible controladas o normativas sobre emisiones menos estrictas, esto abre mucho espacio para las mejoras.\"\n    }\n    },{\n            \"@type\": \"Question\",\n            \"name\": \"\u00bfCu\u00e1nto dura el chiptuning?\",\n            \"acceptedAnswer\": {\n              \"@type\": \"Answer\",\n              \"text\": \"En la mayor\u00eda de los casos, nuestro servicio de archivos individuales tarda entre 10 y 30 minutos en desarrollar un archivo. Antes de eso, tiene que enviarnos el archivo original, cuya lectura suele durar unos 15 minutos y, despu\u00e9s de que le enviemos el archivo ajustado, tiene que instalarlo, lo que tambi\u00e9n dura unos 15 minutos. En algunos casos, el ajuste puede durar m\u00e1s, dependiendo de los requisitos espec\u00edficos o de proyectos especiales.\"\n            }\n          },\n          {\n            \"@type\": \"Question\",\n            \"name\": \"\u00bfPuedo restablecer el software original de mi coche?\",\n            \"acceptedAnswer\": {\n              \"@type\": \"Answer\",\n              \"text\": \"S\u00ed, puede hacerse en cualquier momento.\"\n            }\n          },\n          {\n            \"@type\": \"Question\",\n            \"name\": \"\u00bfEs cierto que el tuning puede aumentar la potencia y reducir el consumo de combustible?\",\n            \"acceptedAnswer\": {\n              \"@type\": \"Answer\",\n              \"text\": \"S\u00ed, es cierto. Aunque suene contradictorio, el tuning puede hacer ambas cosas al mismo tiempo. La raz\u00f3n es que con m\u00e1s par, el coche necesita menos acelerador y menos tiempo para alcanzar una velocidad determinada y tambi\u00e9n necesita menos acelerador para mantener una velocidad constante. Sin embargo, para obtener los mayores beneficios de ahorro de combustible, es importante no cambiar significativamente el estilo de conducci\u00f3n despu\u00e9s de la puesta a punto. Esto parece m\u00e1s f\u00e1cil de lo que es, porque la mayor\u00eda de los conductores disfrutar\u00e1n de la potencia extra y conducir\u00e1n de forma m\u00e1s agresiva, especialmente en los primeros meses despu\u00e9s de la puesta a punto.\"\n            }\n          },\n          {\n            \"@type\": \"Question\",\n            \"name\": \"\u00bfQu\u00e9 coches se pueden tunear?\",\n            \"acceptedAnswer\": {\n              \"@type\": \"Answer\",\n              \"text\": \"ZIP Tuning ofrece archivos de sintonizaci\u00f3n para casi todas las marcas en el mundo y casi todos sus modelos. Tambi\u00e9n podemos sintonizar un gran n\u00famero de motocicletas, embarcaciones, m\u00e1quinas agr\u00edcolas, camiones \/ camiones y m\u00e1s. Busque en nuestra base de datos el modelo que est\u00e1 buscando y en el improbable caso de que no encuentre lo que busca, reg\u00edstrese o inicie sesi\u00f3n en nuestro portal y h\u00e1ganos saber lo que necesita. En la gran mayor\u00eda de los casos, podremos prestarle el servicio necesario.\"\n            }\n          },\n          {\n            \"@type\": \"Question\",\n            \"name\": \"\u00bfTienes Damos\/Super Mappacks?\",\n            \"acceptedAnswer\": {\n              \"@type\": \"Answer\",\n              \"text\": \"S\u00ed, ofrecemos Damos y Super Mappacks. P\u00f3ngase en contacto con nosotros.\"\n            }\n          },\n    {\n      \"@type\": \"Question\",\n      \"name\": \"\u00bfTiene archivos originales de la ECU?\",\n      \"acceptedAnswer\": {\n        \"@type\": \"Answer\",\n        \"text\": \"S\u00ed, tenemos una enorme base de datos de archivos ECU originales que usted puede comprar de nosotros. Simplemente cargue su identificaci\u00f3n o lectura. Si usted no puede proporcionar estos, nos dan detalles acerca de su coche en nuestra p\u00e1gina de carga de archivos. Por favor, no nos env\u00ede correos electr\u00f3nicos acerca de los archivos originales. Utilice siempre nuestra p\u00e1gina de carga de archivos.\\n\\nSin embargo, si desea adquirir tambi\u00e9n un archivo de tuning, en la mayor\u00eda de los casos podemos enviarle el archivo original de forma gratuita. En caso de que necesite un archivo VAG, aseg\u00farese de enviarnos el n\u00famero de actualizaci\u00f3n de software de 4 d\u00edgitos. Por ejemplo: 1K0035180AG_DE2_0008\"\n      }\n    },\n    {\n      \"@type\": \"Question\",\n      \"name\": \"\u00bfQu\u00e9 tipo de asistencia ofrecen?\",\n      \"acceptedAnswer\": {\n        \"@type\": \"Answer\",\n        \"text\": \"La asistencia directa y en tiempo real a nuestros clientes es el orgullo de nuestro servicio. Ofrecemos comunicaci\u00f3n con nuestros ingenieros en tiempo real a trav\u00e9s de WhatsApp o Skype y tambi\u00e9n disponemos de asistencia por correo electr\u00f3nico y un sistema de tickets en nuestro portal de sintonizadores.\"\n      }\n    },\n    {\n      \"@type\": \"Question\",\n      \"name\": \"\u00bfEn qu\u00e9 se diferencian las herramientas de ajuste maestro y esclavo?\",\n      \"acceptedAnswer\": {\n        \"@type\": \"Answer\",\n        \"text\": \"Unas herramientas de tuning buenas, originales y fiables son esenciales para un buen proyecto de tuning. Las herramientas de tuning esclavo s\u00f3lo pueden leer el software en la ECU e instalarlo. No se pueden utilizar para ajustar el archivo real, pero s\u00f3lo para leer y escribir. Esto hace que sean mucho m\u00e1s asequibles. Las herramientas maestras suelen ser utilizadas por las personas que desarrollan y personalizan archivos de sintonizaci\u00f3n, ya que el precio extra se justifica por la capacidad de abrir y ajustar el software dentro del archivo de la ECU. M\u00e1s informaci\u00f3n sobre las distintas herramientas de ajuste AQU\u00cd.\"\n      }\n    },\n    {\n      \"@type\": \"Question\",\n      \"name\": \"\u00bfD\u00f3nde puedo encontrar sus precios?\",\n      \"acceptedAnswer\": {\n        \"@type\": \"Answer\",\n        \"text\": \"Acceda a nuestro portal de sintonizadores y solicite all\u00ed nuestros \u00faltimos precios.\"\n      }\n    },{\n      \"@type\": \"Question\",\n      \"name\": \"\u00bfPor qu\u00e9 sus precios no se encuentran en el sitio web de ZIP Tuning?\",\n      \"acceptedAnswer\": {\n        \"@type\": \"Answer\",\n        \"text\": \"A lo largo de los a\u00f1os hemos desarrollado relaciones a largo plazo con una serie de profesionales y talleres de tuning muy respetados que nos compran archivos de tuning. Por esta raz\u00f3n, preferir\u00edamos que los propietarios de coches individuales acudieran a uno de sus talleres locales para asegurarse de que todo se hace de la mejor manera posible y utilizando s\u00f3lo herramientas originales. Para nosotros, la seguridad y la fiabilidad son tan importantes como el rendimiento.\"\n      }\n    },\n    {\n      \"@type\": \"Question\",\n      \"name\": \"\u00bfQu\u00e9 ocurre si tengo un problema con mi archivo de ajuste?\",\n      \"acceptedAnswer\": {\n        \"@type\": \"Answer\",\n        \"text\": \"Nosotros lo arreglamos. S\u00f3lo tienes que ponerte en contacto con nosotros a trav\u00e9s de uno de los canales de asistencia mencionados anteriormente y solucionaremos cualquier problema que puedas tener. En la muy improbable situaci\u00f3n de que no haya soluci\u00f3n para tu caso particular, te devolveremos tus cr\u00e9ditos y podr\u00e1s utilizarlos para cualquier proyecto futuro.\"\n      }\n    },\n    {\n      \"@type\": \"Question\",\n      \"name\": \"\u00bfSe comprueban\/dinotestan sus archivos en carretera?\",\n      \"acceptedAnswer\": {\n        \"@type\": \"Answer\",\n        \"text\": \"S\u00ed, casi todos y cada uno de ellos han sido probados en un banco de potencia y todos han sido probados en carretera. Contamos con una amplia red de concesionarios, por lo que hemos tenido experiencia y comentarios de un gran n\u00famero de clientes. Nuestros archivos han sido probados a fondo y meticulosamente afinados para proporcionar la mejor y m\u00e1s segura experiencia de conducci\u00f3n.\"\n      }\n    },\n    {\n      \"@type\": \"Question\",\n      \"name\": \"\u00bfOfrecen archivos de la fase 3, ingenier\u00eda inversa, adici\u00f3n de c\u00f3digo, antilag, etc.?\",\n      \"acceptedAnswer\": {\n        \"@type\": \"Answer\",\n        \"text\": \"S\u00ed, tenemos una gran experiencia con todo tipo de proyectos y solicitudes especiales, incluidas las de la Fase 3 e incluso las de carreras. Solo hay que tener en cuenta que el tiempo de tramitaci\u00f3n de este tipo de proyectos suele ser mayor.\"\n      }\n    },\n    {\n      \"@type\": \"Question\",\n      \"name\": \"Mi archivo no es original, \u00bfhay alg\u00fan problema?\",\n      \"acceptedAnswer\": {\n        \"@type\": \"Answer\",\n        \"text\": \"Normalmente s\u00f3lo trabajamos con archivos totalmente originales. Si no encuentra el archivo original, ind\u00edquenoslo en nuestra pantalla de carga y veremos qu\u00e9 podemos hacer por usted.\"\n      }\n    },\n    {\n      \"@type\": \"Question\",\n      \"name\": \"\u00bfSe calcula la suma de comprobaci\u00f3n o es necesario calcularla?\",\n      \"acceptedAnswer\": {\n        \"@type\": \"Answer\",\n        \"text\": \"Esto depende de la herramienta de ajuste que est\u00e9 utilizando. Algunas herramientas corrigen la suma de comprobaci\u00f3n, mientras que otras no. Si tu herramienta no lo hace, h\u00e1znoslo saber en la p\u00e1gina de carga de archivos y la calcularemos por ti.\"}\n    }]\n    }<\/script><\/p>\n","protected":false},"excerpt":{"rendered":"<p>Aqu\u00ed encontrar\u00e1 las preguntas y respuestas m\u00e1s frecuentes sobre nuestros servicios y asistencia. Si no encuentra su pregunta, p\u00f3ngase en contacto con nosotros a trav\u00e9s de Whatsapp o Skype \u00bfQu\u00e9 es chiptuning\/remapping\/ECU flashing? Todos esos t\u00e9rminos y muchos m\u00e1s que la gente de todo el mundo utilizan para la optimizaci\u00f3n del software instalado en la<\/p>\n","protected":false},"author":1,"featured_media":0,"parent":0,"menu_order":0,"comment_status":"closed","ping_status":"closed","template":"","meta":{"_acf_changed":false,"footnotes":""},"class_list":["post-276680","page","type-page","status-publish","hentry"],"acf":[],"_links":{"self":[{"href":"https:\/\/www.ziptuning.com\/es\/wp-json\/wp\/v2\/pages\/276680","targetHints":{"allow":["GET"]}}],"collection":[{"href":"https:\/\/www.ziptuning.com\/es\/wp-json\/wp\/v2\/pages"}],"about":[{"href":"https:\/\/www.ziptuning.com\/es\/wp-json\/wp\/v2\/types\/page"}],"author":[{"embeddable":true,"href":"https:\/\/www.ziptuning.com\/es\/wp-json\/wp\/v2\/users\/1"}],"replies":[{"embeddable":true,"href":"https:\/\/www.ziptuning.com\/es\/wp-json\/wp\/v2\/comments?post=276680"}],"version-history":[{"count":7,"href":"https:\/\/www.ziptuning.com\/es\/wp-json\/wp\/v2\/pages\/276680\/revisions"}],"predecessor-version":[{"id":286982,"href":"https:\/\/www.ziptuning.com\/es\/wp-json\/wp\/v2\/pages\/276680\/revisions\/286982"}],"wp:attachment":[{"href":"https:\/\/www.ziptuning.com\/es\/wp-json\/wp\/v2\/media?parent=276680"}],"curies":[{"name":"wp","href":"https:\/\/api.w.org\/{rel}","templated":true}]}}