{"id":276642,"date":"2020-07-29T13:19:47","date_gmt":"2020-07-29T13:19:47","guid":{"rendered":"https:\/\/www.ziptuning.com\/?page_id=276642"},"modified":"2023-03-15T10:59:05","modified_gmt":"2023-03-15T10:59:05","slug":"mmc-flasher","status":"publish","type":"page","link":"https:\/\/www.ziptuning.com\/es\/tuning-tools\/mmc-flasher\/","title":{"rendered":"Intermitente MMC"},"content":{"rendered":"<p>MMC Flasher es una opci\u00f3n muy com\u00fan de los sintonizadores que en su mayor\u00eda tratan con unos pocos fabricantes, pero quieren servicios completos, un funcionamiento fiable y algunas caracter\u00edsticas que s\u00f3lo MMC trae.<\/p>\n<h2>\u00bfQu\u00e9 puede sintonizar?<\/h2>\n<p>Aunque su capacidad no se limita estrictamente a estas marcas, MMC Flasher es m\u00e1s com\u00fanmente utilizado por aquellos que a menudo afinan veh\u00edculos producidos por Honda, Infiniti, Nissan, Ford, Mazda, Hyundai, Kia, Subaru y Mitsubishi.<img loading=\"lazy\" decoding=\"async\" src=\"https:\/\/www.ziptuning.com\/es\/wp-content\/uploads\/sites\/3\/2023\/03\/mmc-flash-1.jpg\" alt=\"MMC Flash\" width=\"200\" height=\"100\" class=\"alignnone size-full wp-image-276643\" \/><\/p>\n<h2>Conectividad<\/h2>\n<p>MMC Flasher puede funcionar a trav\u00e9s de CAN J2534 o K-Line y tambi\u00e9n puede utilizar OpenPort 2.0.<\/p>\n<h2>Caracter\u00edsticas<\/h2>\n<p>Aparte de las capacidades comunes de correcci\u00f3n de sumas de comprobaci\u00f3n, lectura y escritura, MMC Flasher tambi\u00e9n tiene otras ventajas. Por ejemplo, no es necesario crear archivos de descripci\u00f3n XML. Tampoco puedes equivocarte al elegir los tipos de ECU ya que MMC leer\u00e1 autom\u00e1ticamente la memoria flash de la ECU y la comparar\u00e1, haci\u00e9ndote saber si hay alguna diferencia no deseada. <\/p>\n<p>Otro beneficio del MMC Flasher es un gran soporte t\u00e9cnico y actualizaciones muy regulares para nuevos tipos de ECU.<\/p>\n<h2>Relaci\u00f3n calidad-precio<\/h2>\n<p>Si a menudo tuneas una de las marcas soportadas por MMC Flasher, es dif\u00edcil mirar m\u00e1s all\u00e1 de su relaci\u00f3n calidad-precio. La compra inicial, muy asequible, incluye una llave USB, el software y un archivo de ayuda. <\/p>\n<p>El acceso a los diferentes tipos de ECU se realiza a trav\u00e9s de m\u00f3dulos que hay que comprar por separado. Sin embargo, en lugar de comprarlos todos, puedes comprar s\u00f3lo los m\u00f3dulos espec\u00edficos que realmente necesites o incluso un paquete que combine algunos de los m\u00f3dulos que se suelen comprar juntos.<\/p>\n<div class=\"call-to-action-box\">\n<div class=\"col\">\n<h3>Descargue su archivo de ajuste en menos de 60 minutos<\/h3>\n<\/div>\n<div class=\"col\"><a href=\"https:\/\/portal.ziptuning.com\/register\" class=\"call-reg\" target=\"_blank\" rel=\"noopener\">Reg\u00edstrese ahora<\/a><span> o si ya tiene una cuenta, <a href=\"https:\/\/portal.ziptuning.com\/\" class=\"call-login\" target=\"_blank\" rel=\"noopener\">inicie sesi\u00f3n ahora<\/a><\/span><\/div>\n<\/div>\n","protected":false},"excerpt":{"rendered":"<p>MMC Flasher es una opci\u00f3n muy com\u00fan de los sintonizadores que en su mayor\u00eda tratan con unos pocos fabricantes, pero quieren servicios completos, un funcionamiento fiable y algunas caracter\u00edsticas que s\u00f3lo MMC trae. \u00bfQu\u00e9 puede sintonizar? Aunque su capacidad no se limita estrictamente a estas marcas, MMC Flasher es m\u00e1s com\u00fanmente utilizado por aquellos que<\/p>\n","protected":false},"author":1,"featured_media":286952,"parent":83020,"menu_order":0,"comment_status":"closed","ping_status":"closed","template":"","meta":{"_acf_changed":false,"footnotes":""},"class_list":["post-276642","page","type-page","status-publish","has-post-thumbnail","hentry"],"acf":[],"_links":{"self":[{"href":"https:\/\/www.ziptuning.com\/es\/wp-json\/wp\/v2\/pages\/276642","targetHints":{"allow":["GET"]}}],"collection":[{"href":"https:\/\/www.ziptuning.com\/es\/wp-json\/wp\/v2\/pages"}],"about":[{"href":"https:\/\/www.ziptuning.com\/es\/wp-json\/wp\/v2\/types\/page"}],"author":[{"embeddable":true,"href":"https:\/\/www.ziptuning.com\/es\/wp-json\/wp\/v2\/users\/1"}],"replies":[{"embeddable":true,"href":"https:\/\/www.ziptuning.com\/es\/wp-json\/wp\/v2\/comments?post=276642"}],"version-history":[{"count":1,"href":"https:\/\/www.ziptuning.com\/es\/wp-json\/wp\/v2\/pages\/276642\/revisions"}],"predecessor-version":[{"id":286951,"href":"https:\/\/www.ziptuning.com\/es\/wp-json\/wp\/v2\/pages\/276642\/revisions\/286951"}],"up":[{"embeddable":true,"href":"https:\/\/www.ziptuning.com\/es\/wp-json\/wp\/v2\/pages\/83020"}],"wp:featuredmedia":[{"embeddable":true,"href":"https:\/\/www.ziptuning.com\/es\/wp-json\/wp\/v2\/media\/286952"}],"wp:attachment":[{"href":"https:\/\/www.ziptuning.com\/es\/wp-json\/wp\/v2\/media?parent=276642"}],"curies":[{"name":"wp","href":"https:\/\/api.w.org\/{rel}","templated":true}]}}