{"id":276633,"date":"2020-07-29T13:18:59","date_gmt":"2020-07-29T13:18:59","guid":{"rendered":"https:\/\/www.ziptuning.com\/?page_id=276633"},"modified":"2024-09-02T07:32:55","modified_gmt":"2024-09-02T07:32:55","slug":"pcm-flasher","status":"publish","type":"page","link":"https:\/\/www.ziptuning.com\/es\/tuning-tools\/pcm-flasher\/","title":{"rendered":"Intermitente PCM"},"content":{"rendered":"<p>PCM Flasher surgi\u00f3 entre una serie de herramientas mucho m\u00e1s costosas y r\u00e1pidamente se hizo un nombre al ofrecer una amplia gama de servicios seguros y confiables.<\/p>\n<h2>\u00bfQu\u00e9 puede ajustar?<\/h2>\n<p>Puede ajustar una amplia variedad de veh\u00edculos de diferentes marcas y ofrece soluciones de lectura y escritura tanto para la ECU como para la TCU\/ajuste de transmisi\u00f3n. Tambi\u00e9n puedes ajustar archivos bin y vbf, y las c\u00e1lculos autom\u00e1ticos de checksums para archivos bin son compatibles con varios m\u00f3dulos.<\/p>\n<p>Estas caracter\u00edsticas lo convierten en una opci\u00f3n muy vers\u00e1til tanto para profesionales del ajuste como para entusiastas y aficionados, ya que su combinaci\u00f3n de asequibilidad y versatilidad rara vez se encuentra en los fabricantes ya establecidos de herramientas de ajuste.<\/p>\n<p><img loading=\"lazy\" decoding=\"async\" src=\"https:\/\/www.ziptuning.com\/wp-content\/uploads\/2020\/07\/pcmflash-1-300x256.jpg\" alt=\"PCM Flash\" width=\"300\" height=\"256\" class=\"alignnone size-medium wp-image-276636\" srcset=\"https:\/\/www.ziptuning.com\/es\/wp-content\/uploads\/sites\/3\/2020\/07\/pcmflash-1-300x256.jpg 300w, https:\/\/www.ziptuning.com\/es\/wp-content\/uploads\/sites\/3\/2020\/07\/pcmflash-1-768x655.jpg 768w, https:\/\/www.ziptuning.com\/es\/wp-content\/uploads\/sites\/3\/2020\/07\/pcmflash-1-172x147.jpg 172w, https:\/\/www.ziptuning.com\/es\/wp-content\/uploads\/sites\/3\/2020\/07\/pcmflash-1.jpg 1000w\" sizes=\"auto, (max-width: 300px) 100vw, 300px\" \/><\/p>\n<h2>Conectividad<\/h2>\n<p>Funciona a trav\u00e9s de cualquier adaptador compatible con J2534, por supuesto, con los controladores adecuados instalados. Para una mayor tranquilidad, la llave Guardant limita el acceso no autorizado y, por lo tanto, garantiza la seguridad.<\/p>\n<p>El PCM Flasher combina algunas de las mejores caracter\u00edsticas de las herramientas de ajuste, incluida la confiabilidad, la seguridad, una gran cantidad de ECUs y TCUs compatibles y una interfaz f\u00e1cil e intuitiva, todo a uno de los precios m\u00e1s asequibles del mercado.<\/p>\n<div class=\"call-to-action-box\">\n<div class=\"col\">\n<h3>Descarga tu archivo de ajuste en menos de 60 minutos<\/h3>\n<\/div>\n<div class=\"col\"><a href=\"https:\/\/portal.ziptuning.com\/register\" class=\"call-reg\" target=\"_blank\" rel=\"noopener\">Reg\u00edstrate ahora<\/a><span> o \u00bfYa tienes una cuenta? <a href=\"https:\/\/portal.ziptuning.com\/\" class=\"call-login\" target=\"_blank\" rel=\"noopener\">Inicia sesi\u00f3n ahora<\/a><\/span><\/div>\n<\/div>\n","protected":false},"excerpt":{"rendered":"<p>PCM Flasher surgi\u00f3 entre una serie de herramientas mucho m\u00e1s costosas y r\u00e1pidamente se hizo un nombre al ofrecer una amplia gama de servicios seguros y confiables. \u00bfQu\u00e9 puede ajustar? Puede ajustar una amplia variedad de veh\u00edculos de diferentes marcas y ofrece soluciones de lectura y escritura tanto para la ECU como para la TCU\/ajuste<\/p>\n","protected":false},"author":1,"featured_media":286950,"parent":83020,"menu_order":0,"comment_status":"closed","ping_status":"closed","template":"","meta":{"_acf_changed":false,"footnotes":""},"class_list":["post-276633","page","type-page","status-publish","has-post-thumbnail","hentry"],"acf":[],"_links":{"self":[{"href":"https:\/\/www.ziptuning.com\/es\/wp-json\/wp\/v2\/pages\/276633","targetHints":{"allow":["GET"]}}],"collection":[{"href":"https:\/\/www.ziptuning.com\/es\/wp-json\/wp\/v2\/pages"}],"about":[{"href":"https:\/\/www.ziptuning.com\/es\/wp-json\/wp\/v2\/types\/page"}],"author":[{"embeddable":true,"href":"https:\/\/www.ziptuning.com\/es\/wp-json\/wp\/v2\/users\/1"}],"replies":[{"embeddable":true,"href":"https:\/\/www.ziptuning.com\/es\/wp-json\/wp\/v2\/comments?post=276633"}],"version-history":[{"count":2,"href":"https:\/\/www.ziptuning.com\/es\/wp-json\/wp\/v2\/pages\/276633\/revisions"}],"predecessor-version":[{"id":288206,"href":"https:\/\/www.ziptuning.com\/es\/wp-json\/wp\/v2\/pages\/276633\/revisions\/288206"}],"up":[{"embeddable":true,"href":"https:\/\/www.ziptuning.com\/es\/wp-json\/wp\/v2\/pages\/83020"}],"wp:featuredmedia":[{"embeddable":true,"href":"https:\/\/www.ziptuning.com\/es\/wp-json\/wp\/v2\/media\/286950"}],"wp:attachment":[{"href":"https:\/\/www.ziptuning.com\/es\/wp-json\/wp\/v2\/media?parent=276633"}],"curies":[{"name":"wp","href":"https:\/\/api.w.org\/{rel}","templated":true}]}}