{"id":268222,"date":"2020-05-14T14:53:40","date_gmt":"2020-05-14T14:53:40","guid":{"rendered":"https:\/\/www.ziptuning.com\/?page_id=268222"},"modified":"2024-09-02T07:38:26","modified_gmt":"2024-09-02T07:38:26","slug":"connect-your-slave-autotuner-and-kessv2-tools-to-our-master-tool","status":"publish","type":"page","link":"https:\/\/www.ziptuning.com\/es\/connect-your-slave-autotuner-and-kessv2-tools-to-our-master-tool\/","title":{"rendered":"Conecte su sintonizador autom\u00e1tico esclavo y las herramientas KESSv2 a nuestra herramienta maestra"},"content":{"rendered":"<p>Nos enorgullece anunciar que ahora permitimos la conexi\u00f3n de herramientas esclavas Autotuner y KESSv2 a nuestras herramientas maestras.<\/p>\n<p>Mientras que nuestros clientes han podido conectar sus CMD Flashtec y Alientech K-TAG a nuestras herramientas maestras durante mucho tiempo, ahora estamos ofreciendo la misma oportunidad a nuestros clientes que utilizan herramientas esclavas Autotuner y KESSv2. Ahora puedes conectar tus herramientas esclavas Autotuner y KESSv2 a nuestras herramientas maestras y disfrutar de la reconocida calidad de ZIP Tuning, ahora disponible con una versatilidad a\u00fan mayor.<\/p>\n<ul>\n<li><a href=\"#anchor1\">Alientech KESSv2<\/a><\/li>\n<li><a href=\"#anchor2\">Autotuner<\/a><\/li>\n<li><a href=\"#anchor3\">Por qu\u00e9 elegir ZIP Tuning<\/a><\/li>\n<li><a href=\"#anchor4\">C\u00f3mo obtener archivos de ajuste de ZIP Tuning<\/a><\/li>\n<\/ul>\n<p><a name=\"anchor1\"><\/a><\/p>\n<h2>Alientech KESSv2<\/h2>\n<p>Fabricada por Alientech, una de las compa\u00f1\u00edas de herramientas de ajuste m\u00e1s respetadas, la herramienta esclava KESS v2 es una de las herramientas de ajuste m\u00e1s vers\u00e1tiles del mercado hoy en d\u00eda.<\/p>\n<p>Permite escribir archivos en casi cualquier ECU a trav\u00e9s del puerto OBD en pocos minutos. Se puede conectar a la ECU mediante un puerto OBD est\u00e1ndar o, si tu coche tiene un conector no est\u00e1ndar, mediante un cable universal con 5 cables.<\/p>\n<p><img loading=\"lazy\" decoding=\"async\" src=\"https:\/\/www.ziptuning.com\/wp-content\/uploads\/2020\/05\/KESSv2-tool.jpg\" alt=\"\" width=\"1000\" height=\"750\" class=\"aligncenter size-full wp-image-268224\" srcset=\"https:\/\/www.ziptuning.com\/es\/wp-content\/uploads\/sites\/3\/2020\/05\/KESSv2-tool.jpg 1000w, https:\/\/www.ziptuning.com\/es\/wp-content\/uploads\/sites\/3\/2020\/05\/KESSv2-tool-300x225.jpg 300w, https:\/\/www.ziptuning.com\/es\/wp-content\/uploads\/sites\/3\/2020\/05\/KESSv2-tool-768x576.jpg 768w, https:\/\/www.ziptuning.com\/es\/wp-content\/uploads\/sites\/3\/2020\/05\/KESSv2-tool-172x129.jpg 172w\" sizes=\"auto, (max-width: 1000px) 100vw, 1000px\" \/><\/p>\n<p>Te permite leer archivos originales o ajustar coches, pero tambi\u00e9n muchos otros veh\u00edculos y m\u00e1quinas, incluyendo motocicletas, camiones, m\u00e1quinas agr\u00edcolas como tractores o cosechadoras, barcos, scooters de agua y motos acu\u00e1ticas.<\/p>\n<p>Algunos de los beneficios del KESSv2 incluyen:<\/p>\n<ul>\n<li>Correcci\u00f3n autom\u00e1tica de checksum,<\/li>\n<li>Operaci\u00f3n segura, <\/li>\n<li>Actualizaciones regulares para los \u00faltimos modelos,<\/li>\n<li>Manual ilustrado en varios idiomas, <\/li>\n<li>Interfaz intuitiva<\/li>\n<li>Compatibilidad con una gran cantidad de marcas y modelos.<\/li>\n<\/ul>\n<p>Lo que hace que KESSv2 y ZIP Tuning sean la combinaci\u00f3n perfecta es el hecho de que ahora puedes sumergirte en el mundo del ajuste con facilidad y confianza al conectar tu herramienta esclava KESSv2 a nuestra herramienta maestra. De esta manera, puedes disfrutar de nuestros archivos de ajuste personalizados, desarrollados por nuestros ingenieros l\u00edderes en la industria.<\/p>\n<div class=\"call-to-action-box\">\n<div class=\"col\">\n<h3>\u00bfNecesitas conectar tu KESSv2 esclavo a nuestra maestra?<\/h3>\n<\/div>\n<div class=\"col\"><a href=\"https:\/\/portal.ziptuning.com\/register\" class=\"call-reg\" target=\"_blank\" rel=\"noopener\">Reg\u00edstrate ahora<\/a><span> o \u00bfYa tienes una cuenta? <a href=\"https:\/\/portal.ziptuning.com\/\" class=\"call-login\" target=\"_blank\" rel=\"noopener\">Inicia sesi\u00f3n ahora<\/a><\/span><\/div>\n<\/div>\n<p><a name=\"anchor2\"><\/a><\/p>\n<h2>Autotuner<\/h2>\n<p>Siguiendo las \u00faltimas tendencias de la industria y empujando los l\u00edmites de la ingenier\u00eda, la herramienta de ajuste Autotuner es la \u00faltima elecci\u00f3n de muchos afinadores.<\/p>\n<p>Es una herramienta universal que permite el acceso a una gran cantidad de ECUs ya sea a trav\u00e9s del puerto OBD o en modo boot Tricore Infineon (BSL).<\/p>\n<p><img loading=\"lazy\" decoding=\"async\" src=\"https:\/\/www.ziptuning.com\/wp-content\/uploads\/2020\/05\/Autotuner-tool.jpg\" alt=\"\" width=\"1000\" height=\"667\" class=\"aligncenter size-full wp-image-268225\" srcset=\"https:\/\/www.ziptuning.com\/es\/wp-content\/uploads\/sites\/3\/2020\/05\/Autotuner-tool.jpg 1000w, https:\/\/www.ziptuning.com\/es\/wp-content\/uploads\/sites\/3\/2020\/05\/Autotuner-tool-300x200.jpg 300w, https:\/\/www.ziptuning.com\/es\/wp-content\/uploads\/sites\/3\/2020\/05\/Autotuner-tool-768x512.jpg 768w, https:\/\/www.ziptuning.com\/es\/wp-content\/uploads\/sites\/3\/2020\/05\/Autotuner-tool-172x115.jpg 172w, https:\/\/www.ziptuning.com\/es\/wp-content\/uploads\/sites\/3\/2020\/05\/Autotuner-tool-272x182.jpg 272w\" sizes=\"auto, (max-width: 1000px) 100vw, 1000px\" \/><\/p>\n<p>Gracias a su optimizaci\u00f3n dedicada para la comunicaci\u00f3n con la ECU y su procesador Cortex m3, Autotuner es una de las herramientas de ajuste m\u00e1s r\u00e1pidas del mercado. Permite una operaci\u00f3n r\u00e1pida, segura y confiable, permiti\u00e9ndote leer y escribir archivos desde y hacia la ECU con facilidad y confianza.<\/p>\n<p>Algunos de los principales beneficios de la <a href=\"https:\/\/www.autotuner-tool.com\/en\/shop\/order\" target=\"_blank\" rel=\"noopener noreferrer\">herramienta Autotuner<\/a> incluyen:<\/p>\n<ul>\n<li>Actualizaciones regulares gratuitas<\/li>\n<li>Soporte t\u00e9cnico directo<\/li>\n<li>Lectura ultrarr\u00e1pida<\/li>\n<li>Interfaz f\u00e1cil de usar<\/li>\n<li>Instrucciones paso a paso en la secci\u00f3n de ayuda<\/li>\n<li>No requiere suscripci\u00f3n<\/li>\n<li>Actualizaciones para los \u00faltimos modelos<\/li>\n<li>Compatibilidad con una gran cantidad de ECUs y veh\u00edculos<\/li>\n<\/ul>\n<p>Autotuner debe conectarse al menos a una herramienta maestra y la mejor opci\u00f3n para herramientas esclavas Autotuner es la herramienta maestra de ZIP Tuning. Al igual que con KESSv2, K-TAG y CMD Flashtec, la experiencia y la pericia de nuestros ingenieros, el r\u00e1pido tiempo de respuesta y el soporte directo hacen que la operaci\u00f3n r\u00e1pida y segura de las herramientas esclavas Autotuner sea la combinaci\u00f3n perfecta para nuestros archivos de ajuste de primera calidad.<\/p>\n<div class=\"call-to-action-box\">\n<div class=\"col\">\n<h3>\u00bfNecesitas conectar tu Autotuner esclavo a nuestra maestra?<\/h3>\n<\/div>\n<div class=\"col\"><a href=\"https:\/\/portal.ziptuning.com\/register\" class=\"call-reg\" target=\"_blank\" rel=\"noopener\">Reg\u00edstrate ahora<\/a><span> o \u00bfYa tienes una cuenta? <a href=\"https:\/\/portal.ziptuning.com\/\" class=\"call-login\" target=\"_blank\" rel=\"noopener\">Inicia sesi\u00f3n ahora<\/a><\/span><\/div>\n<\/div>\n<p><a name=\"anchor3\"><\/a><\/p>\n<h2>Por qu\u00e9 elegir ZIP Tuning<\/h2>\n<p>Si est\u00e1s en este sitio web, probablemente ya conozcas la respuesta.<\/p>\n<p>Nuestros ingenieros han estado ajustando diversos tipos de veh\u00edculos durante d\u00e9cadas, desde coches de uso diario, hasta aplicaciones de carreras, proyectos elaborados de Etapa 3 y Etapa 4, m\u00e1quinas y veh\u00edculos marinos y agr\u00edcolas e incluso aeronaves.<\/p>\n<p>Somos de los primeros en desarrollar archivos para los veh\u00edculos m\u00e1s recientes y constantemente lanzamos actualizaciones y revisiones para ofrecer a nuestros clientes el mejor servicio posible.<\/p>\n<p>Si alguna vez necesitas orientaci\u00f3n o te encuentras con un problema, ofrecemos soporte directo a trav\u00e9s de correo electr\u00f3nico o <a href=\"https:\/\/web.whatsapp.com\/send?phone=31631961876&#038;text=&#038;source=&#038;data=\" target=\"_blank\" rel=\"noopener\">WhatsApp<\/a> donde uno de nuestros ingenieros est\u00e1 listo para ayudar.<\/p>\n<p><a name=\"anchor4\"><\/a><\/p>\n<h2>C\u00f3mo obtener archivos de ajuste de ZIP Tuning<\/h2>\n<p><a href=\"https:\/\/portal.ziptuning.com\/register\" target=\"_blank\" rel=\"noopener\">Reg\u00edstrate<\/a> en nuestro portal, conecta tu herramienta, obt\u00e9n cr\u00e9ditos y disfruta de la mejor experiencia de ajuste disponible en el mercado ahora, incluso si tienes herramientas esclavas Autotuner o Alientech KESSv2.<\/p>\n","protected":false},"excerpt":{"rendered":"<p>Nos enorgullece anunciar que ahora permitimos la conexi\u00f3n de herramientas esclavas Autotuner y KESSv2 a nuestras herramientas maestras. Mientras que nuestros clientes han podido conectar sus CMD Flashtec y Alientech K-TAG a nuestras herramientas maestras durante mucho tiempo, ahora estamos ofreciendo la misma oportunidad a nuestros clientes que utilizan herramientas esclavas Autotuner y KESSv2. Ahora<\/p>\n","protected":false},"author":1,"featured_media":286905,"parent":0,"menu_order":0,"comment_status":"closed","ping_status":"closed","template":"","meta":{"_acf_changed":false,"footnotes":""},"class_list":["post-268222","page","type-page","status-publish","has-post-thumbnail","hentry"],"acf":[],"_links":{"self":[{"href":"https:\/\/www.ziptuning.com\/es\/wp-json\/wp\/v2\/pages\/268222","targetHints":{"allow":["GET"]}}],"collection":[{"href":"https:\/\/www.ziptuning.com\/es\/wp-json\/wp\/v2\/pages"}],"about":[{"href":"https:\/\/www.ziptuning.com\/es\/wp-json\/wp\/v2\/types\/page"}],"author":[{"embeddable":true,"href":"https:\/\/www.ziptuning.com\/es\/wp-json\/wp\/v2\/users\/1"}],"replies":[{"embeddable":true,"href":"https:\/\/www.ziptuning.com\/es\/wp-json\/wp\/v2\/comments?post=268222"}],"version-history":[{"count":2,"href":"https:\/\/www.ziptuning.com\/es\/wp-json\/wp\/v2\/pages\/268222\/revisions"}],"predecessor-version":[{"id":288207,"href":"https:\/\/www.ziptuning.com\/es\/wp-json\/wp\/v2\/pages\/268222\/revisions\/288207"}],"wp:featuredmedia":[{"embeddable":true,"href":"https:\/\/www.ziptuning.com\/es\/wp-json\/wp\/v2\/media\/286905"}],"wp:attachment":[{"href":"https:\/\/www.ziptuning.com\/es\/wp-json\/wp\/v2\/media?parent=268222"}],"curies":[{"name":"wp","href":"https:\/\/api.w.org\/{rel}","templated":true}]}}