{"id":253037,"date":"2020-01-21T10:35:11","date_gmt":"2020-01-21T10:35:11","guid":{"rendered":"https:\/\/www.ziptuning.com\/?page_id=253037"},"modified":"2023-03-15T10:58:29","modified_gmt":"2023-03-15T10:58:29","slug":"stage-3-project-management","status":"publish","type":"page","link":"https:\/\/www.ziptuning.com\/es\/stage-3-project-management\/","title":{"rendered":"Fase 3 Gesti\u00f3n del proyecto"},"content":{"rendered":"<p>ZIP Tuning tiene d\u00e9cadas de experiencia en el desarrollo de software de la Etapa 3 para los coches de carretera y pista, incluyendo carreras de resistencia. Hemos trabajado en una serie de veh\u00edculos, algunos de los cuales eran superdeportivos incre\u00edbles con m\u00e1s de 1000 caballos de fuerza, incluyendo una serie de <strong>McLaren, BMW M3 y M5, Audi RS, Megane RS, AMG coches<\/strong>&#8230; Etapa 3 proyectos incluyen hardcore piezas de hardware del mercado de accesorios, por lo que esta experiencia nuestra significa que tambi\u00e9n estamos muy bien conectados con los mejores proveedores y fabricantes de piezas y con experiencia en guiarle a trav\u00e9s de cada paso del proceso de ajuste.<\/p>\n<p>Deja que nuestra reputaci\u00f3n, conocimientos y experiencia hagan que tu proyecto de tuning Stage 3 sea lo m\u00e1s seguro y fluido posible. Preparaci\u00f3n Stage<\/p>\n<ul>\n<li><a href=\"#anchor1\">3<\/a><\/li>\n<li><a href=\"#anchor2\">Informaci\u00f3n sobre el<\/a><\/ul>\n<p>hardware del coche<\/p>\n<ul>\n<li><a href=\"#anchor3\">Duraci\u00f3n del proyecto Stage 3<\/a><\/li>\n<li><a href=\"#anchor4\">Herramientas para el registro de<\/a><\/li>\n<\/ul>\n<p>datos<\/p>\n<ul>\n<li><a href=\"#anchor5\">Diferentes niveles de soporte<\/a><\/li>\n<\/ul>\n<p><a name=\"anchor1\"><\/a><\/p>\n<h2>PREPARACI\u00d3N DE LA FASE 3<\/h2>\n<ul>\n<li>Aseg\u00farese de que el veh\u00edculo no tiene fallos y funciona correctamente<\/li>\n<li>Mantenimiento: El aceite, los filtros y las buj\u00edas deben estar nuevos.<\/li>\n<li>Compruebe si hay fugas en el sistema turbo.<\/li>\n<li>\u00bfCaja de cambios autom\u00e1tica o de doble embrague? Comprueba su funcionamiento.<\/li>\n<li>Comprueba los c\u00f3digos de aver\u00eda con un esc\u00e1ner de diagn\u00f3stico tanto en el motor como en la caja de cambios.<\/li>\n<\/ul>\n<p><a name=\"anchor2\"><\/a><\/p>\n<h2>Informaci\u00f3n sobre el hardware del coche<\/h2>\n<p>Cuando subas tu calibraci\u00f3n original al portal ZIP, aseg\u00farate de darnos toda la informaci\u00f3n necesaria sobre el coche. Algunos de los puntos m\u00e1s comunes son<\/p>\n<ul>\n<li>Escape &#8211; \u00bfQu\u00e9 escape tiene el coche? \u00bfCon o sin catalizador?<\/li>\n<li>Intercooler &#8211; \u00bfHas mejorado el intercooler y, en caso afirmativo, cu\u00e1l tienes instalado?<\/li>\n<li>\u00bfHa cambiado los inyectores? \u00bfQu\u00e9 modelo y tama\u00f1o son?<\/li>\n<li>\u00bfHa actualizado el turbo? \u00bfQu\u00e9 turbo tienes instalado?<\/li>\n<li>Cualquier otra mejora o cambio que hayas realizado o cualquier otro punto que consideres importante<\/li>\n<\/ul>\n<p>Le proporcionamos un ARCHIVO BASE para comenzar la fase 3 de puesta a punto y esperamos obtener de usted un registro de datos y, si es posible, tambi\u00e9n una hoja de banco de potencia y par motor. Esta informaci\u00f3n debe ser recopilada en varias etapas, incluyendo el coche de stock, despu\u00e9s de la actualizaci\u00f3n del turbo (y \/ o otras actualizaciones de hardware) y despu\u00e9s de que el archivo de la etapa 3 se ha a\u00f1adido. Podemos darle apoyo directo a distancia durante este proceso y explicar c\u00f3mo recopilar la informaci\u00f3n necesaria. La informaci\u00f3n recopilada nos permite analizar c\u00f3mo funciona el motor durante todo el proceso de puesta a punto y lo que tenemos que centrarnos espec\u00edficamente. No aconsejamos que tome un proyecto en curso sin una especificaci\u00f3n completa del coche y las piezas instaladas.<a name=\"anchor3\"><\/a><\/p>\n<h2>Etapa 3 Duraci\u00f3n del proyecto<\/h2>\n<p>Dependiendo del proyecto y el veh\u00edculo, puede tomar unas pocas horas hasta d\u00edas para terminar un proyecto de la etapa 3. Si el coche est\u00e1 en perfectas condiciones de funcionamiento y dispones de las herramientas adecuadas y te comunicas con nosotros a trav\u00e9s del portal de asistencia, suele ir bastante r\u00e1pido.<a name=\"anchor4\"><\/a><\/p>\n<h2>Herramientas para el registro de datos<\/h2>\n<p>Algunas herramientas que pueden hacer el registro de datos son: Autotuner &#8211; <a href=\"https:\/\/www.autotuner-tool.com\/en\" target=\"_blank\" rel=\"noopener noreferrer\">https:\/\/www.autotuner-tool.com\/en<\/a>Bflash &#8211; <a href=\"https:\/\/www.bflash.eu\/\" rel=\"noopener noreferrer\" target=\"_blank\">https:\/\/www.bflash.eu\/<\/a>CMD &#8211; <a href=\"https:\/\/www.flashtec.ch\/\" rel=\"noopener noreferrer\" target=\"_blank\">https:\/\/www.flashtec.ch\/<\/a>VCDS &#8211; <a href=\"https:\/\/www.ross-tech.com\/\" rel=\"noopener noreferrer\" target=\"_blank\">https:\/\/www.ross-tech.com\/<\/a>Auterra &#8211; <a href=\"http:\/\/www.auterraweb.com\/dynoscan.html\" rel=\"noopener noreferrer\" target=\"_blank\">http:\/\/www.auterraweb.com\/dynoscan.html<\/a> <a name=\"anchor5\"><\/a><\/p>\n<h2>DIFERENTES NIVELES DE ASISTENCIA<\/h2>\n<p>Usted puede elegir el nivel de apoyo de nosotros. Estas son las opciones m\u00e1s comunes:<\/p>\n<ul>\n<li>Comprar un archivo de base y rehacer usted mismo<\/li>\n<li>Comprar Etapa 3 + soporte de archivo de sintonizaci\u00f3n<\/li>\n<li>Comprar la Etapa 3 + asesoramiento sobre hardware + asistencia para el archivo de ajuste<\/li>\n<li>Enviamos a un ingeniero para apoyar el proyecto<\/li>\n<\/ul>\n<div class=\"call-to-action-box\">\n<div class=\"col\">\n<h3>Comienza tu proyecto Stage 3 en Ziptuning: <\/h3>\n<\/div>\n<div class=\"col\"><a href=\"https:\/\/portal.ziptuning.com\/register\" class=\"call-reg\" target=\"_blank\" rel=\"noopener\">Reg\u00edstrese ahora<\/a><span> o Ya tiene una cuenta, <a href=\"https:\/\/portal.ziptuning.com\/\" class=\"call-login\" target=\"_blank\" rel=\"noopener\">Inicie sesi\u00f3n ahora<\/a><\/span><\/div>\n<\/div>\n<p>\u00bfTienes alguna pregunta antes de empezar tu proyecto Stage 3? Agr\u00e9ganos en <a href=\"https:\/\/web.whatsapp.com\/send?phone=31631961876&amp;text=&amp;source=&amp;data=\" target=\"_blank\" rel=\"noopener\">Whatsapp<\/a><\/p>\n","protected":false},"excerpt":{"rendered":"<p>ZIP Tuning tiene d\u00e9cadas de experiencia en el desarrollo de software de la Etapa 3 para los coches de carretera y pista, incluyendo carreras de resistencia. Hemos trabajado en una serie de veh\u00edculos, algunos de los cuales eran superdeportivos incre\u00edbles con m\u00e1s de 1000 caballos de fuerza, incluyendo una serie de McLaren, BMW M3 y<\/p>\n","protected":false},"author":1,"featured_media":0,"parent":0,"menu_order":0,"comment_status":"closed","ping_status":"closed","template":"","meta":{"_acf_changed":false,"footnotes":""},"class_list":["post-253037","page","type-page","status-publish","hentry"],"acf":[],"_links":{"self":[{"href":"https:\/\/www.ziptuning.com\/es\/wp-json\/wp\/v2\/pages\/253037","targetHints":{"allow":["GET"]}}],"collection":[{"href":"https:\/\/www.ziptuning.com\/es\/wp-json\/wp\/v2\/pages"}],"about":[{"href":"https:\/\/www.ziptuning.com\/es\/wp-json\/wp\/v2\/types\/page"}],"author":[{"embeddable":true,"href":"https:\/\/www.ziptuning.com\/es\/wp-json\/wp\/v2\/users\/1"}],"replies":[{"embeddable":true,"href":"https:\/\/www.ziptuning.com\/es\/wp-json\/wp\/v2\/comments?post=253037"}],"version-history":[{"count":1,"href":"https:\/\/www.ziptuning.com\/es\/wp-json\/wp\/v2\/pages\/253037\/revisions"}],"predecessor-version":[{"id":286896,"href":"https:\/\/www.ziptuning.com\/es\/wp-json\/wp\/v2\/pages\/253037\/revisions\/286896"}],"wp:attachment":[{"href":"https:\/\/www.ziptuning.com\/es\/wp-json\/wp\/v2\/media?parent=253037"}],"curies":[{"name":"wp","href":"https:\/\/api.w.org\/{rel}","templated":true}]}}