{"id":252973,"date":"2020-01-08T16:06:28","date_gmt":"2020-01-08T16:06:28","guid":{"rendered":"https:\/\/www.ziptuning.com\/?page_id=252973"},"modified":"2023-03-17T07:40:29","modified_gmt":"2023-03-17T07:40:29","slug":"pricing","status":"publish","type":"page","link":"https:\/\/www.ziptuning.com\/es\/pricing\/","title":{"rendered":"Precios"},"content":{"rendered":"<div class=\"supported-payment-methods\">\n<h3>M\u00e9todos de pago admitidos<\/h3>\n<p><img decoding=\"async\" src=\"https:\/\/www.ziptuning.com\/es\/wp-content\/uploads\/sites\/3\/2023\/03\/ziptuning-payment-methods.svg\" alt=\"ziptuning-supported-payment-methods\" class=\"size-full wp-image-252977\" role=\"img\" \/>\n<\/div>\n<div class=\"tools-pricing-list\">\n<h3>Herramientas de ajuste<\/h3>\n<p>Suministramos archivos y soporte r\u00e1pido para las siguientes herramientas de tuning<\/p>\n<div class=\"col-md-3 hidden-sm hidden-xs\">\n<i class=\"fa fa-check-square\" aria-hidden=\"true\"><\/i> CMD Flashtec<\/br><br \/>\n<i class=\"fa fa-check-square\" aria-hidden=\"true\"><\/i> Autotuner<\/br><br \/>\n<i class=\"fa fa-check-square\" aria-hidden=\"true\"><\/i> Dimsport<\/br><br \/>\n<i class=\"fa fa-check-square\" aria-hidden=\"true\"><\/i> EVC<\/div>\n<div class=\"col-md-3 hidden-sm hidden-xs\">\n<i class=\"fa fa-check-square\" aria-hidden=\"true\"><\/i> Alientech<\/br><br \/>\n<i class=\"fa fa-check-square\" aria-hidden=\"true\"><\/i> Magic<\/br><br \/>\n<i class=\"fa fa-check-square\" aria-hidden=\"true\"><\/i> Frieling<\/br><br \/>\n<i class=\"fa fa-check-square\" aria-hidden=\"true\"><\/i> MPPS\n<\/div>\n<div class=\"col-md-3 hidden-sm hidden-xs\">\n<i class=\"fa fa-check-square\" aria-hidden=\"true\"><\/i> FGTech<\/br><br \/>\n<i class=\"fa fa-check-square\" aria-hidden=\"true\"><\/i> Byteshooter<\/br><br \/>\n<i class=\"fa fa-check-square\" aria-hidden=\"true\"><\/i> FEMTO<\/br><br \/>\n<i class=\"fa fa-check-square\" aria-hidden=\"true\"><\/i> VF2 Flasher<\/div>\n<div class=\"col-md-3 hidden-sm hidden-xs\">\n<i class=\"fa fa-check-square\" aria-hidden=\"true\"><\/i> Bitbox<\/br><br \/>\n<i class=\"fa fa-check-square\" aria-hidden=\"true\"><\/i> PCMFlash<\/br><br \/>\n<i class=\"fa fa-check-square\" aria-hidden=\"true\"><\/i> MMCFlash<\/div>\n<div class=\"clearfix\"><\/div>\n<div class=\"col-sm-6 col-xs-6 hidden-lg hidden-md\"><i class=\"fa fa-check-square\" aria-hidden=\"true\"><\/i> CMD Flashtec<i class=\"fa fa-check-square\" aria-hidden=\"true\"><\/i> Autotuner<i class=\"fa fa-check-square\" aria-hidden=\"true\"><\/i> Dimsport<i class=\"fa fa-check-square\" aria-hidden=\"true\"><\/i> EVC<i class=\"fa fa-check-square\" aria-hidden=\"true\"><\/i> Alientech<i class=\"fa fa-check-square\" aria-hidden=\"true\"><\/i> Magic<i class=\"fa fa-check-square\" aria-hidden=\"true\"><\/i> Bitbox<\/div>\n<div class=\"col-sm-6 col-xs-6 hidden-lg hidden-md\"><i class=\"fa fa-check-square\" aria-hidden=\"true\"><\/i> Frieling<i class=\"fa fa-check-square\" aria-hidden=\"true\"><\/i> MPPS<i class=\"fa fa-check-square\" aria-hidden=\"true\"><\/i> FGTech<i class=\"fa fa-check-square\" aria-hidden=\"true\"><\/i> Byteshooter<i class=\"fa fa-check-square\" aria-hidden=\"true\"><\/i> FEMTO<i class=\"fa fa-check-square\" aria-hidden=\"true\"><\/i> VF2 Flasher<i class=\"fa fa-check-square\" aria-hidden=\"true\"><\/i> PCMFlash<i class=\"fa fa-check-square\" aria-hidden=\"true\"><\/i> MMCFlash<\/div>\n<div class=\"clearfix\"><\/div>\n<\/div>\n<table class=\"table table-striped\">\n<thead>\n<tr>\n<th>Archivos de sintonizaci\u00f3n<\/th>\n<th>Euro<\/th>\n<\/tr>\n<\/thead>\n<tbody>\n<tr>\n<td><i class=\"fa fa-check-circle\" aria-hidden=\"true\"><\/i> Etapa 1 para coches<span class=\"sub-services\"> anteriores a 2005 &#8211; Etapa 1 para coches entre 2006-2011 &#8211; Etapa 1 para coches posteriores a 2012<\/span><\/td>\n<td><a href=\"https:\/\/portal.ziptuning.com\/\" class=\"check-pricing\" target=\"_blank\" rel=\"noopener\">Ver Precios<\/a><\/td>\n<\/tr>\n<tr>\n<td><i class=\"fa fa-check-circle\" aria-hidden=\"true\"><\/i> Tuning coche etapa 2<\/td>\n<td><a href=\"https:\/\/portal.ziptuning.com\/\" class=\"check-pricing\" target=\"_blank\" rel=\"noopener\">Ver precios<\/a><\/td>\n<\/tr>\n<tr>\n<td><i class=\"fa fa-check-circle\" aria-hidden=\"true\"><\/i> Car tuning stage 3 base<span class=\"sub-services\">-Fine tuning (basado en datalogs)<\/span><\/td>\n<td><a href=\"https:\/\/portal.ziptuning.com\/\" class=\"check-pricing\" target=\"_blank\" rel=\"noopener\">Ver Precios<\/a><\/td>\n<\/tr>\n<tr>\n<td><i class=\"fa fa-check-circle\" aria-hidden=\"true\"><\/i> Combinaci\u00f3n archivos stage 1 o stage 2 + borrar archivos<\/td>\n<td><a href=\"https:\/\/portal.ziptuning.com\/\" class=\"check-pricing\" target=\"_blank\" rel=\"noopener\">Ver Precios<\/a><\/td>\n<\/tr>\n<\/tbody>\n<\/table>\n<table class=\"table table-striped\">\n<thead>\n<tr>\n<th>Eliminar archivos<\/th>\n<th>Euro<\/th>\n<\/tr>\n<\/thead>\n<tbody>\n<tr>\n<td><i class=\"fa fa-check-circle\" aria-hidden=\"true\"><\/i> DPF apagado<\/td>\n<td><a href=\"https:\/\/portal.ziptuning.com\/\" class=\"check-pricing\" target=\"_blank\" rel=\"noopener\">Ver Precios<\/a><\/td>\n<\/tr>\n<tr>\n<td><i class=\"fa fa-check-circle\" aria-hidden=\"true\"><\/i> Adblue off<\/td>\n<td><a href=\"https:\/\/portal.ziptuning.com\/\" class=\"check-pricing\" target=\"_blank\" rel=\"noopener\">Ver Precios<\/a><\/td>\n<\/tr>\n<tr>\n<td><i class=\"fa fa-check-circle\" aria-hidden=\"true\"><\/i> VMAX \/ Speedlimit off<\/td>\n<td><a href=\"https:\/\/portal.ziptuning.com\/\" class=\"check-pricing\" target=\"_blank\" rel=\"noopener\">Ver Precios<\/a><\/td>\n<\/tr>\n<tr>\n<td><i class=\"fa fa-check-circle\" aria-hidden=\"true\"><\/i> EGR off<\/td>\n<td><a href=\"https:\/\/portal.ziptuning.com\/\" class=\"check-pricing\" target=\"_blank\" rel=\"noopener\">Ver Precios<\/a><\/td>\n<\/tr>\n<td><i class=\"fa fa-check-circle\" aria-hidden=\"true\"><\/i> DTC Selectivo off<\/td>\n<td><a href=\"https:\/\/portal.ziptuning.com\/\" class=\"check-pricing\" target=\"_blank\" rel=\"noopener\">Ver Precios<\/a><\/td>\n<\/tr>\n<tr>\n<td><i class=\"fa fa-check-circle\" aria-hidden=\"true\"><\/i> DECAT<\/td>\n<td><a href=\"https:\/\/portal.ziptuning.com\/\" class=\"check-pricing\" target=\"_blank\" rel=\"noopener\">Ver Precios<\/a><\/td>\n<\/tr>\n<tr>\n<td><i class=\"fa fa-check-circle\" aria-hidden=\"true\"><\/i> Sistema Start\/Stop off<\/td>\n<td><a href=\"https:\/\/portal.ziptuning.com\/\" class=\"check-pricing\" target=\"_blank\" rel=\"noopener\">Ver precios<\/a><\/td>\n<\/tr>\n<tr>\n<td><i class=\"fa fa-check-circle\" aria-hidden=\"true\"><\/i> NOX off<\/td>\n<td><a href=\"https:\/\/portal.ziptuning.com\/\" class=\"check-pricing\" target=\"_blank\" rel=\"noopener\">Ver Precios<\/a><\/td>\n<\/tr>\n<tr>\n<td><i class=\"fa fa-check-circle\" aria-hidden=\"true\"><\/i> Maff off<\/td>\n<td><a href=\"https:\/\/portal.ziptuning.com\/\" class=\"check-pricing\" target=\"_blank\" rel=\"noopener\">Ver Precios<\/a><\/td>\n<\/tr>\n<tr>\n<td><i class=\"fa fa-check-circle\" aria-hidden=\"true\"><\/i> Flaps off<\/td>\n<td><a href=\"https:\/\/portal.ziptuning.com\/\" class=\"check-pricing\" target=\"_blank\" rel=\"noopener\">Ver precios<\/a><\/td>\n<\/tr>\n<tr>\n<td><i class=\"fa fa-check-circle\" aria-hidden=\"true\"><\/i> Combinaci\u00f3n borrar limas<\/td>\n<td><a href=\"https:\/\/portal.ziptuning.com\/\" class=\"check-pricing\" target=\"_blank\" rel=\"noopener\">Ver Precios<\/a><\/td>\n<\/tr>\n<\/tbody>\n<\/table>\n<table class=\"table table-striped\">\n<thead>\n<tr>\n<th>Otros Ficheros<\/th>\n<th>Euro<\/th>\n<\/tr>\n<\/thead>\n<tbody>\n<tr>\n<td><i class=\"fa fa-check-circle\" aria-hidden=\"true\"><\/i> Ficheros tuning agricultura<\/td>\n<td><a href=\"https:\/\/portal.ziptuning.com\/\" class=\"check-pricing\" target=\"_blank\" rel=\"noopener\">Ver precios<\/a><\/td>\n<\/tr>\n<tr>\n<td><i class=\"fa fa-check-circle\" aria-hidden=\"true\"><\/i> Archivos tuning Camiones<\/td>\n<td><a href=\"https:\/\/portal.ziptuning.com\/\" class=\"check-pricing\" target=\"_blank\" rel=\"noopener\">Ver precios<\/a><\/td>\n<\/tr>\n<tr>\n<td><i class=\"fa fa-check-circle\" aria-hidden=\"true\"><\/i> Archivos tuning motor\/quad<\/td>\n<td><a href=\"https:\/\/portal.ziptuning.com\/\" class=\"check-pricing\" target=\"_blank\" rel=\"noopener\">Ver precios<\/a><\/td>\n<\/tr>\n<tr>\n<td><i class=\"fa fa-check-circle\" aria-hidden=\"true\"><\/i> Archivos tuning barco\/jetski<\/td>\n<td><a href=\"https:\/\/portal.ziptuning.com\/\" class=\"check-pricing\" target=\"_blank\" rel=\"noopener\">Ver precios<\/a><\/td>\n<\/tr>\n<td><i class=\"fa fa-check-circle\" aria-hidden=\"true\"><\/i> NLS cambio no lift<\/td>\n<td><a href=\"https:\/\/portal.ziptuning.com\/\" class=\"check-pricing\" target=\"_blank\" rel=\"noopener\">Ver Precios<\/a><\/td>\n<\/tr>\n<tr>\n<td><i class=\"fa fa-check-circle\" aria-hidden=\"true\"><\/i> Pop and bang (stage 1 \/ stage 2)<\/td>\n<td><a href=\"https:\/\/portal.ziptuning.com\/\" class=\"check-pricing\" target=\"_blank\" rel=\"noopener\">Ver Precios<\/a><\/td>\n<\/tr>\n<tr>\n<td><i class=\"fa fa-check-circle\" aria-hidden=\"true\"><\/i> Escalado de inyector\/MAF\/MAP\/otro<\/td>\n<td><a href=\"https:\/\/portal.ziptuning.com\/\" class=\"check-pricing\" target=\"_blank\" rel=\"noopener\">A petici\u00f3n<\/a><\/td>\n<\/tr>\n<tr>\n<td><i class=\"fa fa-check-circle\" aria-hidden=\"true\"><\/i> Reparaci\u00f3n de arranque en caliente<\/td>\n<td><a href=\"https:\/\/portal.ziptuning.com\/\" class=\"check-pricing\" target=\"_blank\" rel=\"noopener\">Ver precios<\/a><\/td>\n<\/tr>\n<tr>\n<td><i class=\"fa fa-check-circle\" aria-hidden=\"true\"><\/i> Arranque en fr\u00edo \/ apagado catalizador<\/td>\n<td><a href=\"https:\/\/portal.ziptuning.com\/\" class=\"check-pricing\" target=\"_blank\" rel=\"noopener\">Ver precios<\/a><\/td>\n<\/tr>\n<tr>\n<td><i class=\"fa fa-check-circle\" aria-hidden=\"true\"><\/i> Control de aletas de escape<\/td>\n<td><a href=\"https:\/\/portal.ziptuning.com\/\" class=\"check-pricing\" target=\"_blank\" rel=\"noopener\">Ver Precios<\/a><\/td>\n<\/tr>\n<tr>\n<td><i class=\"fa fa-check-circle\" aria-hidden=\"true\"><\/i> Sportbutton tuning<\/td>\n<td><a href=\"https:\/\/portal.ziptuning.com\/\" class=\"check-pricing\" target=\"_blank\" rel=\"noopener\">Ver Precios<\/a><\/td>\n<\/tr>\n<tr>\n<td><i class=\"fa fa-check-circle\" aria-hidden=\"true\"><\/i> Conmutaci\u00f3n de mapas<\/td>\n<td><a href=\"https:\/\/portal.ziptuning.com\/\" class=\"check-pricing\" target=\"_blank\" rel=\"noopener\">Ver Precios<\/a><\/td>\n<\/tr>\n<tr>\n<td><i class=\"fa fa-check-circle\" aria-hidden=\"true\"><\/i> Control de lanzamiento<\/td>\n<td><a href=\"https:\/\/portal.ziptuning.com\/\" class=\"check-pricing\" target=\"_blank\" rel=\"noopener\">Bajo pedido<\/a><\/td>\n<\/tr>\n<tr>\n<td><i class=\"fa fa-check-circle\" aria-hidden=\"true\"><\/i> Protecci\u00f3n DAB<\/td>\n<td><a href=\"https:\/\/portal.ziptuning.com\/\" class=\"check-pricing\" target=\"_blank\" rel=\"noopener\">Ver precios<\/a><\/td>\n<\/tr>\n<tr>\n<td><i class=\"fa fa-check-circle\" aria-hidden=\"true\"><\/i> Antilag real<\/td>\n<td><a href=\"https:\/\/portal.ziptuning.com\/\" class=\"check-pricing\" target=\"_blank\" rel=\"noopener\">Ver precios<\/a><\/td>\n<\/tr>\n<tr>\n<td><i class=\"fa fa-check-circle\" aria-hidden=\"true\"><\/i> REV \/ RPM l\u00edmite superior \/ inferior<\/td>\n<td><a href=\"https:\/\/portal.ziptuning.com\/\" class=\"check-pricing\" target=\"_blank\" rel=\"noopener\">Ver Precios<\/a><\/td>\n<\/tr>\n<tr>\n<td><i class=\"fa fa-check-circle\" aria-hidden=\"true\"><\/i> Limitador Hardcut<\/td>\n<td><a href=\"https:\/\/portal.ziptuning.com\/\" class=\"check-pricing\" target=\"_blank\" rel=\"noopener\">Ver Precios<\/a><\/td>\n<\/tr>\n<tr>\n<td><i class=\"fa fa-check-circle\" aria-hidden=\"true\"><\/i> Stage 1 o 2 + e85<\/td>\n<td><a href=\"https:\/\/portal.ziptuning.com\/\" class=\"check-pricing\" target=\"_blank\" rel=\"noopener\">Ver Precios<\/a><\/td>\n<\/tr>\n<\/tbody>\n<\/table>\n<table class=\"table table-striped\">\n<thead>\n<tr>\n<th>Tuning Caja de Cambios<\/th>\n<th>Euro<\/th>\n<\/tr>\n<\/thead>\n<tbody>\n<tr>\n<td><i class=\"fa fa-check-circle\" aria-hidden=\"true\"><\/i> Stage 1 &#8211;<span class=\"sub-services\"> Puntos de cambio optimizados &#8211; Velocidades de cambio optimizadas &#8211; L\u00edmites de par<\/span><\/td>\n<td><a href=\"https:\/\/portal.ziptuning.com\/\" class=\"check-pricing\" target=\"_blank\" rel=\"noopener\">Ver Precios<\/a><\/td>\n<\/tr>\n<tr>\n<td><i class=\"fa fa-check-circle\" aria-hidden=\"true\"><\/i> Stage 2 &#8211; Puntos de cambio optimizados &#8211; Velocidad de cambio optimizada &#8211; L\u00edmites de par<span class=\"sub-services\">&#8211; Control de lanzamiento &#8211; L\u00edmite de RPM Opcional: &#8211; Cambio manual completo &#8211; Eliminaci\u00f3n del kick down &#8211; Frenado con el pie izquierdo &#8211; Petici\u00f3n especial<\/span><\/td>\n<td><a href=\"https:\/\/portal.ziptuning.com\/\" class=\"check-pricing\" target=\"_blank\" rel=\"noopener\">Ver Precios<\/a><\/td>\n<\/tr>\n<tr>\n<td><i class=\"fa fa-check-circle\" aria-hidden=\"true\"><\/i> Etapa 3<span class=\"sub-services\">&#8211; Todo de la etapa 2 &#8211; Aumento de la presi\u00f3n de apriete del embrague<\/span><\/td>\n<td><a href=\"https:\/\/portal.ziptuning.com\/\" class=\"check-pricing\" target=\"_blank\" rel=\"noopener\">Ver precios<\/a><\/td>\n<\/tr>\n<tr>\n<td><i class=\"fa fa-check-circle\" aria-hidden=\"true\"><\/i> Soluci\u00f3n de problemas &#8211;<span class=\"sub-services\"> Soluci\u00f3n de problemas de agitaci\u00f3n a bajas RPM &#8211;<\/span> Petici\u00f3n especial<\/td>\n<td><a href=\"https:\/\/portal.ziptuning.com\/\" class=\"check-pricing\" target=\"_blank\" rel=\"noopener\">A petici\u00f3n<\/a><\/td>\n<\/tr>\n<\/tbody>\n<\/table>\n<table class=\"table table-striped\">\n<thead>\n<tr>\n<th>Archivos originales<\/th>\n<th>Euro<\/th>\n<\/tr>\n<\/thead>\n<tbody>\n<tr>\n<td><i class=\"fa fa-check-circle\" aria-hidden=\"true\"><\/i> Original file \/ stock file bin<\/td>\n<td><a href=\"https:\/\/portal.ziptuning.com\/\" class=\"check-pricing\" target=\"_blank\" rel=\"noopener\">Ver Precios<\/a><\/td>\n<\/tr>\n<\/tbody>\n<\/table>\n<table class=\"table table-striped\">\n<thead>\n<tr>\n<th>Proyectos especiales<\/th>\n<th>Euro<\/th>\n<\/tr>\n<\/thead>\n<tbody>\n<tr>\n<td><i class=\"fa fa-check-circle\" aria-hidden=\"true\"><\/i> Proyectos especiales A<\/td>\n<td><a href=\"https:\/\/portal.ziptuning.com\/\" class=\"check-pricing\" target=\"_blank\" rel=\"noopener\">Ver precios<\/a><\/td>\n<\/tr>\n<tr>\n<td><i class=\"fa fa-check-circle\" aria-hidden=\"true\"><\/i> Proyectos especiales B<\/td>\n<td><a href=\"https:\/\/portal.ziptuning.com\/\" class=\"check-pricing\" target=\"_blank\" rel=\"noopener\">Ver precios<\/a><\/td>\n<\/tr>\n<tr>\n<td><i class=\"fa fa-check-circle\" aria-hidden=\"true\"><\/i> Proyectos especiales C<\/td>\n<td><a href=\"https:\/\/portal.ziptuning.com\/\" class=\"check-pricing\" target=\"_blank\" rel=\"noopener\">Ver precios<\/a><\/td>\n<\/tr>\n<tr>\n<td><i class=\"fa fa-check-circle\" aria-hidden=\"true\"><\/i> Proyectos especiales D<\/td>\n<td><a href=\"https:\/\/portal.ziptuning.com\/\" class=\"check-pricing\" target=\"_blank\" rel=\"noopener\">Ver precios<\/a><\/td>\n<\/tr>\n<td><i class=\"fa fa-check-circle\" aria-hidden=\"true\"><\/i> Proyectos especiales E<\/td>\n<td><a href=\"https:\/\/portal.ziptuning.com\/\" class=\"check-pricing\" target=\"_blank\" rel=\"noopener\">Ver precios<\/a><\/td>\n<\/tr>\n<\/tbody>\n<\/table>\n<table class=\"table table-striped\">\n<thead>\n<tr>\n<th>Packs MAP<\/th>\n<th>Euro<\/th>\n<\/tr>\n<\/thead>\n<tbody>\n<tr>\n<td><i class=\"fa fa-check-circle\" aria-hidden=\"true\"><\/i> Pack limitado de mapas + archivo tuning<\/td>\n<td><a href=\"https:\/\/portal.ziptuning.com\/\" class=\"check-pricing\" target=\"_blank\" rel=\"noopener\">Ver Precios<\/a><\/td>\n<\/tr>\n<tr>\n<td><i class=\"fa fa-check-circle\" aria-hidden=\"true\"><\/i> Super pack de mapas (Damos)<\/td>\n<td><a href=\"https:\/\/portal.ziptuning.com\/\" class=\"check-pricing\" target=\"_blank\" rel=\"noopener\">Ver Precios<\/a><\/td>\n<\/tr>\n<tr>\n<td><i class=\"fa fa-check-circle\" aria-hidden=\"true\"><\/i> Archivos de tuning calculados<\/td>\n<td><a href=\"https:\/\/portal.ziptuning.com\/\" class=\"check-pricing\" target=\"_blank\" rel=\"noopener\">Ver Precios<\/a><\/td>\n<\/tr>\n<\/tbody>\n<\/table>\n<table class=\"table table-striped\">\n<thead>\n<tr>\n<th>Distribuidor EVC WINOLS<\/th>\n<th>Euro<\/th>\n<\/tr>\n<\/thead>\n<tbody>\n<tr>\n<td><i class=\"fa fa-check-circle\" aria-hidden=\"true\"><\/i> 10 cr\u00e9ditos OLSx<\/td>\n<td><a href=\"https:\/\/portal.ziptuning.com\/\" class=\"check-pricing\" target=\"_blank\" rel=\"noopener\">Ver precios<\/a><\/td>\n<\/tr>\n<\/tbody>\n<\/table>\n","protected":false},"excerpt":{"rendered":"<p>M\u00e9todos de pago admitidos Herramientas de ajuste Suministramos archivos y soporte r\u00e1pido para las siguientes herramientas de tuning CMD Flashtec Autotuner Dimsport EVC Alientech Magic Frieling MPPS FGTech Byteshooter FEMTO VF2 Flasher Bitbox PCMFlash MMCFlash CMD Flashtec Autotuner Dimsport EVC Alientech Magic Bitbox Frieling MPPS FGTech Byteshooter FEMTO VF2 Flasher PCMFlash MMCFlash Archivos de sintonizaci\u00f3n<\/p>\n","protected":false},"author":1,"featured_media":0,"parent":0,"menu_order":0,"comment_status":"closed","ping_status":"closed","template":"","meta":{"_acf_changed":false,"footnotes":""},"class_list":["post-252973","page","type-page","status-publish","hentry"],"acf":[],"_links":{"self":[{"href":"https:\/\/www.ziptuning.com\/es\/wp-json\/wp\/v2\/pages\/252973","targetHints":{"allow":["GET"]}}],"collection":[{"href":"https:\/\/www.ziptuning.com\/es\/wp-json\/wp\/v2\/pages"}],"about":[{"href":"https:\/\/www.ziptuning.com\/es\/wp-json\/wp\/v2\/types\/page"}],"author":[{"embeddable":true,"href":"https:\/\/www.ziptuning.com\/es\/wp-json\/wp\/v2\/users\/1"}],"replies":[{"embeddable":true,"href":"https:\/\/www.ziptuning.com\/es\/wp-json\/wp\/v2\/comments?post=252973"}],"version-history":[{"count":3,"href":"https:\/\/www.ziptuning.com\/es\/wp-json\/wp\/v2\/pages\/252973\/revisions"}],"predecessor-version":[{"id":286978,"href":"https:\/\/www.ziptuning.com\/es\/wp-json\/wp\/v2\/pages\/252973\/revisions\/286978"}],"wp:attachment":[{"href":"https:\/\/www.ziptuning.com\/es\/wp-json\/wp\/v2\/media?parent=252973"}],"curies":[{"name":"wp","href":"https:\/\/api.w.org\/{rel}","templated":true}]}}