{"id":176561,"date":"2018-08-28T10:19:14","date_gmt":"2018-08-28T10:19:14","guid":{"rendered":"https:\/\/www.ziptuning.com\/?page_id=176561"},"modified":"2023-03-15T10:58:19","modified_gmt":"2023-03-15T10:58:19","slug":"exhaust-flap-control-tuning","status":"publish","type":"page","link":"https:\/\/www.ziptuning.com\/es\/tuning-file\/exhaust-flap-control-tuning\/","title":{"rendered":"Ajuste del control de aletas de escape"},"content":{"rendered":"<p>El control de las aletas de escape te da m\u00e1s control sobre el sonido de tu coche. \u00bfEst\u00e1s arrancando en una tranquila madrugada y no quieres despertar a todos los que te rodean, o quieres hacer notar tu presencia? \u00bfEst\u00e1s en un tranquilo crucero por autopista con un ni\u00f1o durmiendo en la parte de atr\u00e1s, o solo en tu coche en un circuito de carreras? Esta funci\u00f3n de control te permite utilizar el mismo coche en todas estas situaciones sin ning\u00fan compromiso. Te permite cambiar la apertura y el cierre de la trampilla de escape y, de este modo, elegir f\u00e1cilmente entre un murmullo discreto del motor o un rugido bestial seg\u00fan la ocasi\u00f3n en la que te encuentres. <\/p>\n<p>Cuando la trampilla de escape est\u00e1 cerrada, el escape est\u00e1 en su modo m\u00e1s civilizado. Sin embargo, al abrir la trampilla, el flujo no se ve obstaculizado en modo alguno y el escape se encuentra en su modo de rugido m\u00e1s agresivo. <\/p>\n<div class=\"call-to-action-box\">\n<div class=\"col\">\n<h3>Tenga la mejor banda sonora de escape para cualquier ocasi\u00f3n con nuestra sintonizaci\u00f3n de control de aletas de escape<\/h3>\n<\/div>\n<div class=\"col\"><a href=\"https:\/\/portal.ziptuning.com\/register\" class=\"call-reg\" target=\"_blank\" rel=\"noopener\">Reg\u00edstrese ahora<\/a><span> o ya tiene una cuenta, <a href=\"https:\/\/portal.ziptuning.com\/\" class=\"call-login\" target=\"_blank\" rel=\"noopener\">Inicie sesi\u00f3n ahora<\/a><\/span><\/div>\n<\/div>\n","protected":false},"excerpt":{"rendered":"<p>El control de las aletas de escape te da m\u00e1s control sobre el sonido de tu coche. \u00bfEst\u00e1s arrancando en una tranquila madrugada y no quieres despertar a todos los que te rodean, o quieres hacer notar tu presencia? \u00bfEst\u00e1s en un tranquilo crucero por autopista con un ni\u00f1o durmiendo en la parte de atr\u00e1s,<\/p>\n","protected":false},"author":1,"featured_media":0,"parent":83015,"menu_order":9,"comment_status":"closed","ping_status":"closed","template":"","meta":{"_acf_changed":false,"footnotes":""},"class_list":["post-176561","page","type-page","status-publish","hentry"],"acf":[],"_links":{"self":[{"href":"https:\/\/www.ziptuning.com\/es\/wp-json\/wp\/v2\/pages\/176561","targetHints":{"allow":["GET"]}}],"collection":[{"href":"https:\/\/www.ziptuning.com\/es\/wp-json\/wp\/v2\/pages"}],"about":[{"href":"https:\/\/www.ziptuning.com\/es\/wp-json\/wp\/v2\/types\/page"}],"author":[{"embeddable":true,"href":"https:\/\/www.ziptuning.com\/es\/wp-json\/wp\/v2\/users\/1"}],"replies":[{"embeddable":true,"href":"https:\/\/www.ziptuning.com\/es\/wp-json\/wp\/v2\/comments?post=176561"}],"version-history":[{"count":1,"href":"https:\/\/www.ziptuning.com\/es\/wp-json\/wp\/v2\/pages\/176561\/revisions"}],"predecessor-version":[{"id":286882,"href":"https:\/\/www.ziptuning.com\/es\/wp-json\/wp\/v2\/pages\/176561\/revisions\/286882"}],"up":[{"embeddable":true,"href":"https:\/\/www.ziptuning.com\/es\/wp-json\/wp\/v2\/pages\/83015"}],"wp:attachment":[{"href":"https:\/\/www.ziptuning.com\/es\/wp-json\/wp\/v2\/media?parent=176561"}],"curies":[{"name":"wp","href":"https:\/\/api.w.org\/{rel}","templated":true}]}}