{"id":159491,"date":"2018-08-27T05:53:52","date_gmt":"2018-08-27T05:53:52","guid":{"rendered":"https:\/\/www.ziptuning.com\/dev\/?page_id=159491"},"modified":"2023-03-15T10:58:15","modified_gmt":"2023-03-15T10:58:15","slug":"privacy-policy","status":"publish","type":"page","link":"https:\/\/www.ziptuning.com\/es\/privacy-policy\/","title":{"rendered":"POL\u00cdTICA DE PRIVACIDAD"},"content":{"rendered":"<h2><strong>Pol\u00edtica de privacidad de ZIPtuning.com<\/strong><\/h2>\n<div>Esta pol\u00edtica de privacidad establece la forma en que ASA B.V. utiliza y protege cualquier informaci\u00f3n que usted proporciona a ASA B.V. cuando utiliza este sitio web. ASA B.V. se compromete a garantizar la protecci\u00f3n de su privacidad. En caso de que le pidamos que facilite determinada informaci\u00f3n que permita identificarle al utilizar este sitio web, puede estar seguro de que s\u00f3lo se utilizar\u00e1 de conformidad con la presente declaraci\u00f3n de privacidad. ASA B.V. puede cambiar esta pol\u00edtica de vez en cuando actualizando esta p\u00e1gina. Le recomendamos que consulte esta p\u00e1gina de vez en cuando para asegurarse de que est\u00e1 de acuerdo con los cambios.<\/div>\n<h3>Lo que recopilamos<\/h3>\n<div>Podemos recopilar la siguiente informaci\u00f3n:<\/div>\n<ul>\n<li>Nombre<\/li>\n<li>Informaci\u00f3n de contacto, incluida la direcci\u00f3n de correo electr\u00f3nico<\/li>\n<li>Informaci\u00f3n demogr\u00e1fica como c\u00f3digo postal, preferencias e intereses<\/li>\n<li>Otra informaci\u00f3n relevante para encuestas de clientes y\/o ofertas<\/li>\n<li>Para ver la lista exhaustiva de cookies que recopilamos, consulte la secci\u00f3n Lista de cookies que recopilamos.<\/li>\n<\/ul>\n<h3>Qu\u00e9 hacemos con la informaci\u00f3n que recopilamos<\/h3>\n<div>Necesitamos esta informaci\u00f3n para entender sus necesidades y ofrecerle un mejor servicio, y en particular por las siguientes razones:<\/div>\n<ul>\n<li>Mantenimiento de registros internos.<\/li>\n<li>Podemos utilizar la informaci\u00f3n para mejorar nuestros productos y servicios.<\/li>\n<li>Podemos enviarle peri\u00f3dicamente correos electr\u00f3nicos promocionales sobre nuevos productos, ofertas especiales u otra informaci\u00f3n que pensamos que puede resultarle interesante utilizando la direcci\u00f3n de correo electr\u00f3nico que nos ha facilitado.<\/li>\n<li>De vez en cuando, tambi\u00e9n podemos utilizar su informaci\u00f3n para ponernos en contacto con usted con fines de investigaci\u00f3n de mercado. Podemos ponernos en contacto con usted por correo electr\u00f3nico, tel\u00e9fono, fax o correo postal. Podemos utilizar la informaci\u00f3n para personalizar el sitio web de acuerdo con sus intereses.<\/li>\n<\/ul>\n<h3>Seguridad<\/h3>\n<div>Nos comprometemos a garantizar la seguridad de su informaci\u00f3n. Para evitar el acceso o la divulgaci\u00f3n no autorizados, hemos establecido procedimientos f\u00edsicos, electr\u00f3nicos y de gesti\u00f3n adecuados para salvaguardar y proteger la informaci\u00f3n que recopilamos en l\u00ednea.<\/div>\n<h3>Uso de cookies<\/h3>\n<div>Una cookie es un peque\u00f1o archivo que pide permiso para almacenarse en el disco duro de su ordenador. Una vez que usted acepta, el archivo se a\u00f1ade y la cookie ayuda a analizar el tr\u00e1fico web o le permite saber cu\u00e1ndo visita un sitio concreto. Las cookies permiten a las aplicaciones web responderle como individuo. La aplicaci\u00f3n web puede adaptar sus operaciones a sus necesidades, gustos y aversiones recopilando y recordando informaci\u00f3n sobre sus preferencias.<\/div>\n<div><\/div>\n<div>Utilizamos cookies de registro de tr\u00e1fico para identificar qu\u00e9 p\u00e1ginas se est\u00e1n utilizando. Esto nos ayuda a analizar datos sobre el tr\u00e1fico de p\u00e1ginas web y a mejorar nuestro sitio web para adaptarlo a las necesidades de los clientes. S\u00f3lo utilizamos esta informaci\u00f3n con fines de an\u00e1lisis estad\u00edstico y luego los datos se eliminan del sistema.<\/div>\n<div><\/div>\n<div>En general, las cookies nos ayudan a ofrecerle un sitio web mejor, ya que nos permiten controlar qu\u00e9 p\u00e1ginas le resultan \u00fatiles y cu\u00e1les no. Una cookie no nos da acceso a su ordenador ni a ninguna informaci\u00f3n sobre usted, salvo los datos que usted decida compartir con nosotros. Puede aceptar o rechazar las cookies. La mayor\u00eda de los navegadores aceptan autom\u00e1ticamente las cookies, pero normalmente puede modificar la configuraci\u00f3n de su navegador para rechazarlas si lo prefiere. Esto puede impedirle aprovechar plenamente el sitio web.<\/div>\n<h3>Enlaces a otros sitios web<\/h3>\n<div>Nuestro sitio web puede contener enlaces a otros sitios web de inter\u00e9s. Sin embargo, una vez que haya utilizado estos enlaces para salir de nuestro sitio, debe tener en cuenta que no tenemos ning\u00fan control sobre ese otro sitio web. Por lo tanto, no podemos responsabilizarnos de la protecci\u00f3n y privacidad de la informaci\u00f3n que usted proporcione al visitar dichos sitios y \u00e9stos no se rigen por la presente declaraci\u00f3n de privacidad. Le recomendamos que sea prudente y consulte la declaraci\u00f3n de confidencialidad aplicable al sitio web en cuesti\u00f3n.<\/div>\n<h3>Control de su informaci\u00f3n personal<\/h3>\n<div>Puede elegir restringir la recopilaci\u00f3n o el uso de su informaci\u00f3n personal de las siguientes maneras:<\/div>\n<ul>\n<li>siempre que se le pida que rellene un formulario en el sitio web, busque la casilla en la que puede hacer clic para indicar que no desea que nadie utilice la informaci\u00f3n con fines de marketing directo<\/li>\n<li>si ha aceptado previamente que utilicemos su informaci\u00f3n personal para fines de marketing directo, puede cambiar de opini\u00f3n en cualquier momento escribi\u00e9ndonos o envi\u00e1ndonos un correo electr\u00f3nico a files@ziptuning.com.<\/li>\n<\/ul>\n<p>No venderemos, distribuiremos ni cederemos su informaci\u00f3n personal a terceros a menos que contemos con su permiso o la ley nos obligue a hacerlo. Podremos utilizar sus datos personales para enviarle informaci\u00f3n promocional sobre terceros que consideremos de su inter\u00e9s si nos indica que as\u00ed lo desea.<\/p>\n<div>Puede solicitar detalles de la informaci\u00f3n personal que tenemos sobre usted en virtud de la Ley de Protecci\u00f3n de Datos de 1998. Deber\u00e1 abonar una peque\u00f1a tasa. Si desea una copia de la informaci\u00f3n que tenemos sobre usted, escriba a Stadsring 157A, Amersfoort, Pa\u00edses Bajos<\/div>\n<div><\/div>\n<div>Si cree que la informaci\u00f3n que tenemos sobre usted es incorrecta o incompleta, escr\u00edbanos o env\u00edenos un correo electr\u00f3nico lo antes posible a la direcci\u00f3n arriba indicada. Corregiremos inmediatamente cualquier informaci\u00f3n que resulte incorrecta.<\/div>\n","protected":false},"excerpt":{"rendered":"<p>Pol\u00edtica de privacidad de ZIPtuning.com Esta pol\u00edtica de privacidad establece la forma en que ASA B.V. utiliza y protege cualquier informaci\u00f3n que usted proporciona a ASA B.V. cuando utiliza este sitio web. ASA B.V. se compromete a garantizar la protecci\u00f3n de su privacidad. En caso de que le pidamos que facilite determinada informaci\u00f3n que permita<\/p>\n","protected":false},"author":1,"featured_media":0,"parent":0,"menu_order":0,"comment_status":"closed","ping_status":"closed","template":"","meta":{"_acf_changed":false,"footnotes":""},"class_list":["post-159491","page","type-page","status-publish","hentry"],"acf":[],"_links":{"self":[{"href":"https:\/\/www.ziptuning.com\/es\/wp-json\/wp\/v2\/pages\/159491","targetHints":{"allow":["GET"]}}],"collection":[{"href":"https:\/\/www.ziptuning.com\/es\/wp-json\/wp\/v2\/pages"}],"about":[{"href":"https:\/\/www.ziptuning.com\/es\/wp-json\/wp\/v2\/types\/page"}],"author":[{"embeddable":true,"href":"https:\/\/www.ziptuning.com\/es\/wp-json\/wp\/v2\/users\/1"}],"replies":[{"embeddable":true,"href":"https:\/\/www.ziptuning.com\/es\/wp-json\/wp\/v2\/comments?post=159491"}],"version-history":[{"count":1,"href":"https:\/\/www.ziptuning.com\/es\/wp-json\/wp\/v2\/pages\/159491\/revisions"}],"predecessor-version":[{"id":286874,"href":"https:\/\/www.ziptuning.com\/es\/wp-json\/wp\/v2\/pages\/159491\/revisions\/286874"}],"wp:attachment":[{"href":"https:\/\/www.ziptuning.com\/es\/wp-json\/wp\/v2\/media?parent=159491"}],"curies":[{"name":"wp","href":"https:\/\/api.w.org\/{rel}","templated":true}]}}