{"id":211963,"date":"2024-10-07T09:40:02","date_gmt":"2024-10-07T09:40:02","guid":{"rendered":"https:\/\/www.ziptuning.com\/de\/?page_id=211963"},"modified":"2024-10-07T09:40:02","modified_gmt":"2024-10-07T09:40:02","slug":"tractor-tuning","status":"publish","type":"page","link":"https:\/\/www.ziptuning.com\/de\/tuning-file\/tractor-tuning\/","title":{"rendered":"Traktor-Tuning"},"content":{"rendered":"<p>Traktor-Tuning: Maximierung der Leistung &amp; Zuverl\u00e4ssigkeit von Traktoren<\/p>\n<p>Traktor-ECU-Tuning ist eine effektive Methode, um das versteckte Potenzial in landwirtschaftlichen Maschinen freizusetzen. Durch die Optimierung des Motorsteuerger\u00e4ts (ECU) k\u00f6nnen Landwirte erhebliche Leistungssteigerungen bei Kraft, Drehmoment und Kraftstoffeffizienz erzielen. Bei Ziptuning nutzen wir \u00fcber 20 Jahre Erfahrung im Tuning von schweren Dieselmotoren, um die Traktorleistung sicher und effektiv zu maximieren.<\/p>\n<p><img loading=\"lazy\" decoding=\"async\" src=\"https:\/\/www.ziptuning.com\/wp-content\/uploads\/2024\/08\/Tractor-1.png\" alt=\"Traktor-Tuning\" width=\"750\" height=\"500\" class=\"alignnone size-full wp-image-305844\" \/><\/p>\n<h2 id=\"the-technical-process-of-tractor-ecu-tuning\">Der technische Prozess des Traktor-ECU-Tunings<\/h2>\n<p>Traktor-ECU-Tuning umfasst die gezielte Modifikation der Software, die die Motorparameter steuert. Der Prozess beginnt mit dem Auslesen der Original-ECU-Datei des Traktors mithilfe spezieller Diagnoseger\u00e4te. Unsere Ingenieure analysieren anschlie\u00dfend diese Datei und nehmen pr\u00e4zise Anpassungen an den Schl\u00fcsselparametern vor, die den Motorbetrieb steuern.<\/p>\n<p>Zu den wichtigsten optimierten Parametern geh\u00f6ren:<\/p>\n<ul>\n<li>Einspritzzeitpunkt und -dauer des Kraftstoffs<\/li>\n<li>Ladedruckgrenzen<\/li>\n<li>Drehmomentbegrenzer<\/li>\n<li>Drehzahlbegrenzer<\/li>\n<li>Leerlaufdrehzahl<\/li>\n<\/ul>\n<p>Durch die Feinabstimmung dieser Variablen k\u00f6nnen wir mehr Leistung und Drehmoment \u00fcber den gesamten Drehzahlbereich herausholen und dabei sichere Betriebsbedingungen aufrechterhalten.<\/p>\n<h2 id=\"advanced-tuning-techniques\">Erweiterte Tuning-Techniken<\/h2>\n<p>F\u00fcr aggressivere Leistungssteigerungen k\u00f6nnen wir erweiterte Techniken anwenden, wie zum Beispiel:<\/p>\n<ul>\n<li>Installation zus\u00e4tzlicher Sensoren (z. B. EGT-Sonden) zur verbesserten \u00dcberwachung<\/li>\n<li>Individuelle Abstimmungen basierend auf spezifischen Anwendungsf\u00e4llen (z. B. schwere Zugarbeiten vs. sporadische Nutzung)<\/li>\n<li>Verwendung spezialisierter Software wie WinOLS oder Swiftec f\u00fcr pr\u00e4zise ECU-\u00c4nderungen<\/li>\n<\/ul>\n<p>Wichtig ist, dass wir nie die OEM-Standards einer bestimmten Traktorenserie \u00fcberschreiten. Zum Beispiel stellen wir beim Tuning einer John Deere 8R-Serie sicher, dass die maximale Werksleistung von 370 PS nicht \u00fcberschritten wird.<\/p>\n<h2 id=\"key-benefits-of-professional-tractor-tuning\">Hauptvorteile des professionellen Traktor-Tunings<\/h2>\n<p>Wenn das ECU-Tuning ordnungsgem\u00e4\u00df von erfahrenen Tunern durchgef\u00fchrt wird, k\u00f6nnen mehrere wichtige Vorteile erzielt werden:<\/p>\n<ul>\n<li>Erh\u00f6hte PS- und Drehmomentwerte (typischerweise 15-30% Zuwachs)<\/li>\n<li>Verbesserte Kraftstoffeffizienz (5-15% Reduktion des Kraftstoffverbrauchs)<\/li>\n<li>Verbesserte Gasannahme und Fahrbarkeit<\/li>\n<li>Optimierte Leistung f\u00fcr spezifische Aufgaben und Bedingungen<\/li>\n<\/ul>\n<p>Beispielsweise haben wir k\u00fcrzlich einen John Deere 6R-Traktor abgestimmt und dabei eine Leistungssteigerung von 25% sowie eine 10%ige Verbesserung der Kraftstoffeffizienz bei schweren Bodenbearbeitungsarbeiten erreicht.<\/p>\n<h2 id=\"safety-and-longevity-considerations\">Sicherheits- und Langlebigkeits\u00fcberlegungen<\/h2>\n<p>Auch wenn die Leistungssteigerungen verlockend sind, hat die Erhaltung der Zuverl\u00e4ssigkeit und Langlebigkeit des Motors bei uns oberste Priorit\u00e4t. Wir verfolgen einen konservativen Ansatz, der Leistung und Haltbarkeit sorgf\u00e4ltig ausbalanciert. Unsere Abstimmungen bleiben innerhalb der mechanischen Grenzen der Motorkomponenten und beeintr\u00e4chtigen keine Emissionsausr\u00fcstungen oder f\u00fchren zum unn\u00f6tigen Erl\u00f6schen von Garantien.<\/p>\n<p>Durch fortschrittliches Datenlogging und Pr\u00fcfstandstests k\u00f6nnen wir die Sicherheit unserer Kalibrierungen unter einer Vielzahl von Betriebsbedingungen validieren. Wir behalten auch alle werkseitigen Sicherheitsparameter bei, um m\u00f6gliche Motorsch\u00e4den zu verhindern.<\/p>\n<h2 id=\"emission-calibration-and-after-treatment-systems\">Emissionskalibrierung und Abgasnachbehandlungssysteme<\/h2>\n<p>Mit zunehmendem Alter der Motoren kann eine Neukalibrierung der Emissionssysteme erforderlich werden, um Probleme mit Abgasnachbehandlungskomponenten zu vermeiden und zu l\u00f6sen. Unsere Expertise erstreckt sich auf das Feintuning dieser Systeme, um eine optimale Leistung zu gew\u00e4hrleisten und gleichzeitig die Einhaltung der Umweltvorschriften sicherzustellen.<\/p>\n<p>In einigen F\u00e4llen, insbesondere f\u00fcr Offroad- oder Testzwecke, k\u00f6nnen wir Emissionssysteme vor\u00fcbergehend deaktivieren, um Leistungsprobleme des Motors zu isolieren. Dieser Prozess erm\u00f6glicht es uns:<\/p>\n<ul>\n<li>Probleme effektiver zu diagnostizieren<\/li>\n<li>Die Motorleistung ohne den Einfluss von Emissionskontrollen zu testen<\/li>\n<li>Potenzielle Probleme innerhalb der Nachbehandlungssysteme selbst zu identifizieren<\/li>\n<\/ul>\n<p>Es ist wichtig zu beachten, dass alle \u00c4nderungen an den Emissionssystemen ausschlie\u00dflich f\u00fcr Diagnose- oder Offroad-Zwecke bestimmt sind und den \u00f6rtlichen Vorschriften entsprechen m\u00fcssen.<\/p>\n<h2 id=\"the-ziptuning-advantage\">Der Ziptuning-Vorteil<\/h2>\n<p>Mit \u00fcber zwei Jahrzehnten Erfahrung im Tuning von schweren Dieselmotoren bietet Ziptuning unvergleichliche Expertise in der Optimierung von Traktor-ECUs. Unser Ingenieurteam kombiniert tiefes Wissen \u00fcber Motormanagementsysteme mit umfangreichen realen Tests, um leistungsstarke und dennoch zuverl\u00e4ssige Tuning-Einstellungen zu liefern.<\/p>\n<p>Wir nutzen modernste Diagnose- und Kalibrierungswerkzeuge, um selbst die neuesten Traktor-ECUs auszulesen und zu modifizieren. Unser eigenes Pr\u00fcfstandlabor erm\u00f6glicht es uns, Leistungssteigerungen pr\u00e4zise zu messen und sicherzustellen, dass unsere Abstimmungen unter Last einwandfrei funktionieren.<\/p>\n<h2 id=\"the-customer-journey\">Der Kundenprozess<\/h2>\n<p>Das Tuning Ihres Traktors mit Ziptuning ist ein einfacher Prozess:<\/p>\n<ol>\n<li>Registrieren Sie sich auf unserer Website und erwerben Sie Tuning-Credits<\/li>\n<li>Verwenden Sie die bereitgestellten Werkzeuge, um die ECU-Datei Ihres Traktors auszulesen<\/li>\n<li>Laden Sie die Datei auf unser sicheres Portal hoch <\/li>\n<li>Unsere Ingenieure analysieren und optimieren die Datei (in der Regel innerhalb von 30 Minuten)<\/li>\n<li>Laden Sie die abgestimmte Datei herunter und spielen Sie sie auf die ECU Ihres Traktors zur\u00fcck<\/li>\n<li>Genie\u00dfen Sie die Leistungssteigerungen!<\/li>\n<\/ol>\n<p>Wir bieten vollst\u00e4ndigen Support w\u00e4hrend des gesamten Prozesses und kostenlose \u00dcberarbeitungen, falls Anpassungen erforderlich sind.<\/p>\n<h2 id=\"latest-developments\">Neueste Entwicklungen<\/h2>\n<p>Unsere Erfolgsbilanz spricht f\u00fcr sich. Hier einige Beispiele f\u00fcr erfolgreiche Traktorabstimmungen:<\/p>\n<ul>\n<li>Ein Case IH Magnum 340 verzeichnete eine Steigerung der Zugkraft um 18% und eine Reduzierung des Kraftstoffverbrauchs um 7% bei schweren Pflugarbeiten.<\/li>\n<li>Ein New Holland T7.270 gewann 45 PS und verbesserte die Gasannahme, wodurch die Zeit f\u00fcr gro\u00dfe Fl\u00e4chenarbeiten erheblich verk\u00fcrzt wurde.<\/li>\n<li>Ein Fendt 1050 Vario, der f\u00fcr Transportarbeiten optimiert wurde, erreichte eine 12%ige Steigerung der H\u00f6chstgeschwindigkeit bei gleichzeitiger Beibehaltung der Kraftstoffeffizienz.<\/li>\n<\/ul>\n<h2 id=\"emission-calibration-and-after-treatment-systems\">Emissionskalibrierung und Abgasnachbehandlungssysteme<\/h2>\n<p>Mit zunehmendem Alter der Motoren kann eine Neukalibrierung der Emissionssysteme erforderlich werden, um Probleme mit Abgasnachbehandlungskomponenten zu vermeiden und zu l\u00f6sen. Unsere Expertise erstreckt sich auf das Feintuning dieser Systeme, um eine optimale Leistung zu gew\u00e4hrleisten und gleichzeitig die Einhaltung der Umweltvorschriften sicherzustellen.<\/p>\n<p>In einigen F\u00e4llen, insbesondere f\u00fcr Offroad- oder Testzwecke, k\u00f6nnen wir Emissionssysteme vor\u00fcbergehend deaktivieren, um Leistungsprobleme des Motors zu isolieren. Dieser Prozess erm\u00f6glicht es uns:<\/p>\n<ul>\n<li>Probleme effektiver zu diagnostizieren<\/li>\n<li>Die Motorleistung ohne den Einfluss von Emissionskontrollen zu testen<\/li>\n<li>Potenzielle Probleme innerhalb der Nachbehandlungssysteme selbst zu identifizieren<\/li>\n<\/ul>\n<p>Es ist wichtig zu beachten, dass alle \u00c4nderungen an den Emissionssystemen ausschlie\u00dflich f\u00fcr Diagnose- oder Offroad-Zwecke bestimmt sind und den \u00f6rtlichen Vorschriften entsprechen m\u00fcssen.<\/p>\n<p>F\u00fcr Offroad-Anwendungen bieten wir erweiterte Tuning-Optionen an, die m\u00f6glicherweise die Modifikation von Emissionssystemen wie DPF, AGR und AdBlue umfassen. Wir legen jedoch stets Priorit\u00e4t auf die Einhaltung lokaler Vorschriften und Umweltverantwortung. Diese Modifikationen k\u00f6nnen dazu beitragen, die Leistung und Kraftstoffeffizienz in bestimmten Offroad-Szenarien zu verbessern, in denen die Emissionsvorschriften m\u00f6glicherweise von den Anforderungen f\u00fcr den Stra\u00dfenverkehr abweichen.<\/p>\n<p>Beim Umgang mit \u00e4lteren Motoren kann die Neukalibrierung der Emissionskontrollsysteme h\u00e4ufig Probleme l\u00f6sen, die durch Komponentenverschlei\u00df oder sich \u00e4ndernde Betriebsbedingungen entstehen. Dieser Prozess kann Folgendes umfassen:<\/p>\n<ul>\n<li>Anpassung der Sensorschwellenwerte<\/li>\n<li>Optimierung der Regenerationszyklen f\u00fcr Dieselpartikelfilter (DPF)<\/li>\n<li>Feineinstellung der Abgasr\u00fcckf\u00fchrungsraten (AGR)<\/li>\n<li>Kalibrierung der AdBlue-Injektion f\u00fcr selektive katalytische Reduktionssysteme (SCR)<\/li>\n<\/ul>\n<p>Durch eine sorgf\u00e4ltige Neukalibrierung dieser Systeme k\u00f6nnen wir h\u00e4ufig die Lebensdauer der Nachbehandlungskomponenten verl\u00e4ngern und die optimale Motorleistung aufrechterhalten, ohne dass teure Ersatzteile erforderlich sind.<\/p>\n<p>Bereit, das volle Potenzial Ihres Traktors freizusetzen? Kontaktieren Sie Ziptuning noch heute, um mehr \u00fcber unsere professionellen ECU-Tuning-Dienstleistungen zu erfahren. Unser Expertenteam steht bereit, um Ihnen zu helfen, neue Ebenen der landwirtschaftlichen Produktivit\u00e4t zu erreichen.<\/p>\n<div class=\"call-to-action-box\">\n<div class=\"col\">\n<h3>Traktor-Tuning-Datei ben\u00f6tigt<\/h3>\n<\/div>\n<div class=\"col\"><a class=\"call-reg\" href=\"https:\/\/portal.ziptuning.com\/register\" target=\"_blank\" rel=\"noopener\">Jetzt registrieren<\/a> oder Sie haben bereits ein Konto, <a class=\"call-login\" href=\"https:\/\/portal.ziptuning.com\/\" target=\"_blank\" rel=\"noopener\">Jetzt einloggen<\/a><\/div>\n<\/div>\n<h2>FAQ<\/h2>\n<h3>Wie wirkt sich die Anpassung des Einspritzzeitpunkts auf die Traktorleistung aus?<\/h3>\n<p>Das Vorverlegen des Einspritzzeitpunkts kann die Leistung erh\u00f6hen, aber auch die NOx-Emissionen steigern. Das Verz\u00f6gern kann die Emissionen senken, aber m\u00f6glicherweise Leistung und Effizienz verringern.<\/p>\n<h3>Was sind die wichtigsten modifizierten Parameter beim ECU-Tuning f\u00fcr Traktoren?<\/h3>\n<p>Die Hauptparameter umfassen die Einspritzzeit, die Kraftstoffmenge, den Ladedruck des Turboladers und Drehmomentbegrenzer.<\/p>\n<h3>Wie kann das Tuning die Kraftstoffeffizienz bei Traktoren verbessern?<\/h3>\n<p>Durch die Optimierung der Einspritzparameter, des Luft-Kraftstoff-Verh\u00e4ltnisses und des Ladedrucks f\u00fcr spezifische Betriebsbedingungen kann die Kraftstoffeffizienz um 10-20% verbessert werden.<\/p>\n<h3>Welche Risiken bestehen beim \u00dcberboosten eines Turboladers w\u00e4hrend des Traktor-Tunings?<\/h3>\n<p>\u00dcberboosten kann zu erh\u00f6htem Motorverschlei\u00df, m\u00f6glichen Turboladersch\u00e4den und \u00fcberm\u00e4\u00dfigen Abgastemperaturen f\u00fchren.<\/p>\n<h3>Wie beeinflusst das Tuning den Regenerationszyklus des Dieselpartikelfilters (DPF)?<\/h3>\n<p>Das Tuning kann die Regenerationsparameter des DPF anpassen, wodurch die H\u00e4ufigkeit der Regenerationszyklen reduziert und die Kraftstoffeffizienz verbessert werden kann.<\/p>\n<h3>Welche \u00dcberlegungen sollten beim Tuning eines Traktors f\u00fcr eine erh\u00f6hte Zugkraft gemacht werden?<\/h3>\n<p>Fokus auf die Optimierung des Drehmoments im unteren Drehzahlbereich, Anpassung der Schaltpunkte des Getriebes und Sicherstellung, dass das K\u00fchlsystem die erh\u00f6hte W\u00e4rmelast bew\u00e4ltigen kann.<\/p>\n<h3>Wie kann Tuning das Turboloch bei Traktormotoren beheben?<\/h3>\n<p>Durch Optimierung der VGT-Einstellungen (Variable Geometry Turbocharger) und der Kraftstoffkartierung f\u00fcr schnelleres Ansprechen bei niedrigen Drehzahlen.<\/p>\n<h3>Was sind die Vorteile des Tuning von Mehrfacheinspritzungen bei Traktormotoren?<\/h3>\n<p>Die Optimierung von Vor-, Haupt- und Nacheinspritzungen kann die Verbrennungseffizienz verbessern, Ger\u00e4usche reduzieren und helfen, Emissionen \u00fcber den gesamten Betriebsbereich zu kontrollieren.<\/p>\n<h3>Wie wirkt sich das Tuning auf die Motorbremsleistung bei Traktoren aus?<\/h3>\n<p>Das Tuning kann die Motorbremsleistung durch Optimierung des Zeitpunkts und der Dauer der Kompressionsfreigabe verbessern.<\/p>\n<h3>Was sind die potenziellen Vorteile des Getriebe-Tunings bei Traktoren?<\/h3>\n<p>Getriebe-Tuning kann Schaltpunkte, Schaltfestigkeit und Strategien f\u00fcr das Einkuppeln des Drehmomentwandlers optimieren, um Effizienz und Leistung zu verbessern.<\/p>\n<h3>Wie kann Tuning helfen, Kaltstartprobleme bei Traktormotoren zu l\u00f6sen?<\/h3>\n<p>Durch Anpassung von Parametern wie Gl\u00fchkerzendauer, Leerlaufdrehzahl und anf\u00e4nglicher Kraftstoffmenge zur Verbesserung der Kaltstartleistung und zur Reduzierung der Emissionen.<\/p>\n<h3>Welche Rolle spielt die Anpassung des Luft-Kraftstoff-Verh\u00e4ltnisses beim Traktor-Tuning?<\/h3>\n<p>Die Optimierung des Luft-Kraftstoff-Verh\u00e4ltnisses kann helfen, die Leistung, Kraftstoffeffizienz und Emissionen unter verschiedenen Betriebsbedingungen ins Gleichgewicht zu bringen.<\/p>\n<h3>Wie beeinflusst das Tuning das Abgasr\u00fcckf\u00fchrungssystem (AGR) bei Traktoren?<\/h3>\n<p>Das Tuning kann die AGR-Raten anpassen, um ein Gleichgewicht zwischen NOx-Reduktion und der Bildung von Partikeln zu erreichen, was sowohl Emissionen als auch Leistung verbessern kann.<\/p>\n<h3>Welche \u00dcberlegungen sollten beim Tuning f\u00fcr Hochleistungseins\u00e4tze in Traktoren beachtet werden?<\/h3>\n<p>Anpassung von Ladedruck, Kraftstoffzufuhr und m\u00f6glicherweise VGT-Einstellungen, um den geringeren Luftdruck in gro\u00dfer H\u00f6he auszugleichen.<\/p>\n<h3>Wie kann Tuning Probleme mit Dieselklopfen oder Verbrennungsger\u00e4uschen bei Traktoren angehen?<\/h3>\n<p>Durch Feinabstimmung der Einspritzzeit, des Drucks und der Vor-Einspritzstrategien, um die Verbrennungsvorg\u00e4nge zu gl\u00e4tten.<\/p>\n<h3>Welche Herausforderungen bestehen beim Tuning von SCR-Systemen (Selective Catalytic Reduction) bei Traktoren?<\/h3>\n<p>Das Tuning muss ein Gleichgewicht zwischen NOx-Reduktion und AdBlue-Verbrauch herstellen und sicherstellen, dass das SCR-System unter allen Betriebsbedingungen wirksam bleibt.<\/p>\n<h3>Welche Auswirkungen hat die Erh\u00f6hung des Raildrucks in einem Common-Rail-Dieselmotor eines Traktors auf die Leistung?<\/h3>\n<p>Ein h\u00f6herer Raildruck kann die Zerst\u00e4ubung des Kraftstoffs verbessern, was zu einer vollst\u00e4ndigeren Verbrennung, mehr Leistung und potenziell besserer Kraftstoffeffizienz f\u00fchrt.<\/p>\n<h3>Welche \u00dcberlegungen sollten beim Tuning f\u00fcr die Biodiesel-Kompatibilit\u00e4t bei Traktoren gemacht werden?<\/h3>\n<p>Anpassung der Kraftstoffkarte und m\u00f6glicherweise der Einspritzzeit, um den unterschiedlichen Energiegehalt und die Verbrennungseigenschaften von Biodiesel zu ber\u00fccksichtigen.<\/p>\n<h3>Wie kann Tuning die PTO-Leistung (Zapfwelle) bei Traktoren optimieren?<\/h3>\n<p>Durch Anpassung der Motorparameter zur Bereitstellung einer konstanten Leistung bei PTO-Betriebsdrehzahlen, um eine optimale Leistung f\u00fcr PTO-angetriebene Ger\u00e4te sicherzustellen.<\/p>\n<h3>Welche potenziellen Risiken bestehen beim aggressiven Tuning f\u00fcr die Lebensdauer des Traktormotors?<\/h3>\n<p>Aggressives Tuning kann die Belastung der Motorkomponenten erh\u00f6hen und m\u00f6glicherweise zu einem beschleunigten Verschlei\u00df und einer verk\u00fcrzten Lebensdauer des Motors f\u00fchren, wenn es nicht ordnungsgem\u00e4\u00df verwaltet wird.<\/p>\n<div class=\"call-to-action-box\">\n<div class=\"col\">\n<h3>Traktor-Tuning-Datei ben\u00f6tigt<\/h3>\n<\/div>\n<div class=\"col\"><a class=\"call-reg\" href=\"https:\/\/portal.ziptuning.com\/register\" target=\"_blank\" rel=\"noopener\">Jetzt registrieren<\/a> oder Sie haben bereits ein Konto, <a class=\"call-login\" href=\"https:\/\/portal.ziptuning.com\/\" target=\"_blank\" rel=\"noopener\">Jetzt einloggen<\/a><\/div>\n<\/div>\n","protected":false},"excerpt":{"rendered":"<p>Traktor-Tuning: Maximierung der Leistung &amp; Zuverl\u00e4ssigkeit von Traktoren Traktor-ECU-Tuning ist eine effektive Methode, um das versteckte Potenzial in landwirtschaftlichen Maschinen freizusetzen. Durch die Optimierung des Motorsteuerger\u00e4ts (ECU) k\u00f6nnen Landwirte erhebliche Leistungssteigerungen bei Kraft, Drehmoment und Kraftstoffeffizienz erzielen. Bei Ziptuning nutzen wir \u00fcber 20 Jahre Erfahrung im Tuning von schweren Dieselmotoren, um die Traktorleistung sicher und<\/p>\n","protected":false},"author":13,"featured_media":0,"parent":208968,"menu_order":0,"comment_status":"closed","ping_status":"closed","template":"","meta":{"_acf_changed":false,"footnotes":""},"class_list":["post-211963","page","type-page","status-publish","hentry"],"acf":[],"_links":{"self":[{"href":"https:\/\/www.ziptuning.com\/de\/wp-json\/wp\/v2\/pages\/211963","targetHints":{"allow":["GET"]}}],"collection":[{"href":"https:\/\/www.ziptuning.com\/de\/wp-json\/wp\/v2\/pages"}],"about":[{"href":"https:\/\/www.ziptuning.com\/de\/wp-json\/wp\/v2\/types\/page"}],"author":[{"embeddable":true,"href":"https:\/\/www.ziptuning.com\/de\/wp-json\/wp\/v2\/users\/13"}],"replies":[{"embeddable":true,"href":"https:\/\/www.ziptuning.com\/de\/wp-json\/wp\/v2\/comments?post=211963"}],"version-history":[{"count":2,"href":"https:\/\/www.ziptuning.com\/de\/wp-json\/wp\/v2\/pages\/211963\/revisions"}],"predecessor-version":[{"id":211965,"href":"https:\/\/www.ziptuning.com\/de\/wp-json\/wp\/v2\/pages\/211963\/revisions\/211965"}],"up":[{"embeddable":true,"href":"https:\/\/www.ziptuning.com\/de\/wp-json\/wp\/v2\/pages\/208968"}],"wp:attachment":[{"href":"https:\/\/www.ziptuning.com\/de\/wp-json\/wp\/v2\/media?parent=211963"}],"curies":[{"name":"wp","href":"https:\/\/api.w.org\/{rel}","templated":true}]}}