{"id":209244,"date":"2023-05-04T07:35:50","date_gmt":"2023-05-04T07:35:50","guid":{"rendered":"https:\/\/www.ziptuning.com\/de\/mmc-flasher\/"},"modified":"2023-05-04T07:37:04","modified_gmt":"2023-05-04T07:37:04","slug":"mmc-flasher","status":"publish","type":"page","link":"https:\/\/www.ziptuning.com\/de\/tuning-file\/mmc-flasher\/","title":{"rendered":"MMC-Blinker"},"content":{"rendered":"<p>MMC Flasher ist eine sehr h\u00e4ufige Wahl der Tuner, die meist mit ein paar Herstellern zu tun, sondern wollen gr\u00fcndliche Dienstleistungen, zuverl\u00e4ssigen Betrieb und einige Funktionen, die nur MMC bringt.<\/p>\n<h2>Was kann er tunen?<\/h2>\n<p>MMC Flasher ist zwar nicht ausschlie\u00dflich auf diese Marken beschr\u00e4nkt, wird aber am h\u00e4ufigsten von Tunern verwendet, die h\u00e4ufig Fahrzeuge der Hersteller Honda, Infiniti, Nissan, Ford, Mazda, Hyundai, Kia, Subaru und Mitsubishi tunen.<img loading=\"lazy\" decoding=\"async\" src=\"https:\/\/www.ziptuning.com\/wp-content\/uploads\/2020\/07\/mmc-flash-1.jpg\" alt=\"MMC Flash\" width=\"200\" height=\"100\" class=\"alignnone size-full wp-image-276643\" \/><\/p>\n<h2>Konnektivit\u00e4t<\/h2>\n<p>MMC Flasher kann \u00fcber CAN J2534 oder K-Line betrieben werden und Sie k\u00f6nnen auch OpenPort 2.0 verwenden.<\/p>\n<h2>Merkmale<\/h2>\n<p>Neben der \u00fcblichen Pr\u00fcfsummenkorrektur und den Lese- und Schreibf\u00e4higkeiten bietet der MMC Flasher noch weitere Vorteile: Sie m\u00fcssen zum Beispiel keine XML-Beschreibungsdateien erstellen. Auch bei der Auswahl des Steuerger\u00e4tetyps k\u00f6nnen Sie keinen Fehler machen, da MMC den Flash-Speicher des Steuerger\u00e4ts automatisch ausliest und vergleicht und Sie dar\u00fcber informiert, wenn es einen unerw\u00fcnschten Unterschied gibt. <\/p>\n<p>Ein weiterer Vorteil des MMC Flasher ist eine gro\u00dfe technische Unterst\u00fctzung und sehr regelm\u00e4\u00dfige Updates f\u00fcr neue ECU-Typen.<\/p>\n<h2>Gutes Preis-Leistungs-Verh\u00e4ltnis<\/h2>\n<p>Wenn Sie h\u00e4ufig eine der von MMC Flasher unterst\u00fctzten Marken tunen, ist es schwierig, das Preis-Leistungs-Verh\u00e4ltnis zu \u00fcbersehen. Mit dem ersten, sehr g\u00fcnstigen Kauf erhalten Sie einen USB-Dongle, die Software und eine Hilfedatei. <\/p>\n<p>Der Zugriff auf verschiedene ECU-Typen erfolgt \u00fcber Module, die Sie separat erwerben m\u00fcssen. Anstatt jedoch alle Module zu kaufen, k\u00f6nnen Sie auch nur die spezifischen Module kaufen, die Sie tats\u00e4chlich ben\u00f6tigen, oder sogar ein Paket, das einige der am h\u00e4ufigsten zusammen gekauften Module kombiniert.<\/p>\n<div class=\"call-to-action-box\">\n<div class=\"col\">\n<h3>Laden Sie Ihre Tuning-Datei in weniger als 60 Minuten herunter<\/h3>\n<\/div>\n<div class=\"col\"><a href=\"https:\/\/portal.ziptuning.com\/register\" class=\"call-reg\" target=\"_blank\" rel=\"noopener\">Jetzt registrieren<\/a><span> oder bereits ein Konto haben, <a href=\"https:\/\/portal.ziptuning.com\/\" class=\"call-login\" target=\"_blank\" rel=\"noopener\">jetzt anmelden<\/a><\/span><\/div>\n<\/div>\n","protected":false},"excerpt":{"rendered":"<p>MMC Flasher ist eine sehr h\u00e4ufige Wahl der Tuner, die meist mit ein paar Herstellern zu tun, sondern wollen gr\u00fcndliche Dienstleistungen, zuverl\u00e4ssigen Betrieb und einige Funktionen, die nur MMC bringt. Was kann er tunen? MMC Flasher ist zwar nicht ausschlie\u00dflich auf diese Marken beschr\u00e4nkt, wird aber am h\u00e4ufigsten von Tunern verwendet, die h\u00e4ufig Fahrzeuge der<\/p>\n","protected":false},"author":1,"featured_media":0,"parent":208968,"menu_order":0,"comment_status":"open","ping_status":"closed","template":"","meta":{"_acf_changed":false,"footnotes":""},"class_list":["post-209244","page","type-page","status-publish","hentry"],"acf":[],"_links":{"self":[{"href":"https:\/\/www.ziptuning.com\/de\/wp-json\/wp\/v2\/pages\/209244","targetHints":{"allow":["GET"]}}],"collection":[{"href":"https:\/\/www.ziptuning.com\/de\/wp-json\/wp\/v2\/pages"}],"about":[{"href":"https:\/\/www.ziptuning.com\/de\/wp-json\/wp\/v2\/types\/page"}],"author":[{"embeddable":true,"href":"https:\/\/www.ziptuning.com\/de\/wp-json\/wp\/v2\/users\/1"}],"replies":[{"embeddable":true,"href":"https:\/\/www.ziptuning.com\/de\/wp-json\/wp\/v2\/comments?post=209244"}],"version-history":[{"count":1,"href":"https:\/\/www.ziptuning.com\/de\/wp-json\/wp\/v2\/pages\/209244\/revisions"}],"predecessor-version":[{"id":209247,"href":"https:\/\/www.ziptuning.com\/de\/wp-json\/wp\/v2\/pages\/209244\/revisions\/209247"}],"up":[{"embeddable":true,"href":"https:\/\/www.ziptuning.com\/de\/wp-json\/wp\/v2\/pages\/208968"}],"wp:attachment":[{"href":"https:\/\/www.ziptuning.com\/de\/wp-json\/wp\/v2\/media?parent=209244"}],"curies":[{"name":"wp","href":"https:\/\/api.w.org\/{rel}","templated":true}]}}