{"id":209242,"date":"2023-05-04T07:35:50","date_gmt":"2023-05-04T07:35:50","guid":{"rendered":"https:\/\/www.ziptuning.com\/de\/bitbox\/"},"modified":"2024-10-07T12:07:33","modified_gmt":"2024-10-07T12:07:33","slug":"bitbox","status":"publish","type":"page","link":"https:\/\/www.ziptuning.com\/de\/tuning-file\/bitbox\/","title":{"rendered":"BitBox"},"content":{"rendered":"<p>Das BitBox Slave-Tool erm\u00f6glicht das Lesen und Schreiben des Motorsteuerger\u00e4ts (ECU) \u00fcber den CAN-Bus oder die K-Line.<\/p>\n<p>Da es sich um ein Slave-Tool handelt, muss diese Version mit einem Master-Tool verbunden werden, um eine modifizierte Datei zu erhalten. Sobald die modifizierte Datei empfangen wurde, kann das BitBox Slave-Tool sie im Fahrzeug installieren.<\/p>\n<p><img loading=\"lazy\" decoding=\"async\" src=\"https:\/\/www.ziptuning.com\/wp-content\/uploads\/2020\/07\/bitbox-ziptuning.png\" alt=\"\" width=\"148\" height=\"53\" class=\"alignnone size-full wp-image-276601\" \/><\/p>\n<p>Der Prozess verl\u00e4uft wie folgt:<\/p>\n<p>Das BitBox Slave-Tool kann die Originaldatei auslesen. Sobald der Auslesevorgang abgeschlossen ist, bietet das Slave-Tool die M\u00f6glichkeit, eine Anfrage an ein Master-Tool zu senden. Der Besitzer des Master-Tools entwickelt die Tuning-Datei, l\u00e4dt sie hoch, und Sie empfangen diese auf Ihrem Slave-Tool.<\/p>\n<p>An diesem Punkt erhalten Sie die Option, im Slave-Tool auf \u201eSchreiben\u201c zu klicken und die Datei auszuw\u00e4hlen, die Sie in die ECU schreiben m\u00f6chten. Es ist wichtig zu beachten, dass diese Datei nach dem Schreiben als VERWENDET markiert wird und nicht erneut in einem anderen Fahrzeug verwendet werden kann.<\/p>\n<p><img loading=\"lazy\" decoding=\"async\" src=\"https:\/\/www.ziptuning.com\/wp-content\/uploads\/2020\/08\/Bitbox-2-1.jpg\" alt=\"Bitbox Ziptuning\" width=\"1920\" height=\"1033\" class=\"alignnone size-full wp-image-276668\" \/><\/p>\n<p>Ein weiterer Vorteil des BitBox Slave-Tools ist, dass alle Slave-Tools Zugriff auf alle Module haben, die der Besitzer des Master-Tools erworben hat. Es besteht also keine Notwendigkeit f\u00fcr den Besitzer eines Slave-Tools, zus\u00e4tzliche Module zu kaufen.<\/p>\n<h2>Verwandte Produkte<\/h2>\n<h3>BitEdit<\/h3>\n<p>BitEdit ist eine Software zur Bearbeitung von ECU-Kalibrierungen. Bitte beachten Sie, dass BitEdit nur eine Kalibrierungssoftware ist und nicht zum Lesen oder Schreiben von Dateien in die ECU verwendet werden kann. Dies erfolgt mit Slave- oder Master-Tools.<\/p>\n<p><img loading=\"lazy\" decoding=\"async\" src=\"https:\/\/www.ziptuning.com\/wp-content\/uploads\/2020\/07\/bitbox-usb-dongle-1.png\" alt=\"BitBox USB-Sicherheitsdongle\" width=\"200\" height=\"227\" class=\"alignnone size-full wp-image-276605\" \/><\/p>\n<p>Wenn Sie eine ECU-Datei mit BitEdit \u00f6ffnen, wird die Datei automatisch erkannt, und Ihnen wird eine Liste m\u00f6glicher Kalibrierungen angezeigt, die Sie bearbeiten k\u00f6nnen.<\/p>\n<p><img loading=\"lazy\" decoding=\"async\" src=\"https:\/\/www.ziptuning.com\/wp-content\/uploads\/2020\/08\/bitedit-new-1.jpg\" alt=\"\" width=\"1000\" height=\"540\" class=\"alignnone size-full wp-image-276667\" \/><\/p>\n<p>Aktuelle Liste der Fahrzeuge, die Sie mit BitBox tunen k\u00f6nnen<br \/>\n<a href=\"http:\/\/bitbox.ru\/portal\/misc\/cardb-download\" target=\"_blank\" rel=\"noopener noreferrer\">http:\/\/bitbox.ru\/portal\/misc\/cardb-download<\/a><\/p>\n<h3>USB-Sicherheitsdongle<\/h3>\n<p>Der Sicherheitsdongle identifiziert den Benutzer und die aktivierten Lizenzen. Es handelt sich um ein obligatorisches Ger\u00e4t, das nur einmal erworben werden muss und mit allen Softwaremodulen kompatibel ist.<\/p>\n<div class=\"call-to-action-box\">\n<div class=\"col\">\n<h3>Ben\u00f6tigen Sie eine Verbindung Ihres BitBox-Slave mit unserem Master?<\/h3>\n<\/div>\n<div class=\"col\"><a href=\"https:\/\/portal.ziptuning.com\/register\" class=\"call-reg\" target=\"_blank\" rel=\"noopener\">Jetzt registrieren<\/a><span> oder Haben Sie bereits ein Konto? <a href=\"https:\/\/portal.ziptuning.com\/\" class=\"call-login\" target=\"_blank\" rel=\"noopener\">Jetzt einloggen<\/a><\/span><\/div>\n<\/div>\n","protected":false},"excerpt":{"rendered":"<p>Das BitBox Slave-Tool erm\u00f6glicht das Lesen und Schreiben des Motorsteuerger\u00e4ts (ECU) \u00fcber den CAN-Bus oder die K-Line. Da es sich um ein Slave-Tool handelt, muss diese Version mit einem Master-Tool verbunden werden, um eine modifizierte Datei zu erhalten. Sobald die modifizierte Datei empfangen wurde, kann das BitBox Slave-Tool sie im Fahrzeug installieren. Der Prozess verl\u00e4uft<\/p>\n","protected":false},"author":1,"featured_media":0,"parent":208968,"menu_order":0,"comment_status":"open","ping_status":"closed","template":"","meta":{"_acf_changed":false,"footnotes":""},"class_list":["post-209242","page","type-page","status-publish","hentry"],"acf":[],"_links":{"self":[{"href":"https:\/\/www.ziptuning.com\/de\/wp-json\/wp\/v2\/pages\/209242","targetHints":{"allow":["GET"]}}],"collection":[{"href":"https:\/\/www.ziptuning.com\/de\/wp-json\/wp\/v2\/pages"}],"about":[{"href":"https:\/\/www.ziptuning.com\/de\/wp-json\/wp\/v2\/types\/page"}],"author":[{"embeddable":true,"href":"https:\/\/www.ziptuning.com\/de\/wp-json\/wp\/v2\/users\/1"}],"replies":[{"embeddable":true,"href":"https:\/\/www.ziptuning.com\/de\/wp-json\/wp\/v2\/comments?post=209242"}],"version-history":[{"count":3,"href":"https:\/\/www.ziptuning.com\/de\/wp-json\/wp\/v2\/pages\/209242\/revisions"}],"predecessor-version":[{"id":211973,"href":"https:\/\/www.ziptuning.com\/de\/wp-json\/wp\/v2\/pages\/209242\/revisions\/211973"}],"up":[{"embeddable":true,"href":"https:\/\/www.ziptuning.com\/de\/wp-json\/wp\/v2\/pages\/208968"}],"wp:attachment":[{"href":"https:\/\/www.ziptuning.com\/de\/wp-json\/wp\/v2\/media?parent=209242"}],"curies":[{"name":"wp","href":"https:\/\/api.w.org\/{rel}","templated":true}]}}