{"id":209241,"date":"2023-05-04T07:35:50","date_gmt":"2023-05-04T07:35:50","guid":{"rendered":"https:\/\/www.ziptuning.com\/de\/connect-your-slave-autotuner-and-kessv2-tools-to-our-master-tool\/"},"modified":"2024-10-07T12:12:42","modified_gmt":"2024-10-07T12:12:42","slug":"connect-your-slave-autotuner-and-kessv2-tools-to-our-master-tool","status":"publish","type":"page","link":"https:\/\/www.ziptuning.com\/de\/tuning-file\/connect-your-slave-autotuner-and-kessv2-tools-to-our-master-tool\/","title":{"rendered":"Verbinden Sie Ihre Slave-Autotuner und KESSv2-Tools mit unserem Master-Tool"},"content":{"rendered":"<p>Wir freuen uns, bekannt zu geben, dass wir nun die Verbindung von Autotuner- und KESSv2-Slave-Tools zu unseren Master-Tools erm\u00f6glichen.<\/p>\n<p>W\u00e4hrend unsere Kunden bereits ihre CMD Flashtec und Alientech K-TAG mit unseren Master-Tools verbinden konnten, bieten wir jetzt dieselbe M\u00f6glichkeit f\u00fcr unsere Kunden, die Autotuner- und KESSv2-Slave-Tools verwenden. Sie k\u00f6nnen jetzt Ihre Autotuner- und KESSv2-Slave-Tools mit unseren Master-Tools verbinden und von der gesch\u00e4tzten ZIP Tuning-Qualit\u00e4t profitieren, die nun mit noch gr\u00f6\u00dferer Vielseitigkeit verf\u00fcgbar ist.<\/p>\n<ul>\n<li><a href=\"#anchor1\">Alientech KESSv2<\/a><\/li>\n<li><a href=\"#anchor2\">Autotuner<\/a><\/li>\n<li><a href=\"#anchor3\">Warum ZIP Tuning w\u00e4hlen?<\/a><\/li>\n<li><a href=\"#anchor4\">Wie man Tuning-Dateien von ZIP Tuning erh\u00e4lt<\/a><\/li>\n<\/ul>\n<p><a name=\"anchor1\"><\/a><\/p>\n<h2>Alientech KESSv2<\/h2>\n<p>Hergestellt von Alientech, einem der renommiertesten Hersteller von Tuning-Tools, ist das KESSv2-Slave-Tool eines der vielseitigsten Tuning-Werkzeuge auf dem heutigen Markt.<\/p>\n<p>Es erm\u00f6glicht das Schreiben von Dateien in nahezu jedes Steuerger\u00e4t (ECU) \u00fcber den OBD-Port innerhalb weniger Minuten. Es kann \u00fcber den Standard-OBD-Port oder, falls Ihr Fahrzeug \u00fcber einen nicht standardm\u00e4\u00dfigen Anschluss verf\u00fcgt, \u00fcber ein universelles Kabel mit 5 Dr\u00e4hten an die ECU angeschlossen werden.<\/p>\n<p><img loading=\"lazy\" decoding=\"async\" src=\"https:\/\/www.ziptuning.com\/wp-content\/uploads\/2020\/05\/KESSv2-tool.jpg\" alt=\"\" width=\"1000\" height=\"750\" class=\"aligncenter size-full wp-image-268224\" \/><\/p>\n<p>Es erm\u00f6glicht Ihnen, Originaldateien zu lesen oder Autos zu tunen, aber auch viele andere Fahrzeuge und Maschinen, einschlie\u00dflich Motorr\u00e4dern, Lastwagen, landwirtschaftlichen Maschinen wie Traktoren oder M\u00e4hdreschern, Booten, Wasserrollern und Jetskis.<\/p>\n<p>Einige der Vorteile des KESSv2 umfassen:<\/p>\n<ul>\n<li>Automatische Pr\u00fcfsummen-Korrektur,<\/li>\n<li>Sicherer Betrieb,<\/li>\n<li>Regelm\u00e4\u00dfige Updates f\u00fcr die neuesten Modelle,<\/li>\n<li>Illustriertes Handbuch in mehreren Sprachen,<\/li>\n<li>Intuitive Benutzeroberfl\u00e4che,<\/li>\n<li>Kompatibilit\u00e4t mit einer Vielzahl von Marken und Modellen.<\/li>\n<\/ul>\n<p>Was KESSv2 und ZIP Tuning zur perfekten Kombination macht, ist die Tatsache, dass Sie jetzt m\u00fchelos und mit Vertrauen in die Welt des Tunings eintauchen k\u00f6nnen, indem Sie Ihr KESSv2-Slave-Tool mit unserem Master-Tool verbinden. Auf diese Weise k\u00f6nnen Sie unsere ma\u00dfgeschneiderten Tuning-Dateien nutzen, die von unseren branchenf\u00fchrenden Ingenieuren entwickelt wurden.<\/p>\n<div class=\"call-to-action-box\">\n<div class=\"col\">\n<h3>M\u00f6chten Sie Ihr KESSv2-Slave-Tool mit unserem Master-Tool verbinden?<\/h3>\n<\/div>\n<div class=\"col\"><a href=\"https:\/\/portal.ziptuning.com\/register\" class=\"call-reg\" target=\"_blank\" rel=\"noopener\">Jetzt registrieren<\/a><span> oder haben Sie bereits ein Konto, <a href=\"https:\/\/portal.ziptuning.com\/\" class=\"call-login\" target=\"_blank\" rel=\"noopener\">jetzt einloggen<\/a><\/span><\/div>\n<\/div>\n<p><a name=\"anchor2\"><\/a><\/p>\n<h2>Autotuner<\/h2>\n<p>Im Einklang mit den neuesten Branchentrends und an der Spitze der technischen Entwicklung steht das Autotuner-Tuning-Tool, die neueste Wahl vieler Tuner.<\/p>\n<p>Es ist ein universelles Werkzeug, das den Zugang zu einer gro\u00dfen Anzahl von Steuerger\u00e4ten (ECUs) entweder \u00fcber den OBD-Port oder im Boot-Modus Tricore Infineon (BSL) erm\u00f6glicht.<\/p>\n<p><img loading=\"lazy\" decoding=\"async\" src=\"https:\/\/www.ziptuning.com\/wp-content\/uploads\/2020\/05\/Autotuner-tool.jpg\" alt=\"\" width=\"1000\" height=\"667\" class=\"aligncenter size-full wp-image-268225\" \/><\/p>\n<p>Dank seiner optimierten ECU-Kommunikation und seinem Cortex-m3-Prozessor ist der Autotuner eines der schnellsten Tuning-Tools auf dem Markt. Es erm\u00f6glicht schnellen, sicheren und zuverl\u00e4ssigen Betrieb und erlaubt es Ihnen, Dateien problemlos aus der ECU zu lesen und in sie zu schreiben.<\/p>\n<p>Einige der Hauptvorteile des <a href=\"https:\/\/www.autotuner-tool.com\/en\/shop\/order\" target=\"_blank\" rel=\"noopener noreferrer\">Autotuner-Tools<\/a> umfassen:<\/p>\n<ul>\n<li>Kostenlose regelm\u00e4\u00dfige Updates<\/li>\n<li>Direkter technischer Support<\/li>\n<li>Ultra-schnelles Lesen<\/li>\n<li>Benutzerfreundliche Oberfl\u00e4che<\/li>\n<li>Schritt-f\u00fcr-Schritt-Anleitungen im Hilfebereich<\/li>\n<li>Es ist KEIN Abonnement erforderlich<\/li>\n<li>Updates f\u00fcr die neuesten Modelle<\/li>\n<li>Kompatibilit\u00e4t mit einer Vielzahl von Steuerger\u00e4ten und Fahrzeugen<\/li>\n<\/ul>\n<p>Der Autotuner muss an mindestens ein Master-Tool angeschlossen werden, und die beste Wahl f\u00fcr Autotuner-Slave-Tools ist das ZIP Tuning Master-Tool. Genau wie beim KESSv2, K-TAG und CMD Flashtec sorgen die Erfahrung und das Know-how unserer Ingenieure, die schnelle Abwicklung und der direkte Support f\u00fcr einen schnellen und sicheren Betrieb der Autotuner-Slave-Tools und machen sie zur perfekten Kombination mit unseren erstklassigen Tuning-Dateien.<\/p>\n<div class=\"call-to-action-box\">\n<div class=\"col\">\n<h3>M\u00f6chten Sie Ihren Autotuner-Slave mit unserem Master-Tool verbinden?<\/h3>\n<\/div>\n<div class=\"col\"><a href=\"https:\/\/portal.ziptuning.com\/register\" class=\"call-reg\" target=\"_blank\" rel=\"noopener\">Jetzt registrieren<\/a><span> oder haben Sie bereits ein Konto, <a href=\"https:\/\/portal.ziptuning.com\/\" class=\"call-login\" target=\"_blank\" rel=\"noopener\">jetzt einloggen<\/a><\/span><\/div>\n<\/div>\n<p><a name=\"anchor3\"><\/a><\/p>\n<h2>Warum ZIP Tuning w\u00e4hlen?<\/h2>\n<p>Wenn Sie auf dieser Website sind, kennen Sie wahrscheinlich bereits die Antwort.<\/p>\n<p>Unsere Ingenieure tunen seit Jahrzehnten verschiedene Arten von Fahrzeugen, von Alltagsautos bis hin zu Rennanwendungen, aufwendigen Stage 3- und Stage 4-Projekten, maritimen und landwirtschaftlichen Maschinen und Fahrzeugen und sogar Flugzeugen.<\/p>\n<p>Wir geh\u00f6ren zu den Ersten, die Dateien f\u00fcr die neuesten Fahrzeuge entwickeln, und wir ver\u00f6ffentlichen st\u00e4ndig Updates und \u00dcberarbeitungen, um unseren Kunden den bestm\u00f6glichen Service zu bieten.<\/p>\n<p>Sollten Sie jemals Unterst\u00fctzung ben\u00f6tigen oder auf ein Problem sto\u00dfen, bieten wir direkten Support per E-Mail oder \u00fcber <a href=\"https:\/\/web.whatsapp.com\/send?phone=31631961876&amp;text=&amp;source=&amp;data=\" target=\"_blank\" rel=\"noopener\">WhatsApp<\/a> an, wo einer unserer Ingenieure bereit ist zu helfen.<\/p>\n<p><a name=\"anchor4\"><\/a><\/p>\n<h2>Wie man Tuning-Dateien von ZIP Tuning erh\u00e4lt<\/h2>\n<p><a href=\"https:\/\/portal.ziptuning.com\/register\" target=\"_blank\" rel=\"noopener\">Registrieren<\/a> Sie sich auf unserem Portal, verbinden Sie Ihr Tool, erwerben Sie Credits und genie\u00dfen Sie das beste Tuning-Erlebnis, das auf dem Markt erh\u00e4ltlich ist, jetzt auch f\u00fcr Alientech KESSv2- oder Autotuner-Slave-Tools.<\/p>\n","protected":false},"excerpt":{"rendered":"<p>Wir freuen uns, bekannt zu geben, dass wir nun die Verbindung von Autotuner- und KESSv2-Slave-Tools zu unseren Master-Tools erm\u00f6glichen. W\u00e4hrend unsere Kunden bereits ihre CMD Flashtec und Alientech K-TAG mit unseren Master-Tools verbinden konnten, bieten wir jetzt dieselbe M\u00f6glichkeit f\u00fcr unsere Kunden, die Autotuner- und KESSv2-Slave-Tools verwenden. Sie k\u00f6nnen jetzt Ihre Autotuner- und KESSv2-Slave-Tools mit<\/p>\n","protected":false},"author":1,"featured_media":0,"parent":208968,"menu_order":0,"comment_status":"open","ping_status":"closed","template":"","meta":{"_acf_changed":false,"footnotes":""},"class_list":["post-209241","page","type-page","status-publish","hentry"],"acf":[],"_links":{"self":[{"href":"https:\/\/www.ziptuning.com\/de\/wp-json\/wp\/v2\/pages\/209241","targetHints":{"allow":["GET"]}}],"collection":[{"href":"https:\/\/www.ziptuning.com\/de\/wp-json\/wp\/v2\/pages"}],"about":[{"href":"https:\/\/www.ziptuning.com\/de\/wp-json\/wp\/v2\/types\/page"}],"author":[{"embeddable":true,"href":"https:\/\/www.ziptuning.com\/de\/wp-json\/wp\/v2\/users\/1"}],"replies":[{"embeddable":true,"href":"https:\/\/www.ziptuning.com\/de\/wp-json\/wp\/v2\/comments?post=209241"}],"version-history":[{"count":2,"href":"https:\/\/www.ziptuning.com\/de\/wp-json\/wp\/v2\/pages\/209241\/revisions"}],"predecessor-version":[{"id":211975,"href":"https:\/\/www.ziptuning.com\/de\/wp-json\/wp\/v2\/pages\/209241\/revisions\/211975"}],"up":[{"embeddable":true,"href":"https:\/\/www.ziptuning.com\/de\/wp-json\/wp\/v2\/pages\/208968"}],"wp:attachment":[{"href":"https:\/\/www.ziptuning.com\/de\/wp-json\/wp\/v2\/media?parent=209241"}],"curies":[{"name":"wp","href":"https:\/\/api.w.org\/{rel}","templated":true}]}}