{"id":209209,"date":"2023-03-15T06:00:16","date_gmt":"2023-03-15T06:00:16","guid":{"rendered":"https:\/\/www.ziptuning.com\/de\/pricing\/"},"modified":"2023-03-15T06:39:36","modified_gmt":"2023-03-15T06:39:36","slug":"pricing","status":"publish","type":"page","link":"https:\/\/www.ziptuning.com\/de\/pricing\/","title":{"rendered":"Preisgestaltung"},"content":{"rendered":"<div class=\"supported-payment-methods\">\n<h3>Unterst\u00fctzte Zahlungsarten<\/h3>\n<p><img decoding=\"async\" src=\"https:\/\/www.ziptuning.com\/wp-content\/uploads\/2020\/01\/ziptuning-payment-methods.svg\" alt=\"ziptuning-supported-payment-methods\"  class=\"size-full wp-image-252977\"  role=\"img\" \/>\n<\/div>\n<div class=\"tools-pricing-list\">\n<h3>Tuning-Werkzeuge<\/h3>\n<p>Wir liefern Dateien und schnellen Support f\u00fcr die folgenden Tuning-Tools<\/p>\n<div class=\"col-md-3 hidden-sm hidden-xs\">\n<i class=\"fa fa-check-square\" aria-hidden=\"true\"><\/i> CMD Flashtec<br \/>\n<i class=\"fa fa-check-square\" aria-hidden=\"true\"><\/i> Autotuner<br \/>\n<i class=\"fa fa-check-square\" aria-hidden=\"true\"><\/i> Dimsport<br \/>\n<i class=\"fa fa-check-square\" aria-hidden=\"true\"><\/i> EVC<\/div>\n<div class=\"col-md-3 hidden-sm hidden-xs\">\n<i class=\"fa fa-check-square\" aria-hidden=\"true\"><\/i> Alientech<br \/>\n<i class=\"fa fa-check-square\" aria-hidden=\"true\"><\/i> Magic<br \/>\n<i class=\"fa fa-check-square\" aria-hidden=\"true\"><\/i> Frieling<br \/>\n<i class=\"fa fa-check-square\" aria-hidden=\"true\"><\/i> MPPS<\/div>\n<div class=\"col-md-3 hidden-sm hidden-xs\">\n<i class=\"fa fa-check-square\" aria-hidden=\"true\"><\/i> FGTech<br \/>\n<i class=\"fa fa-check-square\" aria-hidden=\"true\"><\/i> Byteshooter<br \/>\n<i class=\"fa fa-check-square\" aria-hidden=\"true\"><\/i> FEMTO<br \/>\n<i class=\"fa fa-check-square\" aria-hidden=\"true\"><\/i> VF2 Flasher<\/div>\n<div class=\"col-md-3 hidden-sm hidden-xs\">\n<i class=\"fa fa-check-square\" aria-hidden=\"true\"><\/i> Bitbox<br \/>\n<i class=\"fa fa-check-square\" aria-hidden=\"true\"><\/i> PCMFlash<br \/>\n<i class=\"fa fa-check-square\" aria-hidden=\"true\"><\/i> MMCFlash<\/div>\n<div class=\"clearfix\"><\/div>\n<div class=\"col-sm-6 col-xs-6 hidden-lg hidden-md\">\n<i class=\"fa fa-check-square\" aria-hidden=\"true\"><\/i> CMD Flashtec<br \/>\n<i class=\"fa fa-check-square\" aria-hidden=\"true\"><\/i> Autotuner<br \/>\n<i class=\"fa fa-check-square\" aria-hidden=\"true\"><\/i> Dimsport<br \/>\n<i class=\"fa fa-check-square\" aria-hidden=\"true\"><\/i> EVC<br \/>\n<i class=\"fa fa-check-square\" aria-hidden=\"true\"><\/i> Alientech<br \/>\n<i class=\"fa fa-check-square\" aria-hidden=\"true\"><\/i> Magic<br \/>\n<i class=\"fa fa-check-square\" aria-hidden=\"true\"><\/i> Bitbox<\/div>\n<div class=\"col-sm-6 col-xs-6 hidden-lg hidden-md\">\n<i class=\"fa fa-check-square\" aria-hidden=\"true\"><\/i> Frieling<br \/>\n<i class=\"fa fa-check-square\" aria-hidden=\"true\"><\/i> MPPS<br \/>\n<i class=\"fa fa-check-square\" aria-hidden=\"true\"><\/i> FGTech<br \/>\n<i class=\"fa fa-check-square\" aria-hidden=\"true\"><\/i> Byteshooter<br \/>\n<i class=\"fa fa-check-square\" aria-hidden=\"true\"><\/i> FEMTO<br \/>\n<i class=\"fa fa-check-square\" aria-hidden=\"true\"><\/i> VF2 Flasher<br \/>\n<i class=\"fa fa-check-square\" aria-hidden=\"true\"><\/i> PCMFlash<br \/>\n<i class=\"fa fa-check-square\" aria-hidden=\"true\"><\/i> MMCFlash<\/div>\n<div class=\"clearfix\"><\/div>\n<\/div>\n<table class=\"table table-striped\">\n<thead>\n<tr>\n<th>Tuning Dateien<\/th>\n<th>Euro<\/th>\n<\/tr>\n<\/thead>\n<tbody>\n<tr>\n<td><i class=\"fa fa-check-circle\" aria-hidden=\"true\"><\/i> Fahrzeugtuning Stufe 1<span class=\"sub-services\">&#8211; Stufe 1 f\u00fcr Fahrzeuge vor 2005 &#8211; Stufe 1 f\u00fcr Fahrzeuge zwischen 2006-2011 &#8211; Stufe 1 f\u00fcr Fahrzeuge nach 2012<\/span><\/td>\n<td><a href=\"https:\/\/portal.ziptuning.com\/\" class=\"check-pricing\" target=\"_blank\" rel=\"noopener\">Siehe Preisgestaltung<\/a><\/td>\n<\/tr>\n<tr>\n<td><i class=\"fa fa-check-circle\" aria-hidden=\"true\"><\/i> Auto-Tuning Stufe 2<\/td>\n<td><a href=\"https:\/\/portal.ziptuning.com\/\" class=\"check-pricing\" target=\"_blank\" rel=\"noopener\">Siehe Preise<\/a><\/td>\n<\/tr>\n<tr>\n<td><i class=\"fa fa-check-circle\" aria-hidden=\"true\"><\/i> Autotuning Stufe 3 Basis<span class=\"sub-services\">&#8211; Feinabstimmung (auf Basis von Datalogs)<\/span><\/td>\n<td><a href=\"https:\/\/portal.ziptuning.com\/\" class=\"check-pricing\" target=\"_blank\" rel=\"noopener\">Siehe Preise<\/a><\/td>\n<\/tr>\n<tr>\n<td><i class=\"fa fa-check-circle\" aria-hidden=\"true\"><\/i> Kombinationsdateien Stufe 1 oder Stufe 2 + L\u00f6schdateien<\/td>\n<td><a href=\"https:\/\/portal.ziptuning.com\/\" class=\"check-pricing\" target=\"_blank\" rel=\"noopener\">Siehe Preise<\/a><\/td>\n<\/tr>\n<\/tbody>\n<\/table>\n<table class=\"table table-striped\">\n<thead>\n<tr>\n<th>Dateien l\u00f6schen<\/th>\n<th>Euro<\/th>\n<\/tr>\n<\/thead>\n<tbody>\n<tr>\n<td><i class=\"fa fa-check-circle\" aria-hidden=\"true\"><\/i> DPF ausschalten<\/td>\n<td><a href=\"https:\/\/portal.ziptuning.com\/\" class=\"check-pricing\" target=\"_blank\" rel=\"noopener\">Siehe Preiskalkulation<\/a><\/td>\n<\/tr>\n<tr>\n<td><i class=\"fa fa-check-circle\" aria-hidden=\"true\"><\/i> Adblue aus<\/td>\n<td><a href=\"https:\/\/portal.ziptuning.com\/\" class=\"check-pricing\" target=\"_blank\" rel=\"noopener\">Siehe Preise<\/a><\/td>\n<\/tr>\n<tr>\n<td><i class=\"fa fa-check-circle\" aria-hidden=\"true\"><\/i> VMAX \/ Geschwindigkeitslimit aus<\/td>\n<td><a href=\"https:\/\/portal.ziptuning.com\/\" class=\"check-pricing\" target=\"_blank\" rel=\"noopener\">Siehe Preise<\/a><\/td>\n<\/tr>\n<tr>\n<td><i class=\"fa fa-check-circle\" aria-hidden=\"true\"><\/i> AGR aus<\/td>\n<td><a href=\"https:\/\/portal.ziptuning.com\/\" class=\"check-pricing\" target=\"_blank\" rel=\"noopener\">Siehe Preisgestaltung<\/a><\/td>\n<\/tr>\n<td><i class=\"fa fa-check-circle\" aria-hidden=\"true\"><\/i> Selektiver DTC aus<\/td>\n<td><a href=\"https:\/\/portal.ziptuning.com\/\" class=\"check-pricing\" target=\"_blank\" rel=\"noopener\">Siehe Preiskalkulation<\/a><\/td>\n<\/tr>\n<tr>\n<td><i class=\"fa fa-check-circle\" aria-hidden=\"true\"><\/i> DECAT<\/td>\n<td><a href=\"https:\/\/portal.ziptuning.com\/\" class=\"check-pricing\" target=\"_blank\" rel=\"noopener\">Siehe Preisgestaltung<\/a><\/td>\n<\/tr>\n<tr>\n<td><i class=\"fa fa-check-circle\" aria-hidden=\"true\"><\/i> Start\/Stopp-System aus<\/td>\n<td><a href=\"https:\/\/portal.ziptuning.com\/\" class=\"check-pricing\" target=\"_blank\" rel=\"noopener\">Siehe Preisgestaltung<\/a><\/td>\n<\/tr>\n<tr>\n<td><i class=\"fa fa-check-circle\" aria-hidden=\"true\"><\/i> NOX aus<\/td>\n<td><a href=\"https:\/\/portal.ziptuning.com\/\" class=\"check-pricing\" target=\"_blank\" rel=\"noopener\">Siehe Preisgestaltung<\/a><\/td>\n<\/tr>\n<tr>\n<td><i class=\"fa fa-check-circle\" aria-hidden=\"true\"><\/i> Maff aus<\/td>\n<td><a href=\"https:\/\/portal.ziptuning.com\/\" class=\"check-pricing\" target=\"_blank\" rel=\"noopener\">Siehe Preisangaben<\/a><\/td>\n<\/tr>\n<tr>\n<td><i class=\"fa fa-check-circle\" aria-hidden=\"true\"><\/i> Klappen aus<\/td>\n<td><a href=\"https:\/\/portal.ziptuning.com\/\" class=\"check-pricing\" target=\"_blank\" rel=\"noopener\">Siehe Preiskalkulation<\/a><\/td>\n<\/tr>\n<tr>\n<td><i class=\"fa fa-check-circle\" aria-hidden=\"true\"><\/i> Kombination l\u00f6schen Dateien<\/td>\n<td><a href=\"https:\/\/portal.ziptuning.com\/\" class=\"check-pricing\" target=\"_blank\" rel=\"noopener\">Siehe Preisgestaltung<\/a><\/td>\n<\/tr>\n<\/tbody>\n<\/table>\n<table class=\"table table-striped\">\n<thead>\n<tr>\n<th>Andere Dateien<\/th>\n<th>Euro<\/th>\n<\/tr>\n<\/thead>\n<tbody>\n<tr>\n<td><i class=\"fa fa-check-circle\" aria-hidden=\"true\"><\/i> Landwirtschaftliche Tuning-Dateien<\/td>\n<td><a href=\"https:\/\/portal.ziptuning.com\/\" class=\"check-pricing\" target=\"_blank\" rel=\"noopener\">Siehe Preise<\/a><\/td>\n<\/tr>\n<tr>\n<td><i class=\"fa fa-check-circle\" aria-hidden=\"true\"><\/i> Lkw-Tuningdateien<\/td>\n<td><a href=\"https:\/\/portal.ziptuning.com\/\" class=\"check-pricing\" target=\"_blank\" rel=\"noopener\">Siehe Preisgestaltung<\/a><\/td>\n<\/tr>\n<tr>\n<td><i class=\"fa fa-check-circle\" aria-hidden=\"true\"><\/i> Motor-\/Quad-Tuningdateien<\/td>\n<td><a href=\"https:\/\/portal.ziptuning.com\/\" class=\"check-pricing\" target=\"_blank\" rel=\"noopener\">Siehe Preiskalkulation<\/a><\/td>\n<\/tr>\n<tr>\n<td><i class=\"fa fa-check-circle\" aria-hidden=\"true\"><\/i> Boot\/Jetski-Tuningdateien<\/td>\n<td><a href=\"https:\/\/portal.ziptuning.com\/\" class=\"check-pricing\" target=\"_blank\" rel=\"noopener\">Siehe Preise<\/a><\/td>\n<\/tr>\n<td><i class=\"fa fa-check-circle\" aria-hidden=\"true\"><\/i> NLS keine Hubschaltung<\/td>\n<td><a href=\"https:\/\/portal.ziptuning.com\/\" class=\"check-pricing\" target=\"_blank\" rel=\"noopener\">Siehe Preise<\/a><\/td>\n<\/tr>\n<tr>\n<td><i class=\"fa fa-check-circle\" aria-hidden=\"true\"><\/i> Pop und Knall (Stufe 1 \/ Stufe 2)<\/td>\n<td><a href=\"https:\/\/portal.ziptuning.com\/\" class=\"check-pricing\" target=\"_blank\" rel=\"noopener\">Siehe Preisgestaltung<\/a><\/td>\n<\/tr>\n<tr>\n<td><i class=\"fa fa-check-circle\" aria-hidden=\"true\"><\/i> Skalierung von Einspritzd\u00fcsen\/MAF\/MAP\/andere<\/td>\n<td><a href=\"https:\/\/portal.ziptuning.com\/\" class=\"check-pricing\" target=\"_blank\" rel=\"noopener\">Auf Anfrage<\/a><\/td>\n<\/tr>\n<tr>\n<td><i class=\"fa fa-check-circle\" aria-hidden=\"true\"><\/i> Hei\u00dfstart-Fix<\/td>\n<td><a href=\"https:\/\/portal.ziptuning.com\/\" class=\"check-pricing\" target=\"_blank\" rel=\"noopener\">Siehe Preiskalkulation<\/a><\/td>\n<\/tr>\n<tr>\n<td><i class=\"fa fa-check-circle\" aria-hidden=\"true\"><\/i> Kaltstart\/Katalysatorheizung aus<\/td>\n<td><a href=\"https:\/\/portal.ziptuning.com\/\" class=\"check-pricing\" target=\"_blank\" rel=\"noopener\">Siehe Preiskalkulation<\/a><\/td>\n<\/tr>\n<tr>\n<td><i class=\"fa fa-check-circle\" aria-hidden=\"true\"><\/i> Auspuffklappensteuerung<\/td>\n<td><a href=\"https:\/\/portal.ziptuning.com\/\" class=\"check-pricing\" target=\"_blank\" rel=\"noopener\">Siehe Preisgestaltung<\/a><\/td>\n<\/tr>\n<tr>\n<td><i class=\"fa fa-check-circle\" aria-hidden=\"true\"><\/i> Sportbutton tunen<\/td>\n<td><a href=\"https:\/\/portal.ziptuning.com\/\" class=\"check-pricing\" target=\"_blank\" rel=\"noopener\">Siehe Preisgestaltung<\/a><\/td>\n<\/tr>\n<tr>\n<td><i class=\"fa fa-check-circle\" aria-hidden=\"true\"><\/i> Karte schalten<\/td>\n<td><a href=\"https:\/\/portal.ziptuning.com\/\" class=\"check-pricing\" target=\"_blank\" rel=\"noopener\">Siehe Preise<\/a><\/td>\n<\/tr>\n<tr>\n<td><i class=\"fa fa-check-circle\" aria-hidden=\"true\"><\/i> Startkontrolle<\/td>\n<td><a href=\"https:\/\/portal.ziptuning.com\/\" class=\"check-pricing\" target=\"_blank\" rel=\"noopener\">Auf Anfrage<\/a><\/td>\n<\/tr>\n<tr>\n<td><i class=\"fa fa-check-circle\" aria-hidden=\"true\"><\/i> OBD-Schutz<\/td>\n<td><a href=\"https:\/\/portal.ziptuning.com\/\" class=\"check-pricing\" target=\"_blank\" rel=\"noopener\">Siehe Preiskalkulation<\/a><\/td>\n<\/tr>\n<tr>\n<td><i class=\"fa fa-check-circle\" aria-hidden=\"true\"><\/i> Echte Antilag<\/td>\n<td><a href=\"https:\/\/portal.ziptuning.com\/\" class=\"check-pricing\" target=\"_blank\" rel=\"noopener\">Siehe Preise<\/a><\/td>\n<\/tr>\n<tr>\n<td><i class=\"fa fa-check-circle\" aria-hidden=\"true\"><\/i> REV \/ RPM Grenze h\u00f6her \/ niedriger<\/td>\n<td><a href=\"https:\/\/portal.ziptuning.com\/\" class=\"check-pricing\" target=\"_blank\" rel=\"noopener\">Siehe Preiskalkulation<\/a><\/td>\n<\/tr>\n<tr>\n<td><i class=\"fa fa-check-circle\" aria-hidden=\"true\"><\/i> Hartschnitt-Begrenzer<\/td>\n<td><a href=\"https:\/\/portal.ziptuning.com\/\" class=\"check-pricing\" target=\"_blank\" rel=\"noopener\">Siehe Preise<\/a><\/td>\n<\/tr>\n<tr>\n<td><i class=\"fa fa-check-circle\" aria-hidden=\"true\"><\/i> Stufe 1 oder 2 + e85<\/td>\n<td><a href=\"https:\/\/portal.ziptuning.com\/\" class=\"check-pricing\" target=\"_blank\" rel=\"noopener\">Siehe Preise<\/a><\/td>\n<\/tr>\n<\/tbody>\n<\/table>\n<table class=\"table table-striped\">\n<thead>\n<tr>\n<th>Getriebetuning<\/th>\n<th>Euro<\/th>\n<\/tr>\n<\/thead>\n<tbody>\n<tr>\n<td><i class=\"fa fa-check-circle\" aria-hidden=\"true\"><\/i> Stufe 1<span class=\"sub-services\">&#8211; Optimierte Schaltpunkte &#8211; Optimierte Schaltgeschwindigkeiten &#8211; Drehmomentbegrenzungen<\/span><\/td>\n<td><a href=\"https:\/\/portal.ziptuning.com\/\" class=\"check-pricing\" target=\"_blank\" rel=\"noopener\">Siehe Preise<\/a><\/td>\n<\/tr>\n<tr>\n<td><i class=\"fa fa-check-circle\" aria-hidden=\"true\"><\/i> Stufe 2<span class=\"sub-services\">&#8211; Optimierte Schaltpunkte &#8211; Optimierte Schaltgeschwindigkeiten &#8211; Drehmomentbegrenzungen &#8211; Startkontrolle &#8211; Drehzahlbegrenzung Optional: &#8211; Vollst\u00e4ndige manuelle Schaltung &#8211; Kickdown-Entfernung &#8211; Bremsen mit dem linken Fu\u00df &#8211; Sonderwunsch<\/span><\/td>\n<td><a href=\"https:\/\/portal.ziptuning.com\/\" class=\"check-pricing\" target=\"_blank\" rel=\"noopener\">Siehe Preise<\/a><\/td>\n<\/tr>\n<tr>\n<td><i class=\"fa fa-check-circle\" aria-hidden=\"true\"><\/i> Stufe 3<span class=\"sub-services\">&#8211; Alle Funktionen der Stufe 2 &#8211; Erh\u00f6hter Kupplungsanpressdruck<\/span><\/td>\n<td><a href=\"https:\/\/portal.ziptuning.com\/\" class=\"check-pricing\" target=\"_blank\" rel=\"noopener\">Siehe Preiskalkulation<\/a><\/td>\n<\/tr>\n<tr>\n<td><i class=\"fa fa-check-circle\" aria-hidden=\"true\"><\/i> Probleml\u00f6sung<span class=\"sub-services\">&#8211; Sch\u00fcttelprobleml\u00f6sung bei niedrigen Drehzahlen &#8211; Sonder<\/span>wunsch<\/td>\n<td><a href=\"https:\/\/portal.ziptuning.com\/\" class=\"check-pricing\" target=\"_blank\" rel=\"noopener\">Auf Anfrage<\/a><\/td>\n<\/tr>\n<\/tbody>\n<\/table>\n<table class=\"table table-striped\">\n<thead>\n<tr>\n<th>Original Dateien<\/th>\n<th>Euro<\/th>\n<\/tr>\n<\/thead>\n<tbody>\n<tr>\n<td><i class=\"fa fa-check-circle\" aria-hidden=\"true\"><\/i> Originalfeile \/ Lagerfeile Beh\u00e4lter<\/td>\n<td><a href=\"https:\/\/portal.ziptuning.com\/\" class=\"check-pricing\" target=\"_blank\" rel=\"noopener\">Siehe Preisgestaltung<\/a><\/td>\n<\/tr>\n<\/tbody>\n<\/table>\n<table class=\"table table-striped\">\n<thead>\n<tr>\n<th>Besondere Projekte<\/th>\n<th>Euro<\/th>\n<\/tr>\n<\/thead>\n<tbody>\n<tr>\n<td><i class=\"fa fa-check-circle\" aria-hidden=\"true\"><\/i> Sonderprojekte A<\/td>\n<td><a href=\"https:\/\/portal.ziptuning.com\/\" class=\"check-pricing\" target=\"_blank\" rel=\"noopener\">Siehe Preiskalkulation<\/a><\/td>\n<\/tr>\n<tr>\n<td><i class=\"fa fa-check-circle\" aria-hidden=\"true\"><\/i> Sonderprojekte B<\/td>\n<td><a href=\"https:\/\/portal.ziptuning.com\/\" class=\"check-pricing\" target=\"_blank\" rel=\"noopener\">Siehe Preisgestaltung<\/a><\/td>\n<\/tr>\n<tr>\n<td><i class=\"fa fa-check-circle\" aria-hidden=\"true\"><\/i> Sonderprojekte C<\/td>\n<td><a href=\"https:\/\/portal.ziptuning.com\/\" class=\"check-pricing\" target=\"_blank\" rel=\"noopener\">Siehe Preiskalkulation<\/a><\/td>\n<\/tr>\n<tr>\n<td><i class=\"fa fa-check-circle\" aria-hidden=\"true\"><\/i> Sonderprojekte D<\/td>\n<td><a href=\"https:\/\/portal.ziptuning.com\/\" class=\"check-pricing\" target=\"_blank\" rel=\"noopener\">Siehe Preiskalkulation<\/a><\/td>\n<\/tr>\n<td><i class=\"fa fa-check-circle\" aria-hidden=\"true\"><\/i> Sonderprojekte E<\/td>\n<td><a href=\"https:\/\/portal.ziptuning.com\/\" class=\"check-pricing\" target=\"_blank\" rel=\"noopener\">Siehe Preiskalkulation<\/a><\/td>\n<\/tr>\n<\/tbody>\n<\/table>\n<table class=\"table table-striped\">\n<thead>\n<tr>\n<th>MAP-Pakete<\/th>\n<th>Euro<\/th>\n<\/tr>\n<\/thead>\n<tbody>\n<tr>\n<td><i class=\"fa fa-check-circle\" aria-hidden=\"true\"><\/i> Limitiertes Kartenpaket + Tuning-Datei<\/td>\n<td><a href=\"https:\/\/portal.ziptuning.com\/\" class=\"check-pricing\" target=\"_blank\" rel=\"noopener\">Siehe Preise<\/a><\/td>\n<\/tr>\n<tr>\n<td><i class=\"fa fa-check-circle\" aria-hidden=\"true\"><\/i> Super-Kartenpaket (Damos)<\/td>\n<td><a href=\"https:\/\/portal.ziptuning.com\/\" class=\"check-pricing\" target=\"_blank\" rel=\"noopener\">Siehe Preise<\/a><\/td>\n<\/tr>\n<tr>\n<td><i class=\"fa fa-check-circle\" aria-hidden=\"true\"><\/i> Berechnete Tuningdateien<\/td>\n<td><a href=\"https:\/\/portal.ziptuning.com\/\" class=\"check-pricing\" target=\"_blank\" rel=\"noopener\">Siehe Preise<\/a><\/td>\n<\/tr>\n<\/tbody>\n<\/table>\n<table class=\"table table-striped\">\n<thead>\n<tr>\n<th>EVC WINOLS Wiederverk\u00e4ufer<\/th>\n<th>Euro<\/th>\n<\/tr>\n<\/thead>\n<tbody>\n<tr>\n<td><i class=\"fa fa-check-circle\" aria-hidden=\"true\"><\/i> 10 OLSx-Guthaben<\/td>\n<td><a href=\"https:\/\/portal.ziptuning.com\/\" class=\"check-pricing\" target=\"_blank\" rel=\"noopener\">Siehe Preisgestaltung<\/a><\/td>\n<\/tr>\n<\/tbody>\n<\/table>\n","protected":false},"excerpt":{"rendered":"<p>Unterst\u00fctzte Zahlungsarten Tuning-Werkzeuge Wir liefern Dateien und schnellen Support f\u00fcr die folgenden Tuning-Tools CMD Flashtec Autotuner Dimsport EVC Alientech Magic Frieling MPPS FGTech Byteshooter FEMTO VF2 Flasher Bitbox PCMFlash MMCFlash CMD Flashtec Autotuner Dimsport EVC Alientech Magic Bitbox Frieling MPPS FGTech Byteshooter FEMTO VF2 Flasher PCMFlash MMCFlash Tuning Dateien Euro Fahrzeugtuning Stufe 1&#8211; Stufe 1<\/p>\n","protected":false},"author":1,"featured_media":0,"parent":0,"menu_order":0,"comment_status":"open","ping_status":"open","template":"","meta":{"_acf_changed":false,"footnotes":""},"class_list":["post-209209","page","type-page","status-publish","hentry"],"acf":[],"_links":{"self":[{"href":"https:\/\/www.ziptuning.com\/de\/wp-json\/wp\/v2\/pages\/209209","targetHints":{"allow":["GET"]}}],"collection":[{"href":"https:\/\/www.ziptuning.com\/de\/wp-json\/wp\/v2\/pages"}],"about":[{"href":"https:\/\/www.ziptuning.com\/de\/wp-json\/wp\/v2\/types\/page"}],"author":[{"embeddable":true,"href":"https:\/\/www.ziptuning.com\/de\/wp-json\/wp\/v2\/users\/1"}],"replies":[{"embeddable":true,"href":"https:\/\/www.ziptuning.com\/de\/wp-json\/wp\/v2\/comments?post=209209"}],"version-history":[{"count":4,"href":"https:\/\/www.ziptuning.com\/de\/wp-json\/wp\/v2\/pages\/209209\/revisions"}],"predecessor-version":[{"id":209229,"href":"https:\/\/www.ziptuning.com\/de\/wp-json\/wp\/v2\/pages\/209209\/revisions\/209229"}],"wp:attachment":[{"href":"https:\/\/www.ziptuning.com\/de\/wp-json\/wp\/v2\/media?parent=209209"}],"curies":[{"name":"wp","href":"https:\/\/api.w.org\/{rel}","templated":true}]}}