{"id":209181,"date":"2023-01-13T14:14:51","date_gmt":"2023-01-13T14:14:51","guid":{"rendered":"https:\/\/www.ziptuning.com\/de\/?page_id=209181"},"modified":"2024-10-07T09:51:22","modified_gmt":"2024-10-07T09:51:22","slug":"dtc-removal-service","status":"publish","type":"page","link":"https:\/\/www.ziptuning.com\/de\/tuning-file\/dtc-removal-service\/","title":{"rendered":"DTC-Entfernungsdienst"},"content":{"rendered":"<p>Entfernen bestimmter DTCs (Fehlercodes oder Diagnosetroublecodes) sind OBD2-Codes, die den Fahrer darauf hinweisen, dass ein Problem mit dem Auto vorliegt, und dem Mechaniker helfen, das Problem zu identifizieren und zu beheben.<\/p>\n<ul>\n<li><a href=\"#anchor1\">Ist es sicher, einen DTC zu entfernen?<\/a><\/li>\n<li><a href=\"#anchor2\">Was bedeutet der DTC?<\/a><\/li>\n<li><a href=\"#anchor3\">Was passiert, wenn ein DTC entfernt wird?<\/a><\/li>\n<li><a href=\"#anchor9\">DTC (Diagnosetroublecodes)<\/a><\/li>\n<\/ul>\n<p><a name=\"anchor1\"><\/a><\/p>\n<h2>Ist es sicher, einen DTC zu entfernen?<\/h2>\n<p>Jeder DTC ist so konzipiert, dass er Sie darauf hinweist, dass im System ein Problem vorliegt und etwas unternommen werden muss, um es zu beheben. In einigen F\u00e4llen l\u00f6sen jedoch DTCs Warnleuchten auf dem Armaturenbrett aus, obwohl in Wirklichkeit nichts falsch ist.<\/p>\n<p>Tuning ist eines der h\u00e4ufigsten Beispiele daf\u00fcr. Wenn Sie beispielsweise einen Aftermarket-Katalysator (catless downpipe) installieren, wird eine Warnleuchte auf dem Armaturenbrett und ein DTC ausgel\u00f6st. Dasselbe passiert, wenn Sie Ihre Drallklappen entfernen.<\/p>\n<p>Diese und viele weitere Beispiele zeigen, warum das Entfernen von DTCs manchmal sowohl sicher als auch notwendig ist.<\/p>\n<p>Es ist wichtig zu erw\u00e4hnen, dass das Deaktivieren eines DTCs f\u00fcr Codes wie diese nicht bedeutet, dass die Warnleuchte auf dem Armaturenbrett vollst\u00e4ndig deaktiviert wird. Sie ben\u00f6tigen diese Leuchte, um Sie in Zukunft auf andere potenzielle Probleme hinzuweisen. Es werden nur die Funktionen entfernt, die nach dem Tuning sicher und notwendig zu entfernen sind.<br \/>\n<a name=\"anchor2\"><\/a><\/p>\n<h2>Was bedeutet der DTC?<\/h2>\n<p>Es gibt standardisierte DTCs und herstellerspezifische DTCs. Erstere sind bei allen Herstellern gleich und leicht erkennbar. Letztere sind speziell und auf einen bestimmten Hersteller und ein bestimmtes Modell bezogen.<\/p>\n<p>Das erste Zeichen eines DTC zeigt an, zu welcher Kategorie der DTC geh\u00f6rt. Die Optionen sind wie folgt:<\/p>\n<p>&#8211; P f\u00fcr Antriebsstrang<br \/>\n&#8211; C f\u00fcr Fahrgestell (einschlie\u00dflich ABS)<br \/>\n&#8211; B f\u00fcr Karosserie (einschlie\u00dflich Airbags und Klimaanlage)<br \/>\n&#8211; U f\u00fcr Benutzernetzwerk<\/p>\n<p>Danach folgt in der Regel eine Zahl, meist 0 oder 1. Eine 0 bedeutet, dass es sich um einen standardisierten, herstellerunabh\u00e4ngigen Fehler handelt. Eine 1 bedeutet, dass es sich um einen herstellerspezifischen Fehler handelt.<\/p>\n<p>Die darauf folgende Zahl gibt die Kategorie des spezifischen DTCs an. Die Liste ist wie folgt:<\/p>\n<p>&#8211; 1 f\u00fcr Kraftstoff- und Luftmengenmessung<br \/>\n&#8211; 2 f\u00fcr St\u00f6rungen im Einspritzkreislauf<br \/>\n&#8211; 3 f\u00fcr Z\u00fcndsystem oder Fehlz\u00fcndungen<br \/>\n&#8211; 4 f\u00fcr zus\u00e4tzliche Emissionskontrollsysteme<br \/>\n&#8211; 5 f\u00fcr Leerlaufregelung und Fahrzeuggeschwindigkeitssteuerung<br \/>\n&#8211; 6 f\u00fcr Computer- und Hilfsausg\u00e4nge<br \/>\n&#8211; 7, 8 und 9 beziehen sich auf das Getriebe<br \/>\n&#8211; A, B und C sind f\u00fcr Hybridantriebssysteme<br \/>\n<a name=\"anchor3\"><\/a><\/p>\n<h2>Was passiert, wenn ein DTC entfernt wird?<\/h2>\n<p>Die beste Methode, um einen DTC beim Tuning eines Fahrzeugs zu entfernen, besteht darin, die ECU-Daten neu zu programmieren, um den spezifischen Code dauerhaft zu deaktivieren. Der entfernte DTC sollte sich auf den Aspekt beziehen, der f\u00fcr das Fahrzeug nicht mehr relevant ist \u2013 zum Beispiel ist es v\u00f6llig sicher, den Code zu entfernen, der ein Problem mit dem DPF anzeigt, wenn der DPF entfernt wurde.<\/p>\n<p>Zudem kann es bei bestimmten Fehlern vorkommen, dass diese nicht nur auf dem Armaturenbrett angezeigt werden, sondern auch der Grund daf\u00fcr sind, dass das Fahrzeug in den Notlaufmodus wechselt.<\/p>\n<p>Wenn der DTC von einem Fachmann entfernt wird und der entfernte DTC mit einem spezifischen Problem in Verbindung steht, das durch den Ausbau eines Teils oder den Austausch durch ein geeignetes Aftermarket-Teil verursacht wurde, sollte das Entfernen dieses DTCs f\u00fcr Ihr Fahrzeug v\u00f6llig sicher sein.<br \/>\n<a name=\"anchor4\"><\/a><\/p>\n<h2>DTC (Diagnosetroublecodes)<\/h2>\n<p>Unten finden Sie eine umfassende Liste von DTCs. Wenn Sie Probleme haben, Ihren Code zu finden oder ihn zu entfernen, <a href=\"https:\/\/portal.ziptuning.com\/\" target=\"_blank\" rel=\"noopener\">registrieren<\/a> Sie sich auf unserem Portal und <a href=\"\/contact\/\">kontaktieren Sie uns<\/a>, um unseren erstklassigen Service zu nutzen.<\/p>\n<ul>\n<li><a href=\"\/tuning-file\/dtc-removal-service\/p-codes-diagnostic-trouble-codes\/\">P-CODES \u2013 DIAGNOSEFEHLERCODES<\/a><\/li>\n<li><a href=\"\/tuning-file\/dtc-removal-service\/c-codes-diagnostic-trouble-codes\/\">C-CODES \u2013 DIAGNOSEFEHLERCODES<\/a><\/li>\n<li><a href=\"\/tuning-file\/dtc-removal-service\/b-codes-diagnostic-trouble-codes\/\">B-CODES \u2013 DIAGNOSEFEHLERCODES<\/a><\/li>\n<li><a href=\"\/tuning-file\/dtc-removal-service\/u-codes-diagnostic-trouble-codes\/\">U-CODES \u2013 DIAGNOSEFEHLERCODES<\/a><\/li>\n<\/ul>\n<div class=\"call-to-action-box\">\n<div class=\"col\">\n<h3>M\u00fcssen Sie DTC-Codes entfernen?<\/h3>\n<\/div>\n<div class=\"col\"><a href=\"https:\/\/portal.ziptuning.com\/register\" class=\"call-reg\" target=\"_blank\" rel=\"noopener\">Jetzt registrieren<\/a><span> oder Haben Sie bereits ein Konto? <a href=\"https:\/\/portal.ziptuning.com\/\" class=\"call-login\" target=\"_blank\" rel=\"noopener\">Jetzt einloggen<\/a><\/span><\/div>\n<\/div>\n","protected":false},"excerpt":{"rendered":"<p>Entfernen bestimmter DTCs (Fehlercodes oder Diagnosetroublecodes) sind OBD2-Codes, die den Fahrer darauf hinweisen, dass ein Problem mit dem Auto vorliegt, und dem Mechaniker helfen, das Problem zu identifizieren und zu beheben. Ist es sicher, einen DTC zu entfernen? Was bedeutet der DTC? Was passiert, wenn ein DTC entfernt wird? DTC (Diagnosetroublecodes) Ist es sicher, einen<\/p>\n","protected":false},"author":1,"featured_media":0,"parent":208968,"menu_order":0,"comment_status":"closed","ping_status":"closed","template":"","meta":{"_acf_changed":false,"footnotes":""},"class_list":["post-209181","page","type-page","status-publish","hentry"],"acf":[],"_links":{"self":[{"href":"https:\/\/www.ziptuning.com\/de\/wp-json\/wp\/v2\/pages\/209181","targetHints":{"allow":["GET"]}}],"collection":[{"href":"https:\/\/www.ziptuning.com\/de\/wp-json\/wp\/v2\/pages"}],"about":[{"href":"https:\/\/www.ziptuning.com\/de\/wp-json\/wp\/v2\/types\/page"}],"author":[{"embeddable":true,"href":"https:\/\/www.ziptuning.com\/de\/wp-json\/wp\/v2\/users\/1"}],"replies":[{"embeddable":true,"href":"https:\/\/www.ziptuning.com\/de\/wp-json\/wp\/v2\/comments?post=209181"}],"version-history":[{"count":3,"href":"https:\/\/www.ziptuning.com\/de\/wp-json\/wp\/v2\/pages\/209181\/revisions"}],"predecessor-version":[{"id":211969,"href":"https:\/\/www.ziptuning.com\/de\/wp-json\/wp\/v2\/pages\/209181\/revisions\/211969"}],"up":[{"embeddable":true,"href":"https:\/\/www.ziptuning.com\/de\/wp-json\/wp\/v2\/pages\/208968"}],"wp:attachment":[{"href":"https:\/\/www.ziptuning.com\/de\/wp-json\/wp\/v2\/media?parent=209181"}],"curies":[{"name":"wp","href":"https:\/\/api.w.org\/{rel}","templated":true}]}}