{"id":209056,"date":"2019-03-27T07:44:20","date_gmt":"2019-03-27T07:44:20","guid":{"rendered":"http:\/\/dev.ziptuning.nl\/de\/?page_id=209037"},"modified":"2023-03-14T16:23:40","modified_gmt":"2023-03-14T16:23:40","slug":"chiptuning-tools-reviews","status":"publish","type":"page","link":"https:\/\/www.ziptuning.com\/de\/tuning-tools\/chiptuning-tools-reviews\/","title":{"rendered":"CHIPtUNING-werkzeugbeurteilungen"},"content":{"rendered":"<h2 class=\"pageheading\">CHIPTUNINg-werkzeugbeurteilungen: CMD VS ALIENTECH<\/h2>\n<p><img loading=\"lazy\" decoding=\"async\" class=\"alignnone wp-image-83121 size-full\" src=\"https:\/\/www.ziptuning.com\/wp-content\/uploads\/2018\/07\/tuning-tool-reviews.jpg\" alt=\"tuning tools reviews\" width=\"1001\" height=\"410\" \/><\/p>\n<p><strong>Chiptuningwerkzeuge<\/strong> sind die wichtigsten Werkzeuge eines <strong>Tuningunternehmens<\/strong>. Wenn Sie neu in der Welt des Chiptunings \/ Neuauslegens sind, so ist es nicht einfach die richtige Wahl, in Bezug auf die zu kaufenden Chiptuningwerkzeuge, zu treffen. Es gibt viele verschiedene Lieferanten f\u00fcr Chiptuningwerkzeuge. Welche Marken und Chiptuningwerkzeuge sind jedoch die Besten? Wir helfen Ihnen dabei, die Sache ein wenig klarer zu gestalten.  Heute vergleichen wir CMD mit Alientech.<\/p>\n<h3> Vorstellung der Lieferanten von Chiptuningwerkzeugen <\/h3>\n<p>CMD Flash (Flashtec SA) und Alientech SRL sind heutzutage zwei der gr\u00f6\u00dften und professionellsten Lieferanten f\u00fcr Chiptuningwerkzeuge auf dem Markt. Beide Unternehmen bestehen bereits seit vielen Jahren und stammen urspr\u00fcnglich aus Norditalien, innerhalb einer Entfernung von 150 km. Ein weiterer Mitbewerber namens Dimsport befindet sich auch im Norden Italiens. Es scheint, als ob die Italiener die Tuningszene beherrschen. Jedoch, welches Unternehmen ist das Beste?<\/p>\n<h3>Die Geschichte der Lieferanten von Chiptuningwerkzeugen<br \/>\n<\/h3>\n<p><img loading=\"lazy\" decoding=\"async\" class=\"alignnone wp-image-83094 size-full\" src=\"https:\/\/www.ziptuning.com\/wp-content\/uploads\/2018\/07\/cmd-logo.gif\" alt=\"CMD flashtec\" width=\"265\" height=\"120\" \/><\/p>\n<h3><b>Die Geschichte von CMD-Flash<\/b><\/h3>\n<p>Alte Webseite:\u00a0<a href=\"http:\/\/www.cmdtec.it\/\" target=\"_blank\" rel=\"noopener noreferrer\">http:\/\/www.cmdtec.it<\/a><br \/>\nNeue Webseite:\u00a0<a href=\"http:\/\/www.flashtec.ch\/\" target=\"_blank\" rel=\"noopener noreferrer\">http:\/\/www.flashtec.ch\/<\/a><\/p>\n<p>Dieses Unternehmen wird nun Flashtec genannt. Das Unternehmen hat italienische Wurzeln und befindet sich nun in der Schweiz. Sie sind bereits seit vielen Jahren im Gesch\u00e4ft und CMD war eines der Ersten, welches ein stabiles Protokoll der bordeigenen Diagnostik (OBD) f\u00fcr Bosch EDC16 eingef\u00fchrt hat. CMD verf\u00fcgt \u00fcber Produkte wie CMDFLASH OBD, CMDFlash \u2013 BDM, CMDFlash \u2013 Nexus, Boost ST10\/C167, BOOT-MODE BOSCH MEDC17 TRICORE, MAP3D, My Personal Flasher and SpiderBOOT.<\/p>\n<p><img loading=\"lazy\" decoding=\"async\" class=\"alignnone wp-image-83079 size-full\" src=\"https:\/\/www.ziptuning.com\/wp-content\/uploads\/2018\/07\/logoalientech.png\" alt=\"alientech\" width=\"354\" height=\"105\" \/><\/p>\n<div>\n<h3><b>Die Geschichte von Alientech SRL<\/b><\/h3>\n<p>Website:\u00a0<a href=\"http:\/\/www.alientech-to.it\/\" target=\"_blank\" rel=\"noopener noreferrer\">http:\/\/www.alientech-to.it\/<\/a><\/p>\n<p>Seit 1991 arbeiten sie bereits im Bereich des Motorsteuereinheit (ECU)-Tunings f\u00fcr Motorentuning und Chiptuning. \u00dcber die Jahre hinweg haben sie viele Produkte vorgestellt, wie etwa ECM2001, KESS, Powergate, BDM pro, ECM Titanium, KESSv2, K-TAG und Powergate 3. Alientech ist eines der ersten Unternehmen, das ein stabiles Protokoll mit Wiederherstellungsfunktionen f\u00fcr andere ECU als jene von Bosch oder Siemens entwickelt hat. Sie entwickelten Protokolle f\u00fcr JTAG Nexus, JTAG Renesas, Mitsubishi Bootloader, usw.<\/p>\n<h3>Benutzer von CDM Flashtec und Alientech<\/h3>\n<p>Beide Unternehmen verf\u00fcgen \u00fcber viele Kunden und werden sehr gesch\u00e4tzt. Dies gestaltet diese Unternehmen stabil, was f\u00fcr eine langzeitige Partnerschaft sehr wichtig ist. Ihre Kunden bezahlen eine j\u00e4hrliche Geb\u00fchr und dies stellt eine Verpflichtung dem Kunden gegen\u00fcber dar. Sie k\u00f6nnen dabei sich sicher sein, dass die Unternehmen neue Protokolle entwickeln.<\/p>\n<h3>ECU-Tunen, Entwicklung neuer Read\/Write-Protokolle <\/h3>\n<p>In der Welt von Tunen \/ Chiptuning \/ Neuauslegung geht es nur um die Motorsteuereinheit (ECU). Zum Beispiel, sobald die VAG ein neues Auto\/ einen neuen Motor herausbringt, wird die ECU sofort entfernt und es werden viele Tests ausgef\u00fchrt, um zu versuchen erfolgreich die Software der ECU zu lesen\/schreiben\/modifizieren und ein stabiles Read\/Write-Protokoll f\u00fcr ihre Kunden zu erschaffen. Nat\u00fcrlich verf\u00fcgt jedes Unternehmen \u00fcber sein eigenes Wissen und Netzwerk, um Forschung &amp; Entwicklung auszuf\u00fchren.  Tats\u00e4chlich k\u00f6nnen wir sehen, dass Alientech, sowie CMD, viele derselben ECU bearbeiten k\u00f6nnen. Der Zeitpunkt der Ver\u00f6ffentlichung neuer Protokolle unterscheidet sich um 1 Monat bis zu 4 Jahre nach Einf\u00fchrung eines neuen Motors eines Markenfahrzeugs. Jedoch, sobald ein Lieferant f\u00fcr Chiptuningwerkzeuge ein neues Protokoll bereith\u00e4lt, besitzt in den meisten F\u00e4llen das andere Unternehmen auch dieses Protokoll.<\/p>\n<h3> Technische Unterst\u00fctzung <\/h3>\n<p>Entsprechend unserer eigenen Erfahrung wissen wir, wie wichtig der Kundenservice ist. Wir verwenden die Chiptuningwerkzeuge von CMD und Alientech bei 85 % unserer Tuningprojekte. Wir haben mit deren Werkzeugen \u00fcber 10 000 ECU getunt und jedes Protokoll getestet. Die Protokolle sind nicht in allen F\u00e4llen perfekt und eine Menge Fehler werden von Kunden bei der Verwendung der Werkzeuge ausgef\u00fchrt. Beide Unternehmen verf\u00fcgen \u00fcber zuverl\u00e4ssige Unterst\u00fctzungsdienste, wenn Sie ein Profituner mit ausreichender Erfahrung sind. Bei Neuanf\u00e4ngern ist dies anders. In diesem Falle empfehlen wir Ihnen, Rat bei Ihrem professionellen Lieferanten der Tuningdateien einzuholen. Ein guter Lieferant von Tuningdateien verkauft die Dateien nicht nur, sondern er schreibt die Tuningdateien auch selbst in den Autos der Kunden seines Unternehmens. Sie verwenden die Werkzeuge t\u00e4glich an allen Arten von Fahrzeugen und ECU und k\u00f6nnen Ihnen sagen, wie Sie die Stolperfallen vermeiden und gibt Ihnen in Echtzeit Tipps &amp; Tricks, um das Lesen und Schreiben erfolgreich zu gestalten.<\/p>\n<h2>CHIPTUNING mittels OBD OdeR BOOT?<\/h2>\n<p>Beide, Alientech and CMD, verf\u00fcgen \u00fcber vielerlei Werkzeuge zum Lesen\/Schreiben. Wir k\u00f6nnen diese in zwei Gruppen unterteilen: <\/p>\n<h3><b>OBD lesen\/schreiben mittels diagnostischem Anschluss (KESS v2, CMDFlash OBD)<\/b><\/h3>\n<p><img loading=\"lazy\" decoding=\"async\" class=\"alignnone wp-image-83122\" src=\"https:\/\/www.ziptuning.com\/wp-content\/uploads\/2018\/07\/CMD-OBD-readout-in-ZIPtuning-chiptuning-workshop-1024x768.jpg\" alt=\"cmd flash tuning \" width=\"600\" height=\"450\" \/><\/p>\n<ul>\n<li><strong>Vorteile<\/strong>\n<ul>\n<li>Einfach zu verwenden<\/li>\n<li>Ben\u00f6tigt weniger Zeit zum Bearbeiten <\/li>\n<li>Narrensicher <\/li>\n<li>Nicht viel Zubeh\u00f6r notwendig  <\/li>\n<\/ul>\n<\/li>\n<\/ul>\n<ul>\n<li><strong> Nachteile <\/strong>\n<ul>\n<li> Nicht f\u00fcr alle ECU verf\u00fcgbar (bei den meisten neuen ECU, wird nur direkt am ECU ausgef\u00fchrt)  <\/li>\n<li> Wenn, aus irgendeinem Grund, lesen\/schreiben nicht erfolgreich, ist die Wiederherstellung nicht immer m\u00f6glich <\/li>\n<li> Nur teilweise Daten werden gelesen <\/li>\n<\/ul>\n<\/li>\n<\/ul>\n<h3><b>2. Direkt am ECU lesen\/schreiben (KTAG, CMDFlash BDM \u2013 Boot) <\/b><\/h3>\n<p><img loading=\"lazy\" decoding=\"async\" class=\"alignnone wp-image-83123\" src=\"https:\/\/www.ziptuning.com\/wp-content\/uploads\/2018\/07\/Alientech-KTAG-realtime-use-in-ZIPtuning-workshop-1024x768.jpg\" alt=\"ktag tuning tool\" width=\"600\" height=\"450\" \/><\/p>\n<ul>\n<li style=\"list-style-type: none\">\n<ul>\n<li> Vorteile\n<ul>\n<li> Gr\u00f6\u00dfte Menge an Protokollen verf\u00fcgbar. Alte ECU, neue ECU, zuk\u00fcnftige ECU, spezielle Marken  <\/li>\n<li> Neuere Protokolle von ECU fr\u00fcher fertig, nach Einf\u00fchrung von ECU <\/li>\n<li> Protokolle sind stabiler, bei Bedarf bessere Wiederherstellung <\/li>\n<li> Die meisten Chips k\u00f6nnen gelesen werden: eprom, mpc, eeprom. (Wichtig! Falls Wegfahrsperre aus, Wiederherstellung, usw.)  <\/li>\n<\/ul>\n<\/li>\n<li> Nachteile\n<ul>\n<li> Schwieriger zu benutzen. Die ECU muss aus dem Fahrzeug entfernt und ge\u00f6ffnet und die Bedienungsanleitung muss, zwecks Anschluss der ECU, an dem Werkzeug benutzt werden <\/li>\n<li> Nicht narrensicher. Der Benutzer kann Fehler begehen, welche die ECU zerst\u00f6ren k\u00f6nnen <\/li>\n<li> Der Anschluss ben\u00f6tigt mehr Zeit, insbesondere, wenn der Pr\u00fcfstandtest ein Problem darstellen k\u00f6nnte <\/li>\n<\/ul>\n<\/li>\n<\/ul>\n<\/li>\n<\/ul>\n<h3>Preise f\u00fcr Chiptuningwerkzeuge<\/h3>\n<\/div>\n<p>CMDFlash Slave OBD Flasher \u20ac 1746,00\u00a0(nur OBD)<br \/>\n\u2028CMDFlash Slave OBD + BOOT ( st10, tricore) \u20ac 3449,00 (OBD + direct am ECU)<br \/>\n\u2028CMDFlash Slave OBD + BOOT ( st10, tricore ) + BDM 5xx\u00a0\u20ac 4280,00 (OBD + direct am ECU) \u00a0<br \/>\nK-TAG Slave Full (alle Protokolle aktiviert)<br \/>\nPreis\u00a0\u20ac 1200,00 (kein OBD, nur direct am ECU)\u2028<br \/>\nKESSv2 Slave OBD Flasher\u00a0(Kfz- + Motorrad- + Landwirtschaftsprotokolle)<br \/>\nPreis \u20ac 3400,00 (nur OBD)\u2028KESSv2 Slave OBD Flasher\u00a0(Kfz- + Motorrad- + Lkw-Protokolle)<br \/>\nPreis \u20ac 3400,00 (nur OBD)\u2028KESSv2 Slave OBD Flasher\u00a0(Kfz- + Motorradprotokolle)<br \/>\nPreis \u20ac 2000,00 (nur OBD)\u2028KESSv2 Slave OBD Flasher\u00a0(Lkw- + Landwirtschaftsprotokolle)<br \/>\nPreis \u20ac 3400,00 (nur OBD)\u2028KESSv2 Slave OBD Flasher Full (alle Protokolle aktiviert)<br \/>\nPreis \u20ac 3495,00 (nur OBD)<\/p>\n<h3> Neue Chiptuningprotokolle, Aktualisierungen, Revisionen, Bugfixes  <\/h3>\n<p>Beide Unternehmen verwenden ein j\u00e4hrliches Abonnement. Auf den ersten Blick erscheint dies, wie Geldverschwendung, jedoch ist dies in Wirklichkeit sehr brauchbar und wichtig. Es erm\u00f6glicht den Unternehmen, neue Protokolle f\u00fcr neue ECU zu entwickeln. Sie sind dabei stets auf dem neuesten Stand der aktuellsten Protokolle, neuesten Pr\u00fcfsummenkorrektionen und Bugfixes. Dies ist der Hauptgrund, warum Werkzeuge f\u00fcr Klonchiptuning nicht interessant sind. Der Markt entwickelt sich st\u00e4ndig weiter. Aktualisierungen von Protokollen sind entscheidend.<\/p>\n<h3>Vergleichstabelle der Lieferanten von Tuningwerkzeugen <\/h3>\n<p>+++ = positive Erfahrung<br \/>\n&#8212; = negative Erfahrung<\/p>\n<table border=\"1\" cellspacing=\"1\" cellpadding=\"1\">\n<tbody>\n<tr>\n<td>Firmenname<\/td>\n<td><\/td>\n<td>Alientech SRL<\/td>\n<td>CMD FLASHTEC SA<\/td>\n<td>Anderer Lieferant<\/td>\n<\/tr>\n<tr>\n<td>Stabiles Unternehmen<\/td>\n<td><\/td>\n<td>+++<\/td>\n<td>+++<\/td>\n<td>++<\/td>\n<\/tr>\n<tr>\n<td>Preis<\/td>\n<td><\/td>\n<td>+++ besonders im Fall von KTAG <\/td>\n<td>+++<\/td>\n<td>++<\/td>\n<\/tr>\n<tr>\n<td>Entwicklung neuer Protokolle<\/td>\n<td><\/td>\n<td>++<\/td>\n<td>+++ momentan EDC17C64, Simos 8.5, SIM12 m\u00f6glich <\/td>\n<td>&#8211;<\/td>\n<\/tr>\n<tr>\n<td>bugfixes<\/td>\n<td><\/td>\n<td>++<\/td>\n<td>+<\/td>\n<td>+<\/td>\n<\/tr>\n<tr>\n<td>Pr\u00fcfsummenberechnung<\/td>\n<td><\/td>\n<td>++<\/td>\n<td>++<\/td>\n<td>+<\/td>\n<\/tr>\n<tr>\n<td>Unterst\u00fctzung<\/td>\n<td><\/td>\n<td>+++<\/td>\n<td>++<\/td>\n<td>&#8211;<\/td>\n<\/tr>\n<tr>\n<td>Installationsanweisungen<\/td>\n<td><\/td>\n<td>+++<\/td>\n<td>++<\/td>\n<td>+<\/td>\n<\/tr>\n<\/tbody>\n<\/table>\n<h3><b>CMD Flashtec<\/b><\/h3>\n<p><img loading=\"lazy\" decoding=\"async\" class=\"alignnone wp-image-83124\" src=\"https:\/\/www.ziptuning.com\/wp-content\/uploads\/2018\/07\/CMD-Flashtec-screenshot-in-workshop-ZIPtuning.png\" alt=\"cmd flashtec\" width=\"600\" height=\"375\" \/><\/p>\n<h3><b>Alientech Ksuite<\/b><\/h3>\n<p><img loading=\"lazy\" decoding=\"async\" class=\"alignnone wp-image-83125 size-full\" src=\"https:\/\/www.ziptuning.com\/wp-content\/uploads\/2018\/07\/Ksuite-Alientech-screenshot-in-workshop-ZIPtuning.png\" alt=\"alientech ksuite\" width=\"796\" height=\"595\" \/><\/p>\n<h3>Die besten Chiptuningwerkzeuge \u2013 Fazit<\/h3>\n<p>Welche Chiptuningwerkzeuge sind die Besten? Dies h\u00e4ngt stets vom Benutzer ab. Beide Marken verf\u00fcgen \u00fcber sehr gute Produkte zum vern\u00fcnftigen Preis. M\u00f6chten Sie die Dinge leicht und einfach belassen? Dann kaufen Sie sich ein OBD-Werkzeug, wie etwa Kess v2 oder CMDFlash-OBD. M\u00f6chten Sie viele verschiedene Marken aus der ganzen Welt modifizieren und insbesondere neuere ECU? Dann entscheiden Sie sich besser f\u00fcr ein Bootwerkzeug, wie CMDFlash + boot + KTAG von Alientech. M\u00f6chten Sie komplette Ablesungen erhalten? Die gr\u00f6\u00dftm\u00f6gliche Anzahl an ECU, um zum niedrigsten Preis zu modifizieren? Kaufen Sie ein KTag von Alientech. W\u00e4chst Ihr Gesch\u00e4ft schnell und Sie verf\u00fcgen \u00fcber ausreichend Finanzen, um zu investieren? Dann entscheiden Sie sich besser OBD- und Boottools von beiden Herstellern. In diesem Falle k\u00f6nnen Sie viele Arten von ECU modifizieren und im Falle eines Versagens, k\u00f6nnen Sie das andere Werkzeug f\u00fcr einen zweiten Anlauf verwenden.<\/p>\n<p><img loading=\"lazy\" decoding=\"async\" class=\"alignnone wp-image-83130 size-full\" src=\"https:\/\/www.ziptuning.com\/wp-content\/uploads\/2018\/07\/Untitled-1.jpg\" alt=\"ecu tuning tools\" width=\"800\" height=\"284\" \/><\/p>\n<p>Haben Sie schon Ihre Wahl getroffen? Kaufen Sie Ihr Chiptuningwerkzeug bei ZIPtuning! Wir bieten unseren Kunden sehr niedrige Preise, die niedrigsten Preise heutzutage am Markt!  <\/p>\n<p>Haben Sie Fragen zu spezifischen Produkten von CMD oder Alientech oder vielleicht einer anderen Marke? Wir verf\u00fcgen \u00fcber t\u00e4gliche Erfahrungen mit den meisten Werkzeuglieferanten. Kontaktieren Sie uns.<\/p>\n","protected":false},"excerpt":{"rendered":"<p>CHIPTUNINg-werkzeugbeurteilungen: CMD VS ALIENTECH Chiptuningwerkzeuge sind die wichtigsten Werkzeuge eines Tuningunternehmens. Wenn Sie neu in der Welt des Chiptunings \/ Neuauslegens sind, so ist es nicht einfach die richtige Wahl, in Bezug auf die zu kaufenden Chiptuningwerkzeuge, zu treffen. Es gibt viele verschiedene Lieferanten f\u00fcr Chiptuningwerkzeuge. Welche Marken und Chiptuningwerkzeuge sind jedoch die Besten? Wir<\/p>\n","protected":false},"author":1,"featured_media":0,"parent":209039,"menu_order":7,"comment_status":"closed","ping_status":"closed","template":"","meta":{"_acf_changed":false,"footnotes":""},"class_list":["post-209056","page","type-page","status-publish","hentry"],"acf":[],"_links":{"self":[{"href":"https:\/\/www.ziptuning.com\/de\/wp-json\/wp\/v2\/pages\/209056","targetHints":{"allow":["GET"]}}],"collection":[{"href":"https:\/\/www.ziptuning.com\/de\/wp-json\/wp\/v2\/pages"}],"about":[{"href":"https:\/\/www.ziptuning.com\/de\/wp-json\/wp\/v2\/types\/page"}],"author":[{"embeddable":true,"href":"https:\/\/www.ziptuning.com\/de\/wp-json\/wp\/v2\/users\/1"}],"replies":[{"embeddable":true,"href":"https:\/\/www.ziptuning.com\/de\/wp-json\/wp\/v2\/comments?post=209056"}],"version-history":[{"count":2,"href":"https:\/\/www.ziptuning.com\/de\/wp-json\/wp\/v2\/pages\/209056\/revisions"}],"predecessor-version":[{"id":209139,"href":"https:\/\/www.ziptuning.com\/de\/wp-json\/wp\/v2\/pages\/209056\/revisions\/209139"}],"up":[{"embeddable":true,"href":"https:\/\/www.ziptuning.com\/de\/wp-json\/wp\/v2\/pages\/209039"}],"wp:attachment":[{"href":"https:\/\/www.ziptuning.com\/de\/wp-json\/wp\/v2\/media?parent=209056"}],"curies":[{"name":"wp","href":"https:\/\/api.w.org\/{rel}","templated":true}]}}