{"id":209052,"date":"2019-02-27T13:46:24","date_gmt":"2019-02-27T13:46:24","guid":{"rendered":"http:\/\/dev.ziptuning.nl\/de\/frequently-asked-questions-faq\/"},"modified":"2023-03-22T14:01:33","modified_gmt":"2023-03-22T14:01:33","slug":"faq","status":"publish","type":"page","link":"https:\/\/www.ziptuning.com\/de\/faq\/","title":{"rendered":"H\u00e4ufig gestellte Fragen"},"content":{"rendered":"<p>&#8222;Hier finden Sie die h\u00e4ufigsten Fragen und Antworten zu unseren Dienstleistungen und unserem Support. Wenn Sie Ihre Frage nicht finden k\u00f6nnen, <a href=\"\/contact\/\">kontaktieren Sie uns<\/a> bitte \u00fcber Whatsapp oder Skype<\/p>\n<div class=\"accordion\">Was ist Chiptuning\/Remapping\/ECU-Flashing?<\/div>\n<div class=\"panel\">\n<p>All diese Begriffe und noch viele mehr, die Menschen auf der ganzen Welt verwenden, stehen f\u00fcr die Optimierung der Software, die im Steuerger\u00e4t (ECU) Ihres Autos installiert ist. Die Software in der ECU wird zur Steuerung verschiedener Aspekte des Betriebs des Verbrennungsmotors verwendet und dient als Gehirn des Systems.<\/p>\n<p>Die Anpassung der Parameter kann das Fahrverhalten eines Autos erheblich ver\u00e4ndern, seine Leistung erh\u00f6hen, die Gasannahme verbessern und auch einige versteckte Funktionen wie <a href=\"\/tuning-file\/pop-bang\/\">Pop und Bang<\/a>, <a href=\"\/tuning-file\/launch-control-manual-gearbox\/\">Startkontrolle<\/a> und mehr hinzuf\u00fcgen. Es kann auch elektronisch DPF und EGR entfernen, den Motorbetrieb beim Entfernen von Katalysatoren optimieren, <a href=\"\/tuning-file\/transmission-tuning-tcu-tuning\/gearbox-types-tuning-options-and-benefits\/\">die Funktionsweise eines Getriebes anpassen<\/a> und vieles mehr.<\/p>\n<\/div>\n<div class=\"accordion\">Ist Chiptuning sicher?<\/div>\n<div class=\"panel\">\n<p>Auf jeden Fall, vorausgesetzt, Ihr Auto ist in einem guten Zustand und die Sicherheitsgrenzwerte der Erstausr\u00fcstung werden eingehalten. Deshalb ist es wichtig, Chiptuning-Dateien von zuverl\u00e4ssigen Tunern mit <a href=\"\/contact\/\">direktem Support<\/a> zu kaufen. Ob ein Tuner mit den Grenzen der OEM-Teile vertraut ist, l\u00e4sst sich unter anderem daran erkennen, dass er Upgrades der Stufe 3 anbietet. Tuner, die Upgrades der <a href=\"\/stage-3-project-management\/\">Stufe 3<\/a> anbieten, sind in der Lage, qualitativ hochwertige Tuningdateien f\u00fcr die Stufen 1 und 2 zu erstellen.<\/p>\n<\/div>\n<div class=\"accordion\">Warum tunen die Hersteller ihre Steuerger\u00e4te nicht?<\/div>\n<div class=\"panel\">\n<p>Das tun sie tats\u00e4chlich. Heute gibt es auf dem Markt viele verschiedene Modelle desselben Fahrzeugs mit demselben Motor, aber mit geringf\u00fcgigen Unterschieden in der Leistung. In den meisten F\u00e4llen besteht der einzige Unterschied in der Software. Die Hersteller lassen ein wenig Spielraum, um die Leistung von Sondermodellen zu erh\u00f6hen, die zu einem h\u00f6heren Preis verkauft werden.<\/p>\n<p>Zweitens behalten viele Autos ihre Motoren nach einem Facelifting bei, haben aber etwas mehr Leistung. Diese Leistungssteigerung ist oft allein auf eine Softwareoptimierung zur\u00fcckzuf\u00fchren.<\/p>\n<p>Und schlie\u00dflich verkaufen die meisten Hersteller ihre Fahrzeuge weltweit. Das bedeutet, dass sie sich auf verschiedene M\u00e4rkte mit unterschiedlichen Kraftstoffqualit\u00e4ten einstellen m\u00fcssen. Aus diesem Grund werden viele weltweit verkaufte Autos umgestimmt, um sicherzustellen, dass schlechter Kraftstoff keine Sch\u00e4den verursacht. Das Gleiche gilt f\u00fcr unterschiedliche Emissionsvorschriften. Auf den M\u00e4rkten mit kontrollierter Kraftstoffqualit\u00e4t oder weniger strengen Emissionsvorschriften er\u00f6ffnet dies viel Raum f\u00fcr Verbesserungen. <\/p>\n<\/div>\n<div class=\"accordion\">Wie lange dauert das Chiptuning?<\/div>\n<div class=\"panel\">\n<p>In den meisten F\u00e4llen dauert es zwischen 10 und 30 Minuten, bis wir eine <a href=\"\/tuning-file\/file-service\/\">Datei<\/a> entwickelt haben. Zuvor m\u00fcssen Sie uns die Originaldatei schicken, deren Einlesen in der Regel etwa 15 Minuten dauert, und nachdem wir Ihnen die getunte Datei geschickt haben, m\u00fcssen Sie sie installieren, was ebenfalls bis zu 15 Minuten dauert.<\/p>\n<p>In einigen F\u00e4llen kann die Abstimmung l\u00e4nger dauern, je nach den spezifischen Anforderungen oder speziellen Projekten.<\/p>\n<\/div>\n<div class=\"accordion\">Kann ich mein Auto wieder auf die Standardsoftware zur\u00fccksetzen?<\/div>\n<div class=\"panel\">\n<p>Ja, das ist jederzeit m\u00f6glich.<\/p>\n<\/div>\n<div class=\"accordion\">Stimmt es, dass Tuning die Leistung steigern und den Kraftstoffverbrauch senken kann?<\/div>\n<div class=\"panel\">\n<p>Ja, das ist richtig. Auch wenn es kontraintuitiv klingen mag, kann Tuning beides gleichzeitig bewirken. Der Grund daf\u00fcr ist, dass das Auto mit mehr Drehmoment weniger Gas und weniger Zeit braucht, um eine bestimmte Geschwindigkeit zu erreichen, und es braucht auch weniger Gas, um mit einer konstanten Geschwindigkeit zu fahren.<\/p>\n<p>Um den gr\u00f6\u00dften Nutzen aus den Kraftstoffeinsparungen zu ziehen, ist es jedoch wichtig, dass Sie Ihren Fahrstil nach dem Tuning nicht wesentlich \u00e4ndern. Das h\u00f6rt sich einfacher an, als es ist, denn die meisten Fahrer genie\u00dfen die zus\u00e4tzliche Leistung und fahren tats\u00e4chlich aggressiver, vor allem in den ersten Monaten nach dem Tuning.<\/p>\n<\/div>\n<div class=\"accordion\">Welche Autos kann man tunen?<\/div>\n<div class=\"panel\">\n<p>ZIP Tuning bietet Tuningdateien f\u00fcr <a href=\"\/specifications\/\">fast alle Marken der Welt und fast alle ihre Modelle<\/a> an. Wir k\u00f6nnen auch eine gro\u00dfe Anzahl von Motorr\u00e4dern, Wasserfahrzeugen, landwirtschaftlichen Maschinen, LKWs und mehr tunen.<\/p>\n<p>Durchsuchen Sie<a href=\"\/specifications\/\">unsere Datenbank<\/a> nach dem Modell, das Sie suchen, und falls Sie nicht f\u00fcndig werden, <a href=\"https:\/\/portal.ziptuning.com\/register\" target=\"_blank\" rel=\"noopener\">registrieren Sie sich<\/a> oder <a href=\"https:\/\/portal.ziptuning.com\/login\" target=\"_blank\" rel=\"noopener\">loggen Sie<\/a> sich in unser Portal ein und teilen Sie uns mit, was Sie ben\u00f6tigen. In den allermeisten F\u00e4llen k\u00f6nnen wir Ihnen den gew\u00fcnschten Service bieten.<\/p>\n<\/div>\n<div class=\"accordion\">Haben Sie Damos\/Super Mappacks?<\/div>\n<div class=\"panel\">\n<p>Ja, wir bieten <a href=\"\/damos\/\">Damos und Super Mappacks<\/a> an. Kontaktieren Sie uns daf\u00fcr.<\/p>\n<\/div>\n<div class=\"accordion\">Haben Sie originale ECU-Dateien?<\/div>\n<div class=\"panel\">\n<p>Ja, wir haben eine riesige Datenbank mit originalen Steuerger\u00e4te-Dateien, die Sie bei uns erwerben k\u00f6nnen. Laden Sie einfach Ihre ID oder Ihren Messwert hoch. Wenn Sie diese nicht zur Verf\u00fcgung stellen k\u00f6nnen, geben Sie uns Details zu Ihrem Auto auf unserer Datei-Upload-Seite. Bitte senden Sie uns keine Emails \u00fcber Originaldateien. Wenn Sie jedoch auch eine Tuning-Datei erwerben m\u00f6chten, k\u00f6nnen wir Ihnen in den meisten F\u00e4llen die Originaldatei <b>kostenlos<\/b> zusenden. Falls Sie eine VAG-Datei ben\u00f6tigen, stellen Sie sicher, dass Sie uns die 4-stellige Software-Update-Nummer schicken. Zum Beispiel: 1K0035180AG_DE2_0008<\/p>\n<\/div>\n<div class=\"accordion\">Welche Art von Support bieten Sie an?<\/div>\n<div class=\"panel\">\n<p>Unser <a href=\"\/contact\/\">direkter Echtzeit-Support<\/a> f\u00fcr unsere Kunden ist der Stolz unserer Dienstleistung. Wir bieten die Kommunikation mit unseren Technikern in Echtzeit \u00fcber WhatsApp oder Skype an und verf\u00fcgen au\u00dferdem \u00fcber E-Mail-Support und ein Ticketsystem in unserem Tuner-Portal.<\/p>\n<\/div>\n<div class=\"accordion\">Wie unterscheiden sich Master- und Slave-Tuningwerkzeuge?<\/div>\n<div class=\"panel\">\n<p>Gute, originale und zuverl\u00e4ssige <a href=\"\/tuning-tools\/\">Tuning-Tools<\/a> sind f\u00fcr ein gutes Tuning-Projekt unerl\u00e4sslich.<\/p>\n<p>Slave-Tuning-Tools k\u00f6nnen die Software im Steuerger\u00e4t nur lesen und installieren. Sie k\u00f6nnen nicht zum Einstellen der eigentlichen Datei verwendet werden, sondern nur zum Lesen und Schreiben. Das macht sie viel erschwinglicher.<\/p>\n<p>Master-Tools werden in der Regel von denjenigen verwendet, die Tuning-Dateien entwickeln und anpassen, da der Mehrpreis durch die M\u00f6glichkeit, die Software in der ECU-Datei zu \u00f6ffnen und anzupassen, gerechtfertigt ist.<\/p>\n<p>Lesen Sie <a href=\"\/tuning-tools\/chiptuning-tools-reviews\/\">HIER<\/a> mehr \u00fcber die verschiedenen Tuning-Tools.<\/p>\n<\/div>\n<div class=\"accordion\">Wo kann ich Ihre Preise finden?<\/div>\n<div class=\"panel\">\n<p>Loggen Sie sich in unser Tunerportal ein und fordern Sie dort unsere aktuellen Preise an.<\/p>\n<\/div>\n<div class=\"accordion\">Warum sind Ihre Preise nicht auf der ZIP Tuning-Website zu finden?<\/div>\n<div class=\"panel\">\n<p>Im Laufe der Jahre haben wir langfristige Beziehungen zu einer Reihe von angesehenen Tuning-Profis und Werkst\u00e4tten aufgebaut, die Tuning-Dateien von uns kaufen. Aus diesem Grund w\u00fcrden wir es bevorzugen, wenn der einzelne Autobesitzer eine Werkstatt in seiner N\u00e4he aufsucht, um sicherzustellen, dass alles auf die bestm\u00f6gliche Art und Weise und nur mit Originalwerkzeugen durchgef\u00fchrt wird. Sicherheit und Zuverl\u00e4ssigkeit sind f\u00fcr uns genauso wichtig wie Leistung.<\/p>\n<\/div>\n<div class=\"accordion\">Was ist, wenn ich ein Problem mit meiner Tuning-Datei habe?<\/div>\n<div class=\"panel\">\n<p>Wir werden es beheben. <a href=\"\/contact\/\">Wenden Sie sich<\/a> einfach \u00fcber einen der oben genannten Support-Kan\u00e4le <a href=\"\/contact\/\">an uns<\/a>, und wir werden jedes Problem beheben, das Sie haben. In dem sehr unwahrscheinlichen Fall, dass es keine L\u00f6sung f\u00fcr Ihren speziellen Fall gibt, geben wir Ihnen Ihr Guthaben zur\u00fcck und Sie k\u00f6nnen es f\u00fcr jedes zuk\u00fcnftige Projekt verwenden.<\/p>\n<\/div>\n<div class=\"accordion\">Sind Ihre Dateien stra\u00dfentauglich\/getestet?<\/div>\n<div class=\"panel\">\n<p>Ja, fast jeder einzelne wurde auf einem Pr\u00fcfstand getestet und jeder wurde auf der Stra\u00dfe getestet. Wir verf\u00fcgen \u00fcber ein weit verzweigtes H\u00e4ndlernetz, so dass wir Erfahrungen mit einer gro\u00dfen Anzahl von Kunden haben und deren Feedback kennen. Unsere Dateien wurden gr\u00fcndlich getestet und sorgf\u00e4ltig aufeinander abgestimmt, um das beste und sicherste Fahrerlebnis zu bieten. <\/p>\n<\/div>\n<div class=\"accordion\">Bieten Sie Stage 3 Dateien, Reverse Engineering, Hinzuf\u00fcgen von Code, Antilag, etc. an?<\/div>\n<div class=\"panel\">\n<p>Ja, wir haben gro\u00dfe Erfahrung mit allen Arten von speziellen Projekten und Anfragen, einschlie\u00dflich Stage 3 und sogar Rennanwendungen. Beachten Sie jedoch, dass die Bearbeitungszeit f\u00fcr diese Art von Projekten in der Regel l\u00e4nger ist.\n<\/p>\n<\/div>\n<div class=\"accordion\">Meine Datei ist kein Original, ist das ein Problem?<\/div>\n<div class=\"panel\">\n<p>Wir arbeiten normalerweise nur mit vollst\u00e4ndigen Originaldateien. Wenn Sie die Originaldatei nicht finden k\u00f6nnen, teilen Sie uns dies bitte in unserem Upload-Bildschirm mit, und wir werden sehen, was wir f\u00fcr Sie tun k\u00f6nnen.<\/p>\n<\/div>\n<div class=\"accordion\">Berechnen Sie eine Pr\u00fcfsumme oder ist eine Pr\u00fcfsummenberechnung erforderlich?<\/div>\n<div class=\"panel\">\n<p>Das h\u00e4ngt von dem Tuning-Tool ab, das Sie verwenden. Einige Tools korrigieren die Pr\u00fcfsumme, andere nicht. Wenn Ihr Tool dies nicht tut, teilen Sie uns dies auf der Seite f\u00fcr den Datei-Upload mit, und wir werden die Checksumme f\u00fcr Sie berechnen.<\/p>\n<\/div>\n<p><script type=\"text\/javascript\">\nvar acc = document.getElementsByClassName(\"accordion\");\nvar i;\nfor (i = 0; i < acc.length; i++) {\n  acc[i].addEventListener(\"click\", function() {\n    this.classList.toggle(\"active\");\n    var panel = this.nextElementSibling;\n    if (panel.style.maxHeight) {\n      panel.style.maxHeight = null;\n    } else {\n      panel.style.maxHeight = panel.scrollHeight + \"px\";\n    } \n  });\n}\n<\/script><\/p>\n<p><script type=\"application\/ld+json\">\n{\n  \"@context\": \"https:\/\/schema.org\/\",\n  \"@type\": \"FAQPage\",\n  \"mainEntity\": [\n    {\n      \"@type\": \"Question\",\n      \"name\": \"Was ist Chiptuning\/Remapping\/ECU-Flashing?\",\n      \"acceptedAnswer\": {\n        \"@type\": \"Answer\",\n        \"text\": \"All diese und viele weitere Begriffe, die Menschen auf der ganzen Welt verwenden, stehen f\u00fcr die Optimierung der Software, die in der ECU (Electronic Control Unit) Ihres Autos installiert ist. Die Software in der ECU wird verwendet, um verschiedene Aspekte des Betriebs des Verbrennungsmotors zu steuern, und sie dient als das Gehirn des Systems. Die Anpassung seiner Parameter kann das Fahrverhalten eines Autos erheblich ver\u00e4ndern, seine Leistung erh\u00f6hen, die Gasannahme verbessern und auch einige versteckte Funktionen wie <a href=\\\"\/tuning-file\/pop-bang\/\\\">Pop und Bang<\/a>, <a href=\\\"\/tuning-file\/launch-control-manual-gearbox\/\\\">Startkontrolle<\/a> und mehr hinzuf\u00fcgen. Es kann auch elektronisch DPF und EGR entfernen, den Motorbetrieb nach Entfernung von Katalysatoren optimieren, <a href=\\\"\/tuning-file\/transmission-tuning-tcu-tuning\/gearbox-types-tuning-options-and-benefits\/\\\">die Funktionsweise eines Getriebes anpassen<\/a> und vieles mehr.\"\n      }\n    },\n    {\n      \"@type\": \"Question\",\n      \"name\": \"Ist Chiptuning sicher?\",\n      \"acceptedAnswer\": {\n        \"@type\": \"Answer\",\n        \"text\": \"Auf jeden Fall, vorausgesetzt, Ihr Auto ist in einem guten Zustand und die OEM-Sicherheitsgrenzwerte werden eingehalten. Aus diesem Grund ist der Kauf von Chiptuning-Dateien von zuverl\u00e4ssigen Tunern mit <a href=\\\"\/contact\/\\\">direktem Support<\/a> unerl\u00e4sslich. Ob ein Tuner mit den Grenzen der OEM-Teile vertraut ist, l\u00e4sst sich unter anderem daran erkennen, dass er Stage-3-Upgrades anbietet. Tuner, die Upgrades der <a href=\\\"\/stage-3-project-management\/\\\">Stufe 3<\/a> anbieten, sind in der Lage, qualitativ hochwertige Tuningdateien f\u00fcr die Stufen 1 und 2 zu erstellen.\"\n      }\n    },\n    {\n      \"@type\": \"Question\",\n      \"name\": \"Warum tunen die Hersteller ihre ECUs nicht?\",\n      \"acceptedAnswer\": {\n        \"@type\": \"Answer\",\n        \"text\": \"Das ist tats\u00e4chlich so. Heute gibt es auf dem Markt viele verschiedene Modelle desselben Autos mit demselben Motor, aber mit einem leichten Leistungsunterschied. In den meisten F\u00e4llen besteht der einzige Unterschied in der Software. Bei Sondermodellen, die zu einem h\u00f6heren Preis verkauft werden, lassen die Hersteller ein wenig Spielraum, um die Leistung zu erh\u00f6hen.  Zweitens behalten viele Autos ihre Motoren nach einem Facelifting bei, haben aber etwas mehr Leistung. Diese Steigerung kommt oft allein durch Softwareoptimierung zustande. Und schlie\u00dflich verkaufen die meisten Hersteller ihre Fahrzeuge weltweit. Das bedeutet, dass sie sich auf verschiedene M\u00e4rkte mit unterschiedlichen Kraftstoffqualit\u00e4ten einstellen m\u00fcssen. Aus diesem Grund werden viele weltweit verkaufte Autos umgestimmt, um sicherzustellen, dass schlechter Kraftstoff keine Sch\u00e4den verursacht. Das Gleiche gilt f\u00fcr unterschiedliche Emissionsvorschriften. Auf den M\u00e4rkten mit kontrollierter Kraftstoffqualit\u00e4t oder weniger strengen Emissionsvorschriften er\u00f6ffnet dies viel Raum f\u00fcr Verbesserungen.\"\n      }\n    },\n    {\n      \"@type\": \"Question\",\n      \"name\": \"Wie lange dauert das Chiptuning?\",\n      \"acceptedAnswer\": {\n        \"@type\": \"Answer\",\n        \"text\": \"In den meisten F\u00e4llen dauert es zwischen 10 und 30 Minuten, eine <a href=\\\"\/tuning-file\/file-service\/\\\">Datei<\/a> zu entwickeln. Zuvor m\u00fcssen Sie uns die Originaldatei schicken, deren Einlesen in der Regel etwa 15 Minuten dauert, und nachdem wir Ihnen die optimierte Datei geschickt haben, m\u00fcssen Sie sie installieren, was ebenfalls bis zu 15 Minuten dauert.In einigen F\u00e4llen kann die Optimierung l\u00e4nger dauern, je nach den spezifischen Anforderungen oder speziellen Projekten.\"\n      }\n    },\n    {\n      \"@type\": \"Question\",\n      \"name\": \"Kann ich mein Auto wieder auf die Standardsoftware zur\u00fccksetzen?\",\n      \"acceptedAnswer\": {\n        \"@type\": \"Answer\",\n        \"text\": \"Ja, dies kann jederzeit geschehen.\"\n      }\n    },\n    {\n      \"@type\": \"Question\",\n      \"name\": \"Stimmt es, dass Tuning die Leistung steigern und den Kraftstoffverbrauch senken kann?\",\n      \"acceptedAnswer\": {\n        \"@type\": \"Answer\",\n        \"text\": \"Ja, das ist richtig. Auch wenn es kontraintuitiv klingen mag, kann Tuning beides gleichzeitig bewirken. Der Grund daf\u00fcr ist, dass das Auto mit mehr Drehmoment weniger Gas und weniger Zeit braucht, um eine bestimmte Geschwindigkeit zu erreichen, und es braucht auch weniger Gas, um mit einer konstanten Geschwindigkeit zu fahren.  Um den gr\u00f6\u00dften Nutzen aus den Kraftstoffeinsparungen zu ziehen, ist es jedoch wichtig, dass Sie Ihren Fahrstil nach dem Tuning nicht wesentlich \u00e4ndern. Das klingt einfacher als es ist, denn die meisten Fahrer genie\u00dfen die zus\u00e4tzliche Leistung und fahren tats\u00e4chlich aggressiver, vor allem in den ersten Monaten nach dem Tuning.\"\n      }\n    },\n    {\n      \"@type\": \"Question\",\n      \"name\": \"Welche Autos k\u00f6nnen Sie tunen?\",\n      \"acceptedAnswer\": {\n        \"@type\": \"Answer\",\n        \"text\": \"ZIP Tuning bietet Tuningdateien f\u00fcr <a href=\\\"\/specifications\/\\\">fast alle Marken der Welt und fast alle ihre Modelle<\/a>.<a href=\\\"\/specifications\/\\\">Durchsuchen Sie unsere Datenbank<\/a> nach dem Modell, das Sie suchen, und falls Sie nicht f\u00fcndig werden, <a href=\\\"https:\/\/portal.ziptuning.com\/register\\\">registrieren Sie sich<\/a> oder <a href=\\\"https:\/\/portal.ziptuning.com\/login\\\">loggen<\/a> Sie sich in unser Portal ein und teilen Sie uns mit, was Sie brauchen. In den allermeisten F\u00e4llen k\u00f6nnen wir Ihnen den gew\u00fcnschten Service bieten.\"\n      }\n    },\n    {\n      \"@type\": \"Question\",\n      \"name\": \"Haben Sie Damos\/Super Mappacks?\",\n      \"acceptedAnswer\": {\n        \"@type\": \"Answer\",\n        \"text\": \"Ja, wir bieten <a href=\\\"\/damos\/\\\">Damos und Super Mappacks<\/a> an. Kontaktieren Sie uns f\u00fcr diese.\"\n      }\n    },\n    {\n      \"@type\": \"Question\",\n      \"name\": \"Haben Sie originale ECU-Dateien?\",\n      \"acceptedAnswer\": {\n        \"@type\": \"Answer\",\n        \"text\": \"Ja, wir haben eine riesige Datenbank mit originalen Steuerger\u00e4te-Dateien, die Sie bei uns erwerben k\u00f6nnen. Laden Sie einfach Ihre ID oder Ihren Messwert hoch. Wenn Sie diese nicht zur Verf\u00fcgung stellen k\u00f6nnen, geben Sie uns Details zu Ihrem Auto auf unserer Datei-Upload-Seite. Bitte senden Sie uns keine Emails \u00fcber Originaldateien. Verwenden Sie immer unsere Datei-Upload-Seite.  Wenn Sie jedoch auch eine Tuning-Datei erwerben m\u00f6chten, k\u00f6nnen wir Ihnen in den meisten F\u00e4llen die Originaldatei <b>kostenlos<\/b> zusenden. Falls Sie eine VAG-Datei ben\u00f6tigen, stellen Sie sicher, dass Sie uns die 4-stellige Software-Update-Nummer schicken. Zum Beispiel: 1K0035180AG_DE2_0008\"\n      }\n    },\n    {\n      \"@type\": \"Question\",\n      \"name\": \"Welche Art von Unterst\u00fctzung bieten Sie an?\",\n      \"acceptedAnswer\": {\n        \"@type\": \"Answer\",\n        \"text\": \"Unser <a href=\\\"\/contact\/\\\">direkter Echtzeit-Support<\/a> f\u00fcr unsere Kunden ist der Stolz unseres Services. Wir bieten die Kommunikation mit unseren Technikern in Echtzeit \u00fcber WhatsApp oder Skype an und verf\u00fcgen au\u00dferdem \u00fcber E-Mail-Support und ein Ticketsystem in unserem Tuner-Portal.\"\n      }\n    },\n    {\n      \"@type\": \"Question\",\n      \"name\": \"Wie unterscheiden sich Master- und Slave-Tuning-Tools?\",\n      \"acceptedAnswer\": {\n        \"@type\": \"Answer\",\n        \"text\": \"Gute, originale und zuverl\u00e4ssige <a href=\\\"\/tuning-tools\/\\\">Tuning-Werkzeuge<\/a> sind f\u00fcr ein gutes Tuning-Projekt unerl\u00e4sslich. Slave-Tuning-Tools k\u00f6nnen die Software im Steuerger\u00e4t nur lesen und installieren. Sie k\u00f6nnen nicht verwendet werden, um die eigentliche Datei einzustellen, sondern nur zum Lesen und Schreiben. Das macht sie viel erschwinglicher. Master-Tools werden in der Regel von Personen verwendet, die Tuning-Dateien entwickeln und anpassen, da der Mehrpreis durch die M\u00f6glichkeit gerechtfertigt ist, die Software innerhalb der ECU-Datei zu \u00f6ffnen und anzupassen. Lesen Sie <a href=\\\"\/tuning-tools\/chiptuning-tools-reviews\/\\\">HIER<\/a> mehr \u00fcber die verschiedenen Tuning-Tools.\"\n      }\n    },\n    {\n      \"@type\": \"Question\",\n      \"name\": \"Wo kann ich Ihre Preise finden?\",\n      \"acceptedAnswer\": {\n        \"@type\": \"Answer\",\n        \"text\": \"Loggen Sie sich in unser Tunerportal ein und fordern Sie dort unsere aktuellen Preise an.\"\n      }\n    },\n    {\n      \"@type\": \"Question\",\n      \"name\": \"Warum sind Ihre Preise nicht auf der ZIP Tuning-Website zu finden?\",\n      \"acceptedAnswer\": {\n        \"@type\": \"Answer\",\n        \"text\": \"Im Laufe der Jahre haben wir langfristige Beziehungen zu einer Reihe von angesehenen Tuning-Profis und Werkst\u00e4tten aufgebaut, die Tuning-Dateien von uns kaufen. Aus diesem Grund w\u00fcrden wir es bevorzugen, wenn einzelne Autobesitzer zu einer ihrer lokalen Werkst\u00e4tten gehen w\u00fcrden, um sicherzustellen, dass alles auf die bestm\u00f6gliche Weise und nur mit Originalwerkzeugen durchgef\u00fchrt wird. Sicherheit und Zuverl\u00e4ssigkeit sind f\u00fcr uns genauso wichtig wie Leistung.\"\n      }\n    },\n    {\n      \"@type\": \"Question\",\n      \"name\": \"Was ist, wenn ich ein Problem mit meiner Tuning-Datei habe?\",\n      \"acceptedAnswer\": {\n        \"@type\": \"Answer\",\n        \"text\": \"Wir beheben es. <a href=\\\"\/contact\/\\\">Wenden Sie sich<\/a> einfach \u00fcber einen der oben genannten Support-Kan\u00e4le <a href=\\\"\/contact\/\\\">an uns<\/a> und wir werden Ihr Problem l\u00f6sen. In dem sehr unwahrscheinlichen Fall, dass es keine L\u00f6sung f\u00fcr Ihren speziellen Fall gibt, geben wir Ihnen Ihr Guthaben zur\u00fcck und Sie k\u00f6nnen es f\u00fcr jedes zuk\u00fcnftige Projekt verwenden.\"\n      }\n    },\n    {\n      \"@type\": \"Question\",\n      \"name\": \"Sind Ihre Dateien stra\u00dfentauglich\/getestet?\",\n      \"acceptedAnswer\": {\n        \"@type\": \"Answer\",\n        \"text\": \"Ja, fast jeder einzelne wurde auf einem Pr\u00fcfstand getestet und jeder wurde auf der Stra\u00dfe getestet. Wir verf\u00fcgen \u00fcber ein weit verzweigtes H\u00e4ndlernetz, so dass wir Erfahrungen mit und R\u00fcckmeldungen von einer gro\u00dfen Anzahl von Kunden haben. Unsere Dateien wurden gr\u00fcndlich getestet und sorgf\u00e4ltig aufeinander abgestimmt, um das beste und sicherste Fahrerlebnis zu bieten.\"\n      }\n    },\n    {\n      \"@type\": \"Question\",\n      \"name\": \"Bieten Sie Stage 3 Dateien, Reverse Engineering, Hinzuf\u00fcgen von Code, Antilag, etc. an?\",\n      \"acceptedAnswer\": {\n        \"@type\": \"Answer\",\n        \"text\": \"Ja, wir haben gro\u00dfe Erfahrung mit allen Arten von Sonderprojekten und -anfragen, einschlie\u00dflich Stufe 3 und sogar Rennsportanwendungen. Denken Sie nur daran, dass die Bearbeitungszeit f\u00fcr diese Art von Projekten in der Regel l\u00e4nger ist.\"\n      }\n    },\n    {\n      \"@type\": \"Question\",\n      \"name\": \"Meine Datei ist kein Original, ist das ein Problem?\",\n      \"acceptedAnswer\": {\n        \"@type\": \"Answer\",\n        \"text\": \"Wir arbeiten normalerweise nur mit vollst\u00e4ndigen Originaldateien. Wenn Sie die Originaldatei nicht finden k\u00f6nnen, teilen Sie uns dies bitte in unserem Upload-Bildschirm mit und wir werden sehen, was wir f\u00fcr Sie tun k\u00f6nnen.\"\n      }\n    },\n    {\n      \"@type\": \"Question\",\n      \"name\": \"Berechnen Sie eine Pr\u00fcfsumme oder ist eine Pr\u00fcfsummenberechnung erforderlich?\",\n      \"acceptedAnswer\": {\n        \"@type\": \"Answer\",\n        \"text\": \"Dies h\u00e4ngt von dem von Ihnen verwendeten Tuning-Tool ab. Einige Tools korrigieren die Pr\u00fcfsumme, andere nicht. Wenn Ihr Tool dies nicht tut, teilen Sie uns dies auf der Seite zum Hochladen von Dateien mit, und wir werden sie f\u00fcr Sie berechnen.\"\n      }\n    }\n  ]\n}\n<\/script><\/p>\n","protected":false},"excerpt":{"rendered":"<p>&#8222;Hier finden Sie die h\u00e4ufigsten Fragen und Antworten zu unseren Dienstleistungen und unserem Support. Wenn Sie Ihre Frage nicht finden k\u00f6nnen, kontaktieren Sie uns bitte \u00fcber Whatsapp oder Skype Was ist Chiptuning\/Remapping\/ECU-Flashing? All diese Begriffe und noch viele mehr, die Menschen auf der ganzen Welt verwenden, stehen f\u00fcr die Optimierung der Software, die im Steuerger\u00e4t<\/p>\n","protected":false},"author":1,"featured_media":0,"parent":0,"menu_order":0,"comment_status":"open","ping_status":"open","template":"","meta":{"_acf_changed":false,"footnotes":""},"class_list":["post-209052","page","type-page","status-publish","hentry"],"acf":[],"_links":{"self":[{"href":"https:\/\/www.ziptuning.com\/de\/wp-json\/wp\/v2\/pages\/209052","targetHints":{"allow":["GET"]}}],"collection":[{"href":"https:\/\/www.ziptuning.com\/de\/wp-json\/wp\/v2\/pages"}],"about":[{"href":"https:\/\/www.ziptuning.com\/de\/wp-json\/wp\/v2\/types\/page"}],"author":[{"embeddable":true,"href":"https:\/\/www.ziptuning.com\/de\/wp-json\/wp\/v2\/users\/1"}],"replies":[{"embeddable":true,"href":"https:\/\/www.ziptuning.com\/de\/wp-json\/wp\/v2\/comments?post=209052"}],"version-history":[{"count":8,"href":"https:\/\/www.ziptuning.com\/de\/wp-json\/wp\/v2\/pages\/209052\/revisions"}],"predecessor-version":[{"id":209240,"href":"https:\/\/www.ziptuning.com\/de\/wp-json\/wp\/v2\/pages\/209052\/revisions\/209240"}],"wp:attachment":[{"href":"https:\/\/www.ziptuning.com\/de\/wp-json\/wp\/v2\/media?parent=209052"}],"curies":[{"name":"wp","href":"https:\/\/api.w.org\/{rel}","templated":true}]}}