{"id":209050,"date":"2019-02-27T13:46:24","date_gmt":"2019-02-27T13:46:24","guid":{"rendered":"http:\/\/dev.ziptuning.nl\/de\/ecu-wiederherstellungshilfe\/"},"modified":"2023-03-14T16:23:38","modified_gmt":"2023-03-14T16:23:38","slug":"ecu-recovery-support","status":"publish","type":"page","link":"https:\/\/www.ziptuning.com\/de\/ecu-recovery-support\/","title":{"rendered":"Unterst\u00fctzung bei der ECU-Wiederherstellung"},"content":{"rendered":"<h3>ECU-wiederherstellung bei problemen nach dem flashen<\/h3>\n<p>Leider passiert es manchmal, dass die ECU nach dem Flashen eines Fahrzeugs nicht mehr reagiert. Dies kann aus einer Anzahl an Gr\u00fcnden entstehen, wie etwa der inkorrekten Pr\u00fcfsummenberechnung oder fehlerhafter Flashprotokolle des Tuningwerkzeugs. Motorsteuereinheits- (ECU) Wiederherstellung ist die einzige L\u00f6sung. <\/p>\n<p>Wir k\u00f6nnen jede ECU in ihren Originalzustand zur\u00fcckstellen und diese wieder im Fahrzeug funktionieren lassen. Diese Dienstleistung ist f\u00fcr unsere H\u00e4ndler* kostenlos. <\/p>\n<h3>ECU-Wiederherstellung bei problemen nach dem bootmodus<\/h3>\n<p>Sogar mit den richtigen F\u00e4higkeiten, um die ECU zu \u00f6ffnen und den korrekten SMD-L\u00f6ttechniken kann es vorkommen, dass eine ECU nach dem Programmieren im Bootmodus besch\u00e4digt oder zerst\u00f6rt wird. F\u00fcr die meisten Tuner ist dies ein Problem, das gr\u00f6\u00dftenteils den Ruf betrifft, nebst dem Einkommen.<\/p>\n<p>ZIP Tuning l\u00f6st das Problem f\u00fcr Sie.<\/p>\n","protected":false},"excerpt":{"rendered":"<p>ECU-wiederherstellung bei problemen nach dem flashen Leider passiert es manchmal, dass die ECU nach dem Flashen eines Fahrzeugs nicht mehr reagiert. Dies kann aus einer Anzahl an Gr\u00fcnden entstehen, wie etwa der inkorrekten Pr\u00fcfsummenberechnung oder fehlerhafter Flashprotokolle des Tuningwerkzeugs. Motorsteuereinheits- (ECU) Wiederherstellung ist die einzige L\u00f6sung. Wir k\u00f6nnen jede ECU in ihren Originalzustand zur\u00fcckstellen und<\/p>\n","protected":false},"author":1,"featured_media":0,"parent":0,"menu_order":0,"comment_status":"open","ping_status":"open","template":"","meta":{"_acf_changed":false,"footnotes":""},"class_list":["post-209050","page","type-page","status-publish","hentry"],"acf":[],"_links":{"self":[{"href":"https:\/\/www.ziptuning.com\/de\/wp-json\/wp\/v2\/pages\/209050","targetHints":{"allow":["GET"]}}],"collection":[{"href":"https:\/\/www.ziptuning.com\/de\/wp-json\/wp\/v2\/pages"}],"about":[{"href":"https:\/\/www.ziptuning.com\/de\/wp-json\/wp\/v2\/types\/page"}],"author":[{"embeddable":true,"href":"https:\/\/www.ziptuning.com\/de\/wp-json\/wp\/v2\/users\/1"}],"replies":[{"embeddable":true,"href":"https:\/\/www.ziptuning.com\/de\/wp-json\/wp\/v2\/comments?post=209050"}],"version-history":[{"count":2,"href":"https:\/\/www.ziptuning.com\/de\/wp-json\/wp\/v2\/pages\/209050\/revisions"}],"predecessor-version":[{"id":209192,"href":"https:\/\/www.ziptuning.com\/de\/wp-json\/wp\/v2\/pages\/209050\/revisions\/209192"}],"wp:attachment":[{"href":"https:\/\/www.ziptuning.com\/de\/wp-json\/wp\/v2\/media?parent=209050"}],"curies":[{"name":"wp","href":"https:\/\/api.w.org\/{rel}","templated":true}]}}