{"id":209045,"date":"2019-02-27T13:46:20","date_gmt":"2019-02-27T13:46:20","guid":{"rendered":"http:\/\/dev.ziptuning.nl\/de\/cmdflash\/"},"modified":"2023-03-14T16:23:35","modified_gmt":"2023-03-14T16:23:35","slug":"cmdflash","status":"publish","type":"page","link":"https:\/\/www.ziptuning.com\/de\/tuning-tools\/flashtec-cmd\/cmdflash\/","title":{"rendered":"CMDFLASH!"},"content":{"rendered":"<p>CMD Flash ist ein Flash-Programmierer, der BDM, EOBD K-LINE, EOBD CAN-BUS, EOBD PWM f\u00fcr alle Steuerger\u00e4te der neuen Generation unterst\u00fctzt.<br \/>\nDie OBD-Flash-Funktion ist bei allen Tools standardm\u00e4\u00dfig verf\u00fcgbar. Es ist eines der besten OBD-Tools auf dem Markt, das die allerneuesten Steuerger\u00e4te unterst\u00fctzt, einschlie\u00dflich:<\/p>\n<ul>\n<li>Bosch EDC15 \/ EDC16 \/ EDC17<\/li>\n<li>Bosch ME7 \/ ME9 \/ MED9 \/ MED17<\/li>\n<li>Zahlreiche andere z.B. DELPHI , VISTEON, MARELLI, DENSO, SAGEM, TRIONIC, etc.<\/li>\n<li>Siemens PPD \/ Simos 6x Simos 10x \/ MSS6x \/ MSVxx \/ MSD8x usw&#8230; auch mit TP \/ Verschiedene andere Siemens Steuerungen.<\/li>\n<\/ul>\n<p><a href=\"\/?product_cat=tuning-tools\/cmd-flashtec\">Gehen Sie direkt zu unserem Webshop<\/a><\/p>\n<p><img loading=\"lazy\" decoding=\"async\" class=\"alignnone wp-image-83099 size-full\" src=\"https:\/\/www.ziptuning.com\/wp-content\/uploads\/2018\/07\/cmdflash_ziptuning_chiptuning-1.jpg\" alt=\"cmd flash\" width=\"530\" height=\"397\" \/><\/p>\n<p>&nbsp;<\/p>\n<p>&nbsp;<\/p>\n<div>\n<h3>BDM-Plugin:<\/h3>\n<\/div>\n<p>Mit BDM m\u00fcssen Sie das Steuerger\u00e4t aus dem Fahrzeug ausstecken, \u00f6ffnen und an CMD Flash anschlie\u00dfen, indem Sie einen Stecker verwenden, der an jedem EDC16, Marelli, Siemens und Delphi Steuerger\u00e4t vorhanden ist. Die Software erm\u00f6glicht es Ihnen, die interne Firmware des Eproms (29bl802 \/ M58) und das serielle e2prom mit den Fahrzeugcodes zu lesen\/schreiben. Der Algorithmus zur Pr\u00fcfsummenkorrektur ist automatisch f\u00fcr alle ECU-Familien. Das bedeutet, dass Sie sich nicht um die Berechnung von Pr\u00fcfsummen k\u00fcmmern m\u00fcssen.<br \/>\nMit diesem Tool ist es m\u00f6glich, alle Steuerger\u00e4te-Eproms auszulesen, selbst wenn eine fehlerhafte Datei programmiert wurde, das System h\u00e4ngt oder ein Schreibvorgang unterbrochen wurde, ist es immer m\u00f6glich, den Programmiervorgang neu zu starten, um das Steuerger\u00e4t wiederherzustellen und das Fahrzeug zu starten. Alle Steuerger\u00e4tedaten k\u00f6nnen in einer einzigen Datei mit zus\u00e4tzlichen Informationen wie Marke, Modell, Fahrgestellnummer, Daten, Hinweis, Kunde mit Suchm\u00f6glichkeiten und Informationen direkt in Microsoft Windows Explorer integriert gespeichert werden.<\/p>\n<p><a href=\"\/?product_cat=tuning-tools\/cmd-flashtec\">Gehen Sie direkt zu unserem Webshop<\/a><\/p>\n<div>\n<h3>TriCore BOOT Plugin:<\/h3>\n<\/div>\n<p>Diese neue CMD-Flash-Erweiterung erm\u00f6glicht das Tunen von IROM und XROM der neuen Bosch EDC17 und MED17 Steuerger\u00e4te mit gesperrtem Tricore Mikroprozessor. Das Produkt basiert auf einer neuen zus\u00e4tzlichen Schnittstelle, die an die CMD Flash Einheit angeschlossen wird. Diese neue Schnittstelle wurde entwickelt, um dem Anwender den gleichen benutzerfreundlichen Betriebsmodus wie BDM zu bieten.<br \/>\nF\u00fcr alle EDC17-Steuerger\u00e4te mit den Bosch-Pads auf der Platine (wie das alte EDC16-BDM) ben\u00f6tigen Sie nur den neuen, mitgelieferten EDC17-Positionierungsrahmen-Tastkopf, und es ist keine zus\u00e4tzliche Verdrahtung an den vorderen Steuerger\u00e4teanschl\u00fcssen mehr erforderlich. F\u00fcr einige Steuerger\u00e4te ist das L\u00f6ten von Boot-Widerst\u00e4nden erforderlich.<br \/>\nDr\u00fccken Sie einfach ID, lesen oder schreiben und die CMD-Flash-Schnittstelle wird alles automatisch tun, genau wie das alte BDM.<\/p>\n<p>Standardm\u00e4\u00dfig bieten wir auch Kabel f\u00fcr Steuerger\u00e4te wie den Mercedes EDC17 an, bei denen die Pads auf der anderen Seite der Platine platziert sind, so dass Sie die Platine nicht aus dem Geh\u00e4use ziehen m\u00fcssen.<\/p>\n<p>Die Stromversorgung erfolgt \u00fcber die CMDFlash-Schnittstelle. Es ist kein zus\u00e4tzliches Tischnetzteil erforderlich.<\/p>\n<p>Verwenden Sie keine Pr\u00fcfsummen von Drittanbietern! Die vollst\u00e4ndige RSA-Pr\u00fcfsummenkorrektur f\u00fcr alle Fahrzeuge ist im Plugin enthalten. Viele Steuerger\u00e4te haben IROM oder XROM oder IROM+XROM Konfiguration. Die CMD Flash Software liest automatisch den gesamten Inhalt des Steuerger\u00e4ts und speichert ihn zur Sicherung in einem speziellen Ordner. In der Zwischenzeit extrahiert es nur den Bereich der Kalibrierungsdaten, so dass Sie diese speichern und abstimmen k\u00f6nnen, so dass Sie nicht nach Kalibrierungsdaten im IROM und\/oder XROM suchen m\u00fcssen &#8211; CMD Flash erledigt das f\u00fcr Sie. Das Gleiche gilt f\u00fcr den Schreibvorgang.<\/p>\n<p><a href=\"\/?product_cat=tuning-tools\/cmd-flashtec\">Gehen Sie direkt zu unserem Webshop<\/a><\/p>\n<div>\n<h3>Key Features:<\/h3>\n<\/div>\n<ul>\n<li>Automatische Pr\u00fcfsummen.<\/li>\n<li>Verf\u00fcgbar in Master-\/Slave-Konfiguration.<\/li>\n<li>Neue Familien \/ Pr\u00fcfsummen abonnieren.<\/li>\n<li>Wiederherstellungsfunktion. Nach einem Programmierfehler k\u00f6nnen Sie neu starten ecu flashing.<\/li>\n<li>BDM Motorola \/ NEXUS MPC<\/li>\n<li>Bosch TRICORE BOOT EDC17 MED17, einschlie\u00dflich VAG TP8\/TP10<\/li>\n<li>Automatischer Widerstandsschalter. K-Line 470 Ohm Pull-Up-Widerstand f\u00fcr VAG EDC16<\/li>\n<li>Schutzdongle befindet sich jetzt in der Blackbox<\/li>\n<li>Alte Fahrzeugprotokolle sind jetzt enthalten (EDC15, ME7xx)<\/li>\n<li>C16x \/ ST10 BOOT<\/li>\n<li>CAN V2.0B 1Mb\/s<\/li>\n<li>K-Leitung ISO \/ KWP<\/li>\n<li>J1850 PWM<\/li>\n<li>Mitsubishi Lancer EVO 5-&gt;9<\/li>\n<li>Industriefahrzeuge 24V<\/li>\n<\/ul>\n<p><a href=\"\/?product_cat=tuning-tools\/cmd-flashtec\">Gehen Sie direkt zu unserem Webshop<\/a><\/p>\n<div>\n<h3>Das CMDFlash Boot Kit beinhaltet:<\/h3>\n<\/div>\n<ul>\n<li>CMD-Flachkabel + Boot-Interface<\/li>\n<li>CMDFlash-Netzteil<\/li>\n<li>CMDFlash gesch\u00fctztes MEDC17 Boot-Mode Plugin<\/li>\n<li>Universelles Boot-Kabel<\/li>\n<li>RSA-Pr\u00fcfsummen f\u00fcr alle Steuerger\u00e4te<\/li>\n<li>MPC004 EDC17 Positionierungsrahmensonde, die Sonde ist mit den meisten auf dem Markt befindlichen Positionierungsrahmen kompatibel<\/li>\n<li>Mercedes EDC17 Kabel<\/li>\n<\/ul>\n<p><a href=\"\/?product_cat=tuning-tools\/cmd-flashtec\">Gehen Sie direkt zu unserem Webshop<\/a><\/p>\n","protected":false},"excerpt":{"rendered":"<p>CMD Flash ist ein Flash-Programmierer, der BDM, EOBD K-LINE, EOBD CAN-BUS, EOBD PWM f\u00fcr alle Steuerger\u00e4te der neuen Generation unterst\u00fctzt. Die OBD-Flash-Funktion ist bei allen Tools standardm\u00e4\u00dfig verf\u00fcgbar. Es ist eines der besten OBD-Tools auf dem Markt, das die allerneuesten Steuerger\u00e4te unterst\u00fctzt, einschlie\u00dflich: Bosch EDC15 \/ EDC16 \/ EDC17 Bosch ME7 \/ ME9 \/ MED9<\/p>\n","protected":false},"author":1,"featured_media":0,"parent":209044,"menu_order":0,"comment_status":"open","ping_status":"closed","template":"","meta":{"_acf_changed":false,"footnotes":""},"class_list":["post-209045","page","type-page","status-publish","hentry"],"acf":[],"_links":{"self":[{"href":"https:\/\/www.ziptuning.com\/de\/wp-json\/wp\/v2\/pages\/209045","targetHints":{"allow":["GET"]}}],"collection":[{"href":"https:\/\/www.ziptuning.com\/de\/wp-json\/wp\/v2\/pages"}],"about":[{"href":"https:\/\/www.ziptuning.com\/de\/wp-json\/wp\/v2\/types\/page"}],"author":[{"embeddable":true,"href":"https:\/\/www.ziptuning.com\/de\/wp-json\/wp\/v2\/users\/1"}],"replies":[{"embeddable":true,"href":"https:\/\/www.ziptuning.com\/de\/wp-json\/wp\/v2\/comments?post=209045"}],"version-history":[{"count":2,"href":"https:\/\/www.ziptuning.com\/de\/wp-json\/wp\/v2\/pages\/209045\/revisions"}],"predecessor-version":[{"id":209203,"href":"https:\/\/www.ziptuning.com\/de\/wp-json\/wp\/v2\/pages\/209045\/revisions\/209203"}],"up":[{"embeddable":true,"href":"https:\/\/www.ziptuning.com\/de\/wp-json\/wp\/v2\/pages\/209044"}],"wp:attachment":[{"href":"https:\/\/www.ziptuning.com\/de\/wp-json\/wp\/v2\/media?parent=209045"}],"curies":[{"name":"wp","href":"https:\/\/api.w.org\/{rel}","templated":true}]}}