{"id":209043,"date":"2019-02-27T13:46:20","date_gmt":"2019-02-27T13:46:20","guid":{"rendered":"http:\/\/dev.ziptuning.nl\/de\/powergate\/"},"modified":"2023-03-14T16:23:34","modified_gmt":"2023-03-14T16:23:34","slug":"powergate-tuning-tools-ziptuning","status":"publish","type":"page","link":"https:\/\/www.ziptuning.com\/de\/tuning-tools\/alientech\/powergate-tuning-tools-ziptuning\/","title":{"rendered":"POWERGATE"},"content":{"rendered":"<p>Powergate ist ein tragbares Tool, das die Originaldatei und bis zu zwei ge\u00e4nderte Karten speichern kann. Es gibt Ihnen auch die M\u00f6glichkeit, sicher und einfach von einer Karte zu einer anderen zu wechseln. Powergate kommuniziert mit der ECU \u00fcber den Diagnoseanschluss und verf\u00fcgt \u00fcber eine einfach zu bedienende Schnittstelle in mehreren Sprachen. Es ist auch in mehreren Versionen erh\u00e4ltlich, die sich von Standard &#8211; besonders geeignet f\u00fcr Privatanwender, da das Ger\u00e4t dauerhaft mit dem gew\u00e4hlten Fahrzeug verbunden ist &#8211; bis Multifamily, speziell f\u00fcr Einmarkenh\u00e4ndler und professionelle Tuner, unterscheiden.<\/p>\n<p>Wenn Sie auf der Suche nach einem tragbaren, praktischen und zuverl\u00e4ssigen Ger\u00e4t sind, mit dem Sie die Karten Ihres Fahrzeugs \u00e4ndern k\u00f6nnen, ist Powergate eine gute Wahl. Es ist klein, einfach zu bedienen und wurde entwickelt, um den pers\u00f6nlichen Gebrauch mit seiner intuitiven Schnittstelle zu einem Kinderspiel zu machen.<\/p>\n<p><a href=\"\/?product_cat=tuning-tools\/alientech\">Gehen Sie direkt zu unserem Webshop<\/a><\/p>\n<p><img loading=\"lazy\" decoding=\"async\" class=\"alignnone wp-image-83091 size-full\" src=\"https:\/\/www.ziptuning.com\/wp-content\/uploads\/2018\/07\/powergate-info-image-ziptuning.jpg\" alt=\"powergate\" width=\"530\" height=\"203\" \/><\/p>\n","protected":false},"excerpt":{"rendered":"<p>Powergate ist ein tragbares Tool, das die Originaldatei und bis zu zwei ge\u00e4nderte Karten speichern kann. Es gibt Ihnen auch die M\u00f6glichkeit, sicher und einfach von einer Karte zu einer anderen zu wechseln. Powergate kommuniziert mit der ECU \u00fcber den Diagnoseanschluss und verf\u00fcgt \u00fcber eine einfach zu bedienende Schnittstelle in mehreren Sprachen. Es ist auch<\/p>\n","protected":false},"author":1,"featured_media":0,"parent":209040,"menu_order":2,"comment_status":"closed","ping_status":"closed","template":"","meta":{"_acf_changed":false,"footnotes":""},"class_list":["post-209043","page","type-page","status-publish","hentry"],"acf":[],"_links":{"self":[{"href":"https:\/\/www.ziptuning.com\/de\/wp-json\/wp\/v2\/pages\/209043","targetHints":{"allow":["GET"]}}],"collection":[{"href":"https:\/\/www.ziptuning.com\/de\/wp-json\/wp\/v2\/pages"}],"about":[{"href":"https:\/\/www.ziptuning.com\/de\/wp-json\/wp\/v2\/types\/page"}],"author":[{"embeddable":true,"href":"https:\/\/www.ziptuning.com\/de\/wp-json\/wp\/v2\/users\/1"}],"replies":[{"embeddable":true,"href":"https:\/\/www.ziptuning.com\/de\/wp-json\/wp\/v2\/comments?post=209043"}],"version-history":[{"count":2,"href":"https:\/\/www.ziptuning.com\/de\/wp-json\/wp\/v2\/pages\/209043\/revisions"}],"predecessor-version":[{"id":209201,"href":"https:\/\/www.ziptuning.com\/de\/wp-json\/wp\/v2\/pages\/209043\/revisions\/209201"}],"up":[{"embeddable":true,"href":"https:\/\/www.ziptuning.com\/de\/wp-json\/wp\/v2\/pages\/209040"}],"wp:attachment":[{"href":"https:\/\/www.ziptuning.com\/de\/wp-json\/wp\/v2\/media?parent=209043"}],"curies":[{"name":"wp","href":"https:\/\/api.w.org\/{rel}","templated":true}]}}