{"id":209041,"date":"2019-02-27T13:46:20","date_gmt":"2019-02-27T13:46:20","guid":{"rendered":"http:\/\/dev.ziptuning.nl\/de\/kessv2\/"},"modified":"2023-03-14T16:23:32","modified_gmt":"2023-03-14T16:23:32","slug":"kessv2","status":"publish","type":"page","link":"https:\/\/www.ziptuning.com\/de\/tuning-tools\/alientech\/kessv2\/","title":{"rendered":"KESSV2"},"content":{"rendered":"<p>Wenn Sie ein professionelles Tool f\u00fcr die OBD-Kommunikation mit dem Steuerger\u00e4t suchen, das f\u00fcr Autos, Lastwagen, Traktoren und Motorr\u00e4der verf\u00fcgbar ist, suchen Sie nach dem KESSv2. Es wird vollst\u00e4ndig automatisch aktualisiert und ist in mehreren Sprachen verf\u00fcgbar. Das Einzige, was Sie tun m\u00fcssen, sind die eigentlichen Tuningarbeiten. KESS v2 ist innovativ, bietet aber auch mehr Sicherheit beim Auslesen und Programmieren. So ist es m\u00f6glich, sichere Sicherungskopien des Steuerger\u00e4ts zu erstellen, aber es bietet auch die M\u00f6glichkeit, mehrere Kommunikationslinien und eine immer h\u00f6here Arbeitsgeschwindigkeit zu unterst\u00fctzen. Die Kommunikationsprotokolle und die Software des KESSv2 sind sowohl in der MASTER- als auch in der SLAVE-Version verf\u00fcgbar.<\/p>\n<p><a href=\"\/?product_cat=tuning-tools\/alientech\">Gehen Sie direkt zu unserem Webshop<\/a><\/p>\n<p><img loading=\"lazy\" decoding=\"async\" class=\"alignnone wp-image-83083 size-full\" src=\"https:\/\/www.ziptuning.com\/wp-content\/uploads\/2018\/07\/kessv2-info-image-1-1.png\" alt=\"kessv2 master und slave\" width=\"530\" height=\"203\" \/><\/p>\n","protected":false},"excerpt":{"rendered":"<p>Wenn Sie ein professionelles Tool f\u00fcr die OBD-Kommunikation mit dem Steuerger\u00e4t suchen, das f\u00fcr Autos, Lastwagen, Traktoren und Motorr\u00e4der verf\u00fcgbar ist, suchen Sie nach dem KESSv2. Es wird vollst\u00e4ndig automatisch aktualisiert und ist in mehreren Sprachen verf\u00fcgbar. Das Einzige, was Sie tun m\u00fcssen, sind die eigentlichen Tuningarbeiten. KESS v2 ist innovativ, bietet aber auch mehr<\/p>\n","protected":false},"author":1,"featured_media":0,"parent":209040,"menu_order":0,"comment_status":"closed","ping_status":"closed","template":"","meta":{"_acf_changed":false,"footnotes":""},"class_list":["post-209041","page","type-page","status-publish","hentry"],"acf":[],"_links":{"self":[{"href":"https:\/\/www.ziptuning.com\/de\/wp-json\/wp\/v2\/pages\/209041","targetHints":{"allow":["GET"]}}],"collection":[{"href":"https:\/\/www.ziptuning.com\/de\/wp-json\/wp\/v2\/pages"}],"about":[{"href":"https:\/\/www.ziptuning.com\/de\/wp-json\/wp\/v2\/types\/page"}],"author":[{"embeddable":true,"href":"https:\/\/www.ziptuning.com\/de\/wp-json\/wp\/v2\/users\/1"}],"replies":[{"embeddable":true,"href":"https:\/\/www.ziptuning.com\/de\/wp-json\/wp\/v2\/comments?post=209041"}],"version-history":[{"count":3,"href":"https:\/\/www.ziptuning.com\/de\/wp-json\/wp\/v2\/pages\/209041\/revisions"}],"predecessor-version":[{"id":209197,"href":"https:\/\/www.ziptuning.com\/de\/wp-json\/wp\/v2\/pages\/209041\/revisions\/209197"}],"up":[{"embeddable":true,"href":"https:\/\/www.ziptuning.com\/de\/wp-json\/wp\/v2\/pages\/209040"}],"wp:attachment":[{"href":"https:\/\/www.ziptuning.com\/de\/wp-json\/wp\/v2\/media?parent=209041"}],"curies":[{"name":"wp","href":"https:\/\/api.w.org\/{rel}","templated":true}]}}