{"id":209039,"date":"2019-02-27T13:46:20","date_gmt":"2019-02-27T13:46:20","guid":{"rendered":"http:\/\/dev.ziptuning.nl\/de\/tuning-werkzeuge\/"},"modified":"2023-03-14T16:23:26","modified_gmt":"2023-03-14T16:23:26","slug":"tuning-tools","status":"publish","type":"page","link":"https:\/\/www.ziptuning.com\/de\/tuning-tools\/","title":{"rendered":"TUNING WERKZEUGE"},"content":{"rendered":"<p>Ecu Tuningwerkzeuge sind f\u00fcr das Auslesen und Schreiben von Inhalten der ECU. Es wird eine gro\u00dfe Anzahl von Tuningausr\u00fcstung auf dem Markt verkauft, aber die Originale von Italien und Deutschland sind die einzigen wertvollen. Seitdem Byteshooter von den Entwicklern verkauft wurde, wurde nicht mehr so viel in Deutschland entwickelt. Es sind nur noch drei Spieler auf dem Markt \u00fcbrig: Alientech, Flashtec und Dimsport. Seit ein paar Jahren einen Neuling, aus dem gleichen Bereich wie die anderen drei: Magic Motor Sport.<\/p>\n<div>\n<h2 class=\"pageheading\">W\u00c4HLEN SIE DIE RICHTIGE ECU TUNINGAUSR\u00dcSTUNG<\/h2>\n<p>Wenn sie ihr eigenes Chip Tuning Unternehmen starten wollen, brauchen Sie definitiv hochqualitative Tuningwerkzeuge. Wir raten Ihnen dringend davon ab, kopierte oder gekrackte Werkzeuge zu kaufen. Diese chinesischen Kopien haben nicht die neuesten Updates und sind schlecht produziert ohne die n\u00f6tige Prozessorleistung, f\u00fcr die neuesten ECU Familien wie den Tricore ben\u00f6tigt werden. Wir m\u00f6chten Sie daran erinnern, dass der Preis f\u00fcr eine ECU bei 1200-2000 \u20ac lizB.t. Bereiten Sie sich darauf vor und benutzen Sie die richtige Ausr\u00fcstung. ZIPtuning ist autorisierter Vertragsh\u00e4ndler von Alientech und Flashtec.<\/p>\n<p><img loading=\"lazy\" decoding=\"async\" class=\"alignnone size-full wp-image-83022\" src=\"https:\/\/www.ziptuning.com\/wp-content\/uploads\/2018\/07\/alientech-ktag_in_ziptuning_workshop.jpg\" alt=\"\" width=\"530\" height=\"298\" \/><\/p>\n<p>&nbsp;<\/p>\n<h2 class=\"pageheading\">BOOTMODE WERKZEUGE &amp; OBD FLASHER.<\/h2>\n<p>Es gibt zwei Wege eine ECU zu programmieren; durch den Diagnostik Stecker. Dies wird OBD Tuning genannt und durch den eingebauten Kommunikations-Port auf dem Hauptboard. Dies wird im Bootmode oder Debugging Mode genannt.<\/p>\n<p>Das sind die zwei verschiedenen Tuningwerkzeuge die Moment auf dem Markt erh\u00e4ltlich sind:<\/p>\n<p>1. OBD Flashers (zB. Alientech Kess)<\/p>\n<div>\n<p>2. Bootmode Werkzeug (zB. Alientech Ktag)<\/p>\n<p>Mit dem OBD Tuningwerkzeug k\u00f6nnen Sie eine ECU \u00fcber den Diagnostikstecker des Fahrzeugs Flaschen. Mit dem Bootmode Werkzeug k\u00f6nnen Sie die ECU \u00fcber den Kommunikationsstecker (BDM\/JTAG) auf dem Hauptboard programmieren. Die ECU hat drei Datentr\u00e4ger die gelesen werden k\u00f6nnen, zwei eproms und einen Prozessor. Normalerweise die Motor Kontrollmappen in dem gro\u00dfen eprom. Aber es gibt einige Ausnahmen, in denen die Informationen (teilweise) in dem Prozessor gespeichert werden.<\/p>\n<\/div>\n<div>\n<p><img loading=\"lazy\" decoding=\"async\" class=\"alignnone size-full wp-image-83021\" src=\"https:\/\/www.ziptuning.com\/wp-content\/uploads\/2018\/07\/CMD-OBD-readout-in-ZIPtuning-chiptuning-workshop-530px1.jpg\" alt=\"\" width=\"530\" height=\"298\" \/><\/p>\n<p>Die OBD Datei<br \/>\nDie meisten OBD-flasher lesen nur den Teil, der die Motor Kontrollmappen enth\u00e4lt. Die OBD Dateien beinhalten oftmals nicht alle Informationen von der ECU.<\/p>\n<p>Die Bootmode Dateien: komplette Datensicherung der ECU.<br \/>\nManchmal ist es n\u00f6tig eine komplette Datensicherung zu machen, weil sie nicht alles durch den OBD lesen k\u00f6nnen. Wenn Sie die ECU aus dem Fahrzeug entfernen und sie im Boot Mode (Debugging Mode) lesen, gibt es ihnen die M\u00f6glichkeit eine komplette Sicherheitskopie der ECU zu machen.<\/p>\n<h4>Master vs. Slave<\/h4>\n<p>Alle Werkzeuge von Flashtec und Alientech sind in zwei Versionen erh\u00e4ltlich. Das Master Werkzeug und das Slave Werkzeug.<\/p>\n<p>Das Slave Werkzeug ist g\u00fcnstiger im Einkauf, hat aber den Nachteil, dass es nur Tuning Dateien Flaschen kann, die vom Masterwerkzeug kommen, welches im Besitz des Tuninganbieters ist. Wir k\u00f6nnen nur Slave Werkzeuge verkaufen, die mit unserem Master Werkzeug verbunden sind.\u00a0We can only sell slave tools which are connected to our master tool.<\/p>\n<p>Mit der Masterversion des Tuningwerkzeugs k\u00f6nnen Sie die Inhalte einer ECU selber auslesen und auch selber ver\u00e4ndern. Der Master ist viel teurer. Wir raten Ihnen ein Master Tool zu kaufen wenn:<br \/>\n&#8211; Sie Ihre eigenen Tuning Dateien entwickeln wollen.<br \/>\n&#8211; Wenn sie durchschnittlich mehr als 25 Fahrzeuge monatlich modifizieren.<br \/>\n&#8211; &#8211; Wenn Sie die M\u00f6glichkeit haben wollen, den Tuning Datei Lieferanten zu wechseln.<\/p>\n<p>Wir raten Ihnen dazu das Master Tool direkt von Alientech oder Flashtec zu kaufen.<\/p>\n<p>&nbsp;<\/p>\n<div class=\"omsc-infobox\" style=\"background: #f5f5f5;border-color: #f5f5f5;color: #333333\">\n<h4>ZIPtuning ist ein autorisierter H\u00e4ndler von Alientech und Flashtec. Hier k\u00f6nnen Sie die folgenden Werkzeuge kaufen:<br \/>\n<a href=\"https:\/\/www.ziptuning.com\/webshop\/index.php?route=product\/search&amp;search=cmdflash&amp;category_id=1\" target=\"_blank\" rel=\"noopener noreferrer\">Flashtec CMDFlash<\/a>\u00a0und Alientech\u00a0<a href=\"https:\/\/www.ziptuning.com\/webshop\/index.php?route=product\/search&amp;search=KessV2&amp;category_id=1\" target=\"_blank\" rel=\"noopener noreferrer\">KessV2<\/a>,\u00a0<a href=\"https:\/\/www.ziptuning.com\/webshop\/index.php?route=product\/search&amp;search=k-tag&amp;category_id=1\" target=\"_blank\" rel=\"noopener noreferrer\">K-TAG<\/a>\u00a0&amp;\u00a0<a href=\"https:\/\/www.ziptuning.com\/webshop\/index.php?route=product\/search&amp;search=powergate\" target=\"_blank\" rel=\"noopener noreferrer\">Powergate III<\/a>.<\/h4>\n<h4>Wir haben 15 Jahre Erfahrung in der Benutzung von Tuning Werkzeugen.<br \/>\nWir k\u00f6nnen Ihnen die besten Ratschl\u00e4ge geben, wenn Sie Tuning Werkzeuge von Flashtec und Alientech kaufen wollen.<\/h4>\n<h4>Besuchen Sie unseren Webshop<br \/>\nDie Besten Preise in der Industrie heutzutage! Im\u00a0<a href=\"https:\/\/www.ziptuning.com\/webshop\/index.php?route=product\/category&amp;path=1\">ZIPtuning webshop<\/a><\/h4>\n<h3><\/h3>\n<h5>Vergleichen Sie die Tuning Werkzeuge von Alientech und Flashtec.<\/h5>\n<p>Sind Sie sich noch nicht sicher, welches Werkzeug Sie kaufen wollen?<br \/>\n<a href=\"https:\/\/www.ziptuning.com\/contact-us\">Setzen Sie sich mit in Verbindung<\/a>\u00a0oder schauen Sie sich unsere\u00a0<a href=\"https:\/\/www.ziptuning.com\/tuning-tools\/tool-reviews\">Tuning Werkzeug Berichte<\/a>.<\/p>\n<\/div>\n<\/div>\n<\/div>\n","protected":false},"excerpt":{"rendered":"<p>Ecu Tuningwerkzeuge sind f\u00fcr das Auslesen und Schreiben von Inhalten der ECU. Es wird eine gro\u00dfe Anzahl von Tuningausr\u00fcstung auf dem Markt verkauft, aber die Originale von Italien und Deutschland sind die einzigen wertvollen. Seitdem Byteshooter von den Entwicklern verkauft wurde, wurde nicht mehr so viel in Deutschland entwickelt. Es sind nur noch drei Spieler<\/p>\n","protected":false},"author":1,"featured_media":0,"parent":0,"menu_order":0,"comment_status":"open","ping_status":"open","template":"","meta":{"_acf_changed":false,"footnotes":""},"class_list":["post-209039","page","type-page","status-publish","hentry"],"acf":[],"_links":{"self":[{"href":"https:\/\/www.ziptuning.com\/de\/wp-json\/wp\/v2\/pages\/209039","targetHints":{"allow":["GET"]}}],"collection":[{"href":"https:\/\/www.ziptuning.com\/de\/wp-json\/wp\/v2\/pages"}],"about":[{"href":"https:\/\/www.ziptuning.com\/de\/wp-json\/wp\/v2\/types\/page"}],"author":[{"embeddable":true,"href":"https:\/\/www.ziptuning.com\/de\/wp-json\/wp\/v2\/users\/1"}],"replies":[{"embeddable":true,"href":"https:\/\/www.ziptuning.com\/de\/wp-json\/wp\/v2\/comments?post=209039"}],"version-history":[{"count":1,"href":"https:\/\/www.ziptuning.com\/de\/wp-json\/wp\/v2\/pages\/209039\/revisions"}],"predecessor-version":[{"id":209126,"href":"https:\/\/www.ziptuning.com\/de\/wp-json\/wp\/v2\/pages\/209039\/revisions\/209126"}],"wp:attachment":[{"href":"https:\/\/www.ziptuning.com\/de\/wp-json\/wp\/v2\/media?parent=209039"}],"curies":[{"name":"wp","href":"https:\/\/api.w.org\/{rel}","templated":true}]}}