{"id":209038,"date":"2019-02-27T13:46:20","date_gmt":"2019-02-27T13:46:20","guid":{"rendered":"http:\/\/dev.ziptuning.nl\/de\/start-kontrolle\/"},"modified":"2023-03-14T16:23:26","modified_gmt":"2023-03-14T16:23:26","slug":"start-stop-deactivation","status":"publish","type":"page","link":"https:\/\/www.ziptuning.com\/de\/tuning-file\/start-stop-deactivation\/","title":{"rendered":"Start-Stopp-Deaktivierung"},"content":{"rendered":"<p>Das Start-Stopp-System wurde entwickelt, um die Kraftstoffeffizienz im Stadtverkehr zu verbessern, wenn Sie viel Zeit an der Ampel stehen. Es schaltet Ihr Auto ab und startet es automatisch wieder, wenn Sie das Gaspedal bet\u00e4tigen.<\/p>\n<p>Viele Menschen empfinden diese Funktion jedoch als zu aufdringlich und l\u00e4stig, und in vielen Fahrzeugen l\u00e4sst sie sich nicht deaktivieren. Au\u00dferdem ist der Neustart bei einigen Anwendungen zu langsam, was selbst unter Alltagsbedingungen frustrierend ist.<\/p>\n<p><img loading=\"lazy\" decoding=\"async\" src=\"https:\/\/www.ziptuning.com\/wp-content\/uploads\/2020\/05\/start-stop-deactivation-1.jpg\" alt=\"Start-Stopp-Deaktivierung\" width=\"1000\" height=\"665\" class=\"aligncenter size-full wp-image-268257\" \/><\/p>\n<p>Wenn Sie Rennen fahren, wird Ihre Leistung durch das Start-Stopp-System stark beeintr\u00e4chtigt. Es verl\u00e4ngert die Reaktions- und Hochlaufzeiten und bremst Sie somit aus. Aus diesem Grund ist die Start-Stopp-Deaktivierung ein Muss f\u00fcr alle Rennfahrer. Kein Hochleistungsfahrzeug sollte dadurch behindert werden.<\/p>\n<div class=\"call-to-action-box\">\n<div class=\"col\">\n<h3>Deaktivieren Sie Ihr Start-Stopp-System<\/h3>\n<\/div>\n<div class=\"col\"><a href=\"https:\/\/portal.ziptuning.com\/register\" class=\"call-reg\" target=\"_blank\" rel=\"noopener\">Jetzt registrieren<\/a><span> oder Sie haben bereits ein Konto, <a href=\"https:\/\/portal.ziptuning.com\/\" class=\"call-login\" target=\"_blank\" rel=\"noopener\">Jetzt anmelden<\/a><\/span><\/div>\n<\/div>\n","protected":false},"excerpt":{"rendered":"<p>Das Start-Stopp-System wurde entwickelt, um die Kraftstoffeffizienz im Stadtverkehr zu verbessern, wenn Sie viel Zeit an der Ampel stehen. Es schaltet Ihr Auto ab und startet es automatisch wieder, wenn Sie das Gaspedal bet\u00e4tigen. Viele Menschen empfinden diese Funktion jedoch als zu aufdringlich und l\u00e4stig, und in vielen Fahrzeugen l\u00e4sst sie sich nicht deaktivieren. Au\u00dferdem<\/p>\n","protected":false},"author":1,"featured_media":0,"parent":208968,"menu_order":8,"comment_status":"closed","ping_status":"closed","template":"","meta":{"_acf_changed":false,"footnotes":""},"class_list":["post-209038","page","type-page","status-publish","hentry"],"acf":[],"_links":{"self":[{"href":"https:\/\/www.ziptuning.com\/de\/wp-json\/wp\/v2\/pages\/209038","targetHints":{"allow":["GET"]}}],"collection":[{"href":"https:\/\/www.ziptuning.com\/de\/wp-json\/wp\/v2\/pages"}],"about":[{"href":"https:\/\/www.ziptuning.com\/de\/wp-json\/wp\/v2\/types\/page"}],"author":[{"embeddable":true,"href":"https:\/\/www.ziptuning.com\/de\/wp-json\/wp\/v2\/users\/1"}],"replies":[{"embeddable":true,"href":"https:\/\/www.ziptuning.com\/de\/wp-json\/wp\/v2\/comments?post=209038"}],"version-history":[{"count":2,"href":"https:\/\/www.ziptuning.com\/de\/wp-json\/wp\/v2\/pages\/209038\/revisions"}],"predecessor-version":[{"id":209177,"href":"https:\/\/www.ziptuning.com\/de\/wp-json\/wp\/v2\/pages\/209038\/revisions\/209177"}],"up":[{"embeddable":true,"href":"https:\/\/www.ziptuning.com\/de\/wp-json\/wp\/v2\/pages\/208968"}],"wp:attachment":[{"href":"https:\/\/www.ziptuning.com\/de\/wp-json\/wp\/v2\/media?parent=209038"}],"curies":[{"name":"wp","href":"https:\/\/api.w.org\/{rel}","templated":true}]}}