{"id":209037,"date":"2019-02-27T13:46:20","date_gmt":"2019-02-27T13:46:20","guid":{"rendered":"http:\/\/dev.ziptuning.nl\/de\/ecotuning\/"},"modified":"2023-03-14T16:23:25","modified_gmt":"2023-03-14T16:23:25","slug":"ecotuning","status":"publish","type":"page","link":"https:\/\/www.ziptuning.com\/de\/tuning-file\/ecotuning\/","title":{"rendered":"ECO-TUNING"},"content":{"rendered":"<h2>ECO TUNING: DEN KRAFTSTOFFVERBRAUCH SENKEN!<\/h2>\n<p>Ist es m\u00f6glich, die Leistung Ihres Autos zu verbessern und gleichzeitig den Kraftstoffverbrauch zu senken? Ecotuning ist eine Art des Tunings, die den Kraftstoffverbrauch senkt und gleichzeitig f\u00fcr gute Leistungen sorgt. Wie das geht, erfahren Sie bei ZIP Tuning.<\/p>\n<ul>\n<li><a href=\"#anchor1\">Verschmutzung durch Tuning<\/a><\/li>\n<li><a href=\"#anchor2\">Was ist ECO-Tuning<\/a><\/li>\n<li><a href=\"#anchor3\">Mehr Leistung erfordert mehr Kraftstoff<\/a><\/li>\n<li><a href=\"#anchor4\">Drehzahlbegrenzung beim ECO-Tuning<\/a><\/li>\n<li><a href=\"#anchor5\">Luft-Kraftstoff-Gemisch f\u00fcr mehr Effizienz<\/a><\/li>\n<li><a href=\"#anchor6\">Zusammenfassung<\/a><\/li>\n<\/ul>\n<p><a name=\"anchor1\"><\/a><\/p>\n<h2>Mehr Schadstoffe nach dem Tuning<\/h2>\n<p>Der einfachste Weg, einen Dieselmotor effizienter zu machen, besteht darin, den Beginn der Einspritzung zu ver\u00e4ndern und die Rauchgrenzen zu erh\u00f6hen. Der Nachteil ist, dass dadurch die Menge der Schadstoffe wie NOx und Partikel steigt.<a name=\"anchor2\"><\/a><\/p>\n<h2>Ecotuning &#8211; Wie man sparsamer wird<\/h2>\n<p>Viele Menschen behaupten, dass ihr Auto nach dem Tuning des Steuerger\u00e4ts weniger Kraftstoff verbraucht als zuvor. Tats\u00e4chlich werden sie in den meisten F\u00e4llen get\u00e4uscht, denn sie sehen auf dem Armaturenbrett st\u00e4ndig einen h\u00f6heren Kilometerstand, der nicht mehr stimmt. Die Berechnung der Kilometerleistung \u00e4ndert sich durch die vom Tuner ge\u00e4nderten Kennfelder.<\/p>\n<p>Die einzige M\u00f6glichkeit, neben dem ECO-Tuning, eine Verbesserung der Kraftstoffeffizienz nach dem Leistungstuning zu erfahren, ist die Anpassung Ihres Fahrstils. Sie sollten die zus\u00e4tzliche Leistung und das zus\u00e4tzliche Drehmoment nutzen, um im f\u00fcr den Motor angenehmen unteren Drehzahlbereich zu bleiben und fr\u00fcher zu schalten. In jedem anderen Fall&#8230;<a name=\"anchor3\"><\/a><\/p>\n<h2>Mehr Leistung = mehr Kraftstoff<\/h2>\n<p>Nat\u00fcrlich f\u00fchrt eine gro\u00dfe Erh\u00f6hung der eingespritzten Mikrogramm an Kraftstoff nicht dazu, dass ein Motor kraftstoffeffizienter l\u00e4uft. Die Leistung muss aus einer Quelle kommen. Wir wissen, dass viele Kunden maximale Leistung und maximale Kilometerleistung w\u00fcnschen, aber das ist leider nicht m\u00f6glich. Es ist jedoch m\u00f6glich, die meisten Dieselmotoren mit Turbolader kraftstoffsparender zu machen, aber in den meisten F\u00e4llen wird der Motor mit der effizientesten Kalibrierung nicht viel Drehmoment gewinnen.<a name=\"anchor4\"><\/a><\/p>\n<h2>Die Rolle der Drehzahlbegrenzung beim ECO-Tuning<\/h2>\n<p>Der h\u00e4ufigste Ansatz zur Senkung des Kraftstoffverbrauchs besteht darin, die Drehzahl zu senken, die der Fahrer macht oder die er machen muss, um eine bestimmte Strecke zur\u00fcckzulegen. Die M\u00f6glichkeiten, die Drehzahl zu senken, h\u00e4ngen nicht nur von der Art des Motors ab, sondern auch von der Gr\u00f6\u00dfe des Fahrzeugs, in dem er eingesetzt wird. Dieser Ansatz unterscheidet sich bei einem kleinen Motor in einem kleinen Fahrzeug v\u00f6llig von dem des gleichen Motors in einem gr\u00f6\u00dferen Fahrzeug.<a name=\"anchor5\"><\/a><\/p>\n<h2>Mageres Verbrennungsgemisch f\u00fcr bessere Kraftstoffeffizienz<\/h2>\n<p>Eine kompliziertere Methode, den Motor effizienter zu machen, ist die \u00c4nderung des Luft-Kraftstoff-Gemischs durch Ver\u00e4nderung der Turbo-, Lambda- und Common-Rail-Kennfelder. Dies kann nur auf einem Pr\u00fcfstand entwickelt werden, der speziell mit einem System ausgestattet ist, das den Kraftstoffverbrauch w\u00e4hrend der Fahrt misst.<\/p>\n<p>Nach mehrmonatigen Tests haben wir die Informationen zusammengetragen, die es erm\u00f6glichen, einen Motor bei mehr oder weniger gleichen Emissionen und ohne Sch\u00e4digung des Motors sparsamer zu betreiben.<a name=\"anchor6\"><\/a><\/p>\n<h2>Wie man sparsamer tunt:<\/h2>\n<ul>\n<li>ECO-Tuning ist ein Prozess, bei dem Autos so getunt werden, dass sie weniger Kraftstoff verbrauchen <\/li>\n<li>Mehr Leistung im Fahrzeug erfordert in den meisten F\u00e4llen mehr Kraftstoff<\/li>\n<li>Begrenzte Drehzahlen reduzieren den Kraftstoffverbrauch<\/li>\n<li>Einstellen des Luft-Kraftstoff-Verh\u00e4ltnisses verbessert die Kraftstoffeffizienz<\/li>\n<\/ul>\n<div class=\"call-to-action-box\">\n<div class=\"col\">\n<h3>Genie\u00dfen Sie einen geringeren Kraftstoffverbrauch mit ECO-Tuning<\/h3>\n<\/div>\n<div class=\"col\"><a href=\"https:\/\/portal.ziptuning.com\/register\" class=\"call-reg\" target=\"_blank\" rel=\"noopener\">Jetzt registrieren<\/a><span> oder Sie haben bereits ein Konto, <a href=\"https:\/\/portal.ziptuning.com\/\" class=\"call-login\" target=\"_blank\" rel=\"noopener\">Jetzt anmelden<\/a><\/span><\/div>\n<\/div>\n","protected":false},"excerpt":{"rendered":"<p>ECO TUNING: DEN KRAFTSTOFFVERBRAUCH SENKEN! Ist es m\u00f6glich, die Leistung Ihres Autos zu verbessern und gleichzeitig den Kraftstoffverbrauch zu senken? Ecotuning ist eine Art des Tunings, die den Kraftstoffverbrauch senkt und gleichzeitig f\u00fcr gute Leistungen sorgt. Wie das geht, erfahren Sie bei ZIP Tuning. Verschmutzung durch Tuning Was ist ECO-Tuning Mehr Leistung erfordert mehr Kraftstoff<\/p>\n","protected":false},"author":1,"featured_media":0,"parent":208968,"menu_order":5,"comment_status":"closed","ping_status":"closed","template":"","meta":{"_acf_changed":false,"footnotes":""},"class_list":["post-209037","page","type-page","status-publish","hentry"],"acf":[],"_links":{"self":[{"href":"https:\/\/www.ziptuning.com\/de\/wp-json\/wp\/v2\/pages\/209037","targetHints":{"allow":["GET"]}}],"collection":[{"href":"https:\/\/www.ziptuning.com\/de\/wp-json\/wp\/v2\/pages"}],"about":[{"href":"https:\/\/www.ziptuning.com\/de\/wp-json\/wp\/v2\/types\/page"}],"author":[{"embeddable":true,"href":"https:\/\/www.ziptuning.com\/de\/wp-json\/wp\/v2\/users\/1"}],"replies":[{"embeddable":true,"href":"https:\/\/www.ziptuning.com\/de\/wp-json\/wp\/v2\/comments?post=209037"}],"version-history":[{"count":3,"href":"https:\/\/www.ziptuning.com\/de\/wp-json\/wp\/v2\/pages\/209037\/revisions"}],"predecessor-version":[{"id":209179,"href":"https:\/\/www.ziptuning.com\/de\/wp-json\/wp\/v2\/pages\/209037\/revisions\/209179"}],"up":[{"embeddable":true,"href":"https:\/\/www.ziptuning.com\/de\/wp-json\/wp\/v2\/pages\/208968"}],"wp:attachment":[{"href":"https:\/\/www.ziptuning.com\/de\/wp-json\/wp\/v2\/media?parent=209037"}],"curies":[{"name":"wp","href":"https:\/\/api.w.org\/{rel}","templated":true}]}}