{"id":209036,"date":"2019-02-27T13:46:20","date_gmt":"2019-02-27T13:46:20","guid":{"rendered":"http:\/\/dev.ziptuning.nl\/de\/stages-1-2-3\/"},"modified":"2023-03-14T16:23:25","modified_gmt":"2023-03-14T16:23:25","slug":"tuning-stages-1-2-3","status":"publish","type":"page","link":"https:\/\/www.ziptuning.com\/de\/tuning-file\/tuning-stages-1-2-3\/","title":{"rendered":"TUNINGstufen 1, 2, 3"},"content":{"rendered":"<h2>TUNING STUFEN 1, 2 und 3<\/h2>\n<p>Wenn Sie die Leistung Ihres Fahrzeugs verbessern wollen, bietet Ihnen ZIP Tuning eine kurze Zusammenfassung der m\u00f6glichen \u00c4nderungen durch die Tuningstufen 1, 2 und 3. Denken Sie daran, dass Sie Ihr Fahrzeug gr\u00fcndlich testen sollten, um den optimalen Nutzen aus jeder \u00c4nderung zu ziehen. Au\u00dferdem k\u00f6nnen Sie alle Tuningstufen sowohl f\u00fcr Benzin- als auch f\u00fcr Dieselmotoren erhalten. Nehmen Sie sich die Zeit und w\u00e4hlen Sie das Beste f\u00fcr Ihr Fahrzeug.<\/p>\n<p>Bitte beachten Sie, dass ZIP Tuning Kalibrierungen f\u00fcr alle Arten von Oktanwerten von Kraftstoff anbietet. Im Vergleich zu niedrigeren Oktanwerten unterst\u00fctzen Kraftstoffe mit h\u00f6heren Oktanwerten eine gr\u00f6\u00dfere Vorverlegung des Z\u00fcndzeitpunkts, h\u00f6here Ladedruckwerte und magerere Luft-Kraftstoff-Gemische. Ihre Tuningdateien werden f\u00fcr die gew\u00fcnschte Kraftstoffqualit\u00e4t kalibriert und der Unterschied im Kraftstoff bestimmt, wie das Auto abgestimmt wird. <\/p>\n<ul>\n<li><a href=\"#anchor1\">Was ist Stufe 1 Tuning?<\/a><\/li>\n<li><a href=\"#anchor2\">Was beinhaltet Stufe 2 Tuning? <\/a>\n<ul>\n<li> <a href=\"#anchor3\">Stufe 2 Tuning f\u00fcr Ottomotoren<\/a><\/li>\n<li><a href=\"#anchor4\">Stufe 2 Tuning f\u00fcr Dieselmotoren<\/a><\/li>\n<\/ul>\n<\/li>\n<li><a href=\"#anchor5\">Stufe 3 Tuning f\u00fcr maximale Leistung<\/a>\n<ul>\n<li><a href=\"#anchor6\">Stufe 2 Tuning f\u00fcr Ottomotoren<\/a><\/li>\n<li><a href=\"#anchor7\">Stufe 2 Tuning f\u00fcr Dieselmotoren<\/a><\/li>\n<\/ul>\n<\/li>\n<li><a href=\"#anchor8\">Zusammenfassung<\/a><\/li>\n<\/ul>\n<p><a name=\"anker1\"><\/a><\/p>\n<h2>WAS IST STAGE 1 TUNING?<\/h2>\n<p>F\u00fcr, sagen wir mal, moderatere \u00c4nderungen, entscheiden Sie sich f\u00fcr ein Stage 1 ECU Remap. Die Tuningdateien der Stufe 1 werden f\u00fcr ein Fahrzeug mit serienm\u00e4\u00dfiger Hardware und ohne jegliche Nachr\u00fcstteile entwickelt. Alle Stage 1-Kalibrierungen werden auf einem 4WD-Pr\u00fcfstand entwickelt und ausgiebig getestet, um sicherzustellen, dass die \u00c4nderungen perfekt sind.<\/p>\n<p>Um die Sicherheit Ihrer Teile zu gew\u00e4hrleisten, passen wir die Drehmomentabgabe in der Tuning-Datei an die Art des Getriebes an, das Sie besitzen. Au\u00dferdem respektieren wir die meisten Begrenzer zum Schutz der Bauteile und die Anti-Ruck-Funktion wird ebenfalls original beibehalten. Wenn ein Fahrzeug herabgestuft wird, entfernen wir unn\u00f6tige werksseitige Begrenzungen, sowie Kraftstoffabschaltung und unerw\u00fcnschte Drehmomentbegrenzungen.<\/p>\n<p>Beim Remapping werden Z\u00fcndung, Ladedruck und Kraftstoffverbrauch optimiert, um die Leistung und das Ansprechverhalten eines Fahrzeugs mit \u00fcberwiegend serienm\u00e4\u00dfiger Hardware zu verbessern. Unsere Tuningdateien f\u00fcr Sportmodelle werden standardm\u00e4\u00dfig f\u00fcr ROZ 98 kalibriert. Normale Modelle mit Benzinmotoren sind nat\u00fcrlich standardm\u00e4\u00dfig f\u00fcr ROZ 95 kalibriert, es sei denn, unsere Kunden haben einen anderen Wunsch.<a name=\"anchor2\"><\/a><\/p>\n<h2>WAS Beinhaltet die Stufe 2 der Abstimmung?<\/h2>\n<p>Die Tuningdateien der Stufe 2 sind f\u00fcr Motoren mit kleinen \u00c4nderungen an Ansaug- und Auspuffanlage entwickelt worden, was sie zu einer h\u00f6heren Stufe des Tunings macht. Obwohl es bei dieser Tuningstufe im Allgemeinen um diese Hardware-\u00c4nderungen geht, findet in der Regel auch eine kleine Weiterentwicklung der Software statt, um die hinzugef\u00fcgten Hardware-Teile und die bessere Atmung des Motors zu nutzen. Die Hardware, die w\u00e4hrend des Stage 2-Tuningprozesses ver\u00e4ndert werden kann, umfasst Dinge wie Sportfilter, Ladeluftk\u00fchler, Downpipes, Sportkatalysatoren und \u00e4hnliches.<\/p>\n<p>Die Hardware-\u00c4nderungen, die im Rahmen des Stage 2-Tunings vorgenommen werden, k\u00f6nnen beispielsweise zu einem besseren Sound f\u00fchren, w\u00e4hrend eine \u00c4nderung der Software f\u00fcr zus\u00e4tzliche Leistung sorgt. Diese \u00c4nderungen verbessern nicht nur das Fahrgef\u00fchl, sondern sind auch eine gute Voraussetzung f\u00fcr ernsthaftere \u00c4nderungen in Stufe 3 Tuning.<a name=\"anchor3\"><\/a><\/p>\n<h3>STUFE 2 TUNING F\u00dcR PETROL-MOTOR<\/h3>\n<p>Alle Stage 2 Tuningdateien sind f\u00fcr Standard-Hochoktanwerte ROZ 98-102 kalibriert. Beispiele f\u00fcr Teile, die modifiziert werden k\u00f6nnen, sind ein gr\u00f6\u00dferer Ladeluftk\u00fchler, Downpipe, Sportauspuff, Lufteinlass, etc.<a name=\"anchor4\"><\/a><\/p>\n<h3>STUFE 2 TUNING F\u00dcR DIESELMOTOR<\/h3>\n<p>Einige \u00c4nderungen, die an Dieselmotoren vorgenommen werden k\u00f6nnen, \u00e4hneln denen an Benzinmotoren: gr\u00f6\u00dferer Ladeluftk\u00fchler, Downpipe, Sportauspuff, Lufteinlass, mit dem Zusatz von Diesel-spezifischen Dienstleistungen wie DPF-Entfernung.<a name=\"anchor5\"><\/a><\/p>\n<h2>STUFE 3 TUNING F\u00dcR MAXIMALE LEISTUNG<\/h2>\n<p>Die Tuningdateien der Stufe 3 werden f\u00fcr maximale Leistung entwickelt. Wir entfernen alle Beschr\u00e4nkungen des Steuerger\u00e4ts und \u00e4ndern die Teile, die die zus\u00e4tzliche Belastung aushalten und\/oder eine bessere Leistung erbringen k\u00f6nnen. Wenn verschiedene Aftermarket-Performance-Teile im Auto installiert sind, sind viele verschiedene Konfigurationen m\u00f6glich.<\/p>\n<p>F\u00fcr ein ordnungsgem\u00e4\u00dfes Stage-3-Tuning sollte der Kunde vollst\u00e4ndige Datenprotokolle zur Verf\u00fcgung stellen. Denken Sie daran, dass Sie, wenn Sie Stage-3-Tuningdateien verwenden wollen, unbedingt \u00fcber alle erforderlichen Werkzeuge und Kenntnisse verf\u00fcgen oder sich von branchenf\u00fchrenden Experten anleiten lassen m\u00fcssen. Andernfalls k\u00f6nnen Sie den Motor irreparabel besch\u00e4digen.<a name=\"anchor6\"><\/a><\/p>\n<h3>STUFE 3 TUNING F\u00dcR BRENNSTOFFMOTOREN<\/h3>\n<p>Stufe 3 Tuning f\u00fcr Benzinmotoren kann \u00c4nderungen wie einen gr\u00f6\u00dferen Turbo, einen Ladeluftk\u00fchler, eine Downpipe, Rennkatalysatoren, eine Kraftstoffpumpe, Einspritzd\u00fcsen, Einlass- und Auslassventile, Federn, einen gr\u00f6\u00dferen MAF- oder MAP-Sensor, eine Rennkupplung beinhalten&#8230;<a name=\"anchor7\"><\/a><\/p>\n<h3>STUFE 3 TUNING F\u00dcR DIESELMOTOREN<\/h3>\n<p>Bei Dieselmotoren k\u00f6nnen die \u00c4nderungen in dieser Phase einen gr\u00f6\u00dferen Turbo, einen Ladeluftk\u00fchler, eine Downpipe, eine Kraftstoffpumpe, Einspritzd\u00fcsen, einen gr\u00f6\u00dferen MAF- oder MAP-Sensor, eine Rennkupplung und mehr umfassen.<a name=\"anchor8\"><\/a><\/p>\n<h2>ZUR\u00dcCK ZU DEN GRUNDLAGEN<\/h2>\n<ul>\n<li>Remapping hat drei Hauptstufen mit dem Ziel der Leistungssteigerung<\/li>\n<li>ZIP Tuning kann Sie durch den gesamten Tuningprozess f\u00fchren und Ihnen zeigen, wie Ihr eigenes Auto von diesen Verbesserungen profitieren kann<\/li>\n<li>Die Tuningstufen k\u00f6nnen sowohl bei Fahrzeugen mit Benzin- als auch mit Dieselmotoren angewendet werden<\/li>\n<li>Unsere Tuningdateien der Stufe 1 sind f\u00fcr den Einsatz in einem Fahrzeug mit Originalteilen entwickelt worden<\/li>\n<li>Die beiden anderen Tuningstufen f\u00fchren neue Hardwareteile ein, wobei das Tuning der Stufe 3 extremere \u00c4nderungen beinhaltet<\/li>\n<\/ul>\n<div class=\"call-to-action-box\">\n<div class=\"col\">\n<h3>Tuning-Dateien f\u00fcr die Stufen 1, 2 und 3 von Ziptuning herunterladen<\/h3>\n<\/div>\n<div class=\"col\"><a href=\"https:\/\/portal.ziptuning.com\/register\" class=\"call-reg\" target=\"_blank\" rel=\"noopener\">Jetzt registrieren<\/a><span> oder Sie haben bereits ein Konto, <a href=\"https:\/\/portal.ziptuning.com\/\" class=\"call-login\" target=\"_blank\" rel=\"noopener\">Jetzt anmelden<\/a><\/span><\/div>\n<\/div>\n","protected":false},"excerpt":{"rendered":"<p>TUNING STUFEN 1, 2 und 3 Wenn Sie die Leistung Ihres Fahrzeugs verbessern wollen, bietet Ihnen ZIP Tuning eine kurze Zusammenfassung der m\u00f6glichen \u00c4nderungen durch die Tuningstufen 1, 2 und 3. Denken Sie daran, dass Sie Ihr Fahrzeug gr\u00fcndlich testen sollten, um den optimalen Nutzen aus jeder \u00c4nderung zu ziehen. Au\u00dferdem k\u00f6nnen Sie alle Tuningstufen<\/p>\n","protected":false},"author":1,"featured_media":0,"parent":208968,"menu_order":4,"comment_status":"closed","ping_status":"closed","template":"","meta":{"_acf_changed":false,"footnotes":""},"class_list":["post-209036","page","type-page","status-publish","hentry"],"acf":[],"_links":{"self":[{"href":"https:\/\/www.ziptuning.com\/de\/wp-json\/wp\/v2\/pages\/209036","targetHints":{"allow":["GET"]}}],"collection":[{"href":"https:\/\/www.ziptuning.com\/de\/wp-json\/wp\/v2\/pages"}],"about":[{"href":"https:\/\/www.ziptuning.com\/de\/wp-json\/wp\/v2\/types\/page"}],"author":[{"embeddable":true,"href":"https:\/\/www.ziptuning.com\/de\/wp-json\/wp\/v2\/users\/1"}],"replies":[{"embeddable":true,"href":"https:\/\/www.ziptuning.com\/de\/wp-json\/wp\/v2\/comments?post=209036"}],"version-history":[{"count":2,"href":"https:\/\/www.ziptuning.com\/de\/wp-json\/wp\/v2\/pages\/209036\/revisions"}],"predecessor-version":[{"id":209163,"href":"https:\/\/www.ziptuning.com\/de\/wp-json\/wp\/v2\/pages\/209036\/revisions\/209163"}],"up":[{"embeddable":true,"href":"https:\/\/www.ziptuning.com\/de\/wp-json\/wp\/v2\/pages\/208968"}],"wp:attachment":[{"href":"https:\/\/www.ziptuning.com\/de\/wp-json\/wp\/v2\/media?parent=209036"}],"curies":[{"name":"wp","href":"https:\/\/api.w.org\/{rel}","templated":true}]}}