{"id":209012,"date":"2019-03-25T13:04:52","date_gmt":"2019-03-25T13:04:52","guid":{"rendered":"http:\/\/dev.ziptuning.nl\/de\/?page_id=209012"},"modified":"2023-03-14T16:23:24","modified_gmt":"2023-03-14T16:23:24","slug":"no-lift-shift-nls-manual-transmission","status":"publish","type":"page","link":"https:\/\/www.ziptuning.com\/de\/tuning-file\/no-lift-shift-nls-manual-transmission\/","title":{"rendered":"Zwischengasfreies schalten\/NLS-Tunen (Schaltgetriebe)"},"content":{"rendered":"<p>Beim Schalten eines manuellen Getriebes m\u00fcssen Sie jedes Mal, wenn Sie die Kupplung bet\u00e4tigen, den Fu\u00df vom Gas nehmen und dann wieder Gas geben, wenn Sie das Kupplungspedal durchtreten. Auch wenn der Fahrer noch so geschickt ist, verliert er dabei zwangsl\u00e4ufig etwas Zeit und Schub. Wenn der Fahrer nur die ganze Zeit das Gaspedal gedr\u00fcckt halten und sich nur auf das Schalten konzentrieren k\u00f6nnte. Nun, das geht &#8211; mit No-Lift Shift\/NLS-Tuning!<\/p>\n<p>Das Out No-Lift Shift (NLS) Tuning erm\u00f6glicht es Ihnen, die G\u00e4nge zu wechseln, ohne den Fu\u00df vom Gaspedal zu nehmen, selbst wenn Sie die Kupplung bet\u00e4tigen und schalten.<\/p>\n<p>Die gesamte Steuerung des Ladedrucks und die Begrenzung der Drehzahl wird von der ECU \u00fcbernommen. Auf diese Weise k\u00f6nnen Sie die schnellsten Schaltzeiten, un\u00fcbertroffene Beschleunigung von der Markierung und totale Kontrolle und Sicherheit f\u00fcr Ihre Teile zur gleichen Zeit genie\u00dfen.<\/p>\n<div class=\"call-to-action-box\">\n<div class=\"col\">\n<h3>Genie\u00dfen Sie blitzschnelle Beschleunigung Ihres Schaltgetriebes mit unserem NLS-Tuning<\/h3>\n<\/div>\n<div class=\"col\"><a href=\"https:\/\/portal.ziptuning.com\/register\" class=\"call-reg\" target=\"_blank\" rel=\"noopener\">Jetzt registrieren<\/a><span> oder Sie haben bereits ein Konto, <a href=\"https:\/\/portal.ziptuning.com\/\" class=\"call-login\" target=\"_blank\" rel=\"noopener\">Jetzt anmelden<\/a><\/span><\/div>\n<\/div>\n","protected":false},"excerpt":{"rendered":"<p>Beim Schalten eines manuellen Getriebes m\u00fcssen Sie jedes Mal, wenn Sie die Kupplung bet\u00e4tigen, den Fu\u00df vom Gas nehmen und dann wieder Gas geben, wenn Sie das Kupplungspedal durchtreten. Auch wenn der Fahrer noch so geschickt ist, verliert er dabei zwangsl\u00e4ufig etwas Zeit und Schub. Wenn der Fahrer nur die ganze Zeit das Gaspedal gedr\u00fcckt<\/p>\n","protected":false},"author":1,"featured_media":0,"parent":208968,"menu_order":12,"comment_status":"closed","ping_status":"closed","template":"","meta":{"_acf_changed":false,"footnotes":""},"class_list":["post-209012","page","type-page","status-publish","hentry"],"acf":[],"_links":{"self":[{"href":"https:\/\/www.ziptuning.com\/de\/wp-json\/wp\/v2\/pages\/209012","targetHints":{"allow":["GET"]}}],"collection":[{"href":"https:\/\/www.ziptuning.com\/de\/wp-json\/wp\/v2\/pages"}],"about":[{"href":"https:\/\/www.ziptuning.com\/de\/wp-json\/wp\/v2\/types\/page"}],"author":[{"embeddable":true,"href":"https:\/\/www.ziptuning.com\/de\/wp-json\/wp\/v2\/users\/1"}],"replies":[{"embeddable":true,"href":"https:\/\/www.ziptuning.com\/de\/wp-json\/wp\/v2\/comments?post=209012"}],"version-history":[{"count":3,"href":"https:\/\/www.ziptuning.com\/de\/wp-json\/wp\/v2\/pages\/209012\/revisions"}],"predecessor-version":[{"id":209173,"href":"https:\/\/www.ziptuning.com\/de\/wp-json\/wp\/v2\/pages\/209012\/revisions\/209173"}],"up":[{"embeddable":true,"href":"https:\/\/www.ziptuning.com\/de\/wp-json\/wp\/v2\/pages\/208968"}],"wp:attachment":[{"href":"https:\/\/www.ziptuning.com\/de\/wp-json\/wp\/v2\/media?parent=209012"}],"curies":[{"name":"wp","href":"https:\/\/api.w.org\/{rel}","templated":true}]}}