{"id":209010,"date":"2019-03-25T12:48:11","date_gmt":"2019-03-25T12:48:11","guid":{"rendered":"http:\/\/dev.ziptuning.nl\/de\/?page_id=209010"},"modified":"2024-08-12T06:20:56","modified_gmt":"2024-08-12T06:20:56","slug":"transmission-tuning-tcu-tuning","status":"publish","type":"page","link":"https:\/\/www.ziptuning.com\/de\/tuning-file\/transmission-tuning-tcu-tuning\/","title":{"rendered":"Getriebe-Tuning\/TCU-Tuning"},"content":{"rendered":"<h2 id=\"gearbox-tuning-unleashing-performance-and-efficiency\">Getriebe-Tuning: Performance und Effizienz entfesseln<\/h2>\n<p>Das Getriebe-Tuning ist ein anspruchsvoller Prozess, der die Leistung der Getriebe optimiert, um sowohl das Fahrerlebnis als auch die Effizienz des Fahrzeugs zu verbessern. Bei ZIPtuning sind wir auf fortschrittliche Getriebe-Kalibrierungstechniken spezialisiert, die auf Autoliebhaber, professionelle Mechaniker und Ingenieure zugeschnitten sind, die das Potenzial ihres Fahrzeugs maximieren m\u00f6chten.<\/p>\n<p><img loading=\"lazy\" decoding=\"async\" src=\"https:\/\/www.ziptuning.com\/wp-content\/uploads\/2024\/03\/Transmission-tuning.jpg\" alt=\"\" width=\"1053\" height=\"703\" class=\"alignnone size-full wp-image-304546\" \/><\/p>\n<h2 id=\"types-of-gearboxes-and-tuning-possibilities\">Getriebetypen und Tuning-M\u00f6glichkeiten<\/h2>\n<p>Unsere Expertise erstreckt sich auf verschiedene Getriebetypen, darunter:<\/p>\n<ul>\n<li>Direktschaltgetriebe (DSG\/S-Tronic)<\/li>\n<li>Konventionelle Automatikgetriebe<\/li>\n<li>Stufenlose Getriebe (CVT)<\/li>\n<li>ZF8 Automatikgetriebe<\/li>\n<\/ul>\n<p>Jeder Getriebetyp bietet einzigartige Tuning-M\u00f6glichkeiten, die ma\u00dfgeschneiderte Leistungssteigerungen erm\u00f6glichen.<\/p>\n<h2 id=\"technical-aspects-of-gearbox-tuning\">Technische Aspekte des Getriebe-Tunings<\/h2>\n<h3>Optimierung der Schaltpunkte<\/h3>\n<p>Wir kalibrieren die Schaltpunkte neu, um sie an die Leistungskurve des Motors anzupassen, was eine optimale Gangwahl f\u00fcr Leistung und Effizienz sicherstellt. Dies kann zu einer Verbesserung des Kraftstoffverbrauchs um bis zu 15 % f\u00fchren, je nach Fahrzeug und Fahrstil.<\/p>\n<h3>Drehmomentmanagement<\/h3>\n<p>Unser Tuning-Prozess beinhaltet die Anpassung der Drehmomentbegrenzer, um die erh\u00f6hte Motorleistung zu unterst\u00fctzen, insbesondere bei Fahrzeugen mit ECU-Remapping. Dies verhindert Leistungsverluste aufgrund von werksseitig gesetzten k\u00fcnstlichen Beschr\u00e4nkungen.<\/p>\n<h3>Launch-Control-Modifikationen<\/h3>\n<p>Bei kompatiblen Fahrzeugen optimieren wir die Launch-Control-Parameter, um die Beschleunigung aus dem Stand zu verbessern und gleichzeitig die Integrit\u00e4t des Antriebsstrangs zu erhalten.<\/p>\n<h3>Kupplungsdruckanpassungen<\/h3>\n<p>Die Feinabstimmung des Kupplungsdrucks verbessert die Geschmeidigkeit und Reaktionsf\u00e4higkeit der Schaltung, was besonders f\u00fcr DSG-Getriebe von Vorteil ist. Dies kann zu einer Schaltgeschwindigkeitsverbesserung von bis zu 20 % f\u00fchren.<\/p>\n<h2 id=\"key-maps-and-parameters-for-gearbox-tuning\">Wichtige Kennfelder und Parameter f\u00fcr das Getriebe-Tuning<\/h2>\n<ol>\n<li><strong>Schaltzeit-Kennfelder<\/strong>: Steuern das Schaltverhalten basierend auf Gaspedalstellung, Motordrehzahl und Fahrzeuggeschwindigkeit.<\/li>\n<li><strong>Schaltpunkt-Kennfelder<\/strong>: Bestimmen die spezifischen Drehzahlen oder Geschwindigkeiten f\u00fcr den Gangwechsel.<\/li>\n<li><strong>Drehmomentbegrenzer-Kennfelder<\/strong>: Regulieren die Drehmoment\u00fcbertragung durch das Getriebe.<\/li>\n<li><strong>Schaltdruck-Kennfelder<\/strong>: Steuern den hydraulischen Druck, der bei Gangwechseln auf die Kupplungen angewendet wird.<\/li>\n<li><strong>Drehzahlbegrenzer-Kennfelder<\/strong>: Setzen die maximale Motordrehzahl f\u00fcr Gangwechsel.<\/li>\n<li><strong>Launch-Control-Kennfelder<\/strong>: Optimieren die Traktion und Beschleunigung aus dem Stand.<\/li>\n<li><strong>R\u00fcckschalt-Kennfelder<\/strong>: Steuern das R\u00fcckschaltverhalten w\u00e4hrend des Verz\u00f6gerns oder bei Leistungsanforderungen.<\/li>\n<li><strong>Modus-spezifische Kennfelder<\/strong>: Passen das Getriebeverhalten an verschiedene Fahrmodi an.<\/li>\n<\/ol>\n<h2 id=\"the-ziptuning-gearbox-tuning-process\">Der ZIPtuning Getriebe-Tuning-Prozess<\/h2>\n<ol>\n<li>\n<p><strong>Kundenregistrierung und Kauf von Credits<\/strong><br \/>Kunden registrieren sich auf unserem Portal und kaufen Credits f\u00fcr unsere Dienstleistungen.<\/p>\n<\/li>\n<li>\n<p><strong>ECU-Auslesen und Datei-Upload<\/strong><br \/>Kunden extrahieren ihre Getriebesteuerger\u00e4t (TCU)-Datei und laden sie auf unseren sicheren Dateidienst hoch.<\/p>\n<\/li>\n<li>\n<p><strong>Dateiverarbeitung und Ingenieur-\u00dcberpr\u00fcfung<\/strong><br \/>Unsere erfahrenen Ingenieure analysieren die Datei und ber\u00fccksichtigen spezielle Anforderungen oder Modifikationen.<\/p>\n<\/li>\n<li>\n<p><strong>Dateianpassung und Lieferung<\/strong><br \/>Wir wenden unsere propriet\u00e4ren Tuning-Algorithmen an und liefern die optimierte Datei innerhalb von 60 Minuten f\u00fcr die meisten Projekte.<\/p>\n<\/li>\n<li>\n<p><strong>Kunden-Upload und Test<\/strong><br \/>Kunden laden die abgestimmte Datei auf das TCU ihres Fahrzeugs hoch und f\u00fchren umfangreiche Tests durch.<\/p>\n<\/li>\n<\/ol>\n<div class=\"call-to-action-box\">\n<div class=\"col\">\n<h3>Ben\u00f6tigen Sie eine Getriebe-Tuning-Datei?<\/h3>\n<\/div>\n<div class=\"col\"><a class=\"call-reg\" href=\"https:\/\/portal.ziptuning.com\/register\" target=\"_blank\" rel=\"noopener\">Jetzt registrieren<\/a> oder bereits ein Konto? <a class=\"call-login\" href=\"https:\/\/portal.ziptuning.com\/\" target=\"_blank\" rel=\"noopener\">Jetzt einloggen<\/a><\/div>\n<\/div>\n<h2 id=\"supported-vehicle-makes-and-models\">Unterst\u00fctzte Fahrzeugmarken und -modelle<\/h2>\n<p>ZIPtuning bietet Getriebe-Tuning f\u00fcr eine Vielzahl von Fahrzeugen an, darunter, aber nicht beschr\u00e4nkt auf:<\/p>\n<ul>\n<li>Audi<\/li>\n<li>BMW<\/li>\n<li>Mercedes-Benz<\/li>\n<li>Volkswagen<\/li>\n<li>Porsche<\/li>\n<li>Land Rover<\/li>\n<\/ul>\n<p>Unsere Datenbank umfasst \u00fcber 100.000 Tuning-Projekte, die Kompatibilit\u00e4t mit den meisten modernen Fahrzeugen sicherstellen.<\/p>\n<h2 id=\"specific-adjustments-for-various-car-makes\">Spezifische Anpassungen f\u00fcr verschiedene Automarken<\/h2>\n<p><strong>Audi<\/strong><\/p>\n<ul>\n<li>Schnellere Schaltungen und h\u00f6here Schaltpunkte bei S- und RS-Modellen<\/li>\n<li>Erh\u00f6hte Drehmomentgrenzen f\u00fcr getunte Motoren<\/li>\n<li>Verbesserter Sportmodus mit aggressiven Schaltmustern<\/li>\n<\/ul>\n<p><strong>Volkswagen (VW)<\/strong><\/p>\n<ul>\n<li>Sanftere Schaltungen f\u00fcr den t\u00e4glichen Gebrauch, schnellere Schaltungen bei GTI- und R-Modellen<\/li>\n<li>Optimierte Launch-Control<\/li>\n<li>Verbesserter Eco-Modus f\u00fcr Kraftstoffeffizienz<\/li>\n<\/ul>\n<p><strong>Porsche<\/strong><\/p>\n<ul>\n<li>Hochleistungs-Schaltoptimierung in den Modi Sport und Sport+<\/li>\n<li>Deutlich erh\u00f6hte Drehmomentgrenzen<\/li>\n<li>Fein abgestimmte Launch-Control f\u00fcr maximale Beschleunigung<\/li>\n<\/ul>\n<p><strong>Land Rover<\/strong><\/p>\n<ul>\n<li>Ausgewogenes Tuning f\u00fcr Offroad-F\u00e4higkeit und Onroad-Performance<\/li>\n<li>Erh\u00f6hte Drehmomentgrenzen f\u00fcr Dieselmotoren<\/li>\n<li>Verbesserte Offroad-Modi mit optimierten Schaltmustern<\/li>\n<\/ul>\n<p><strong>Mercedes<\/strong><\/p>\n<ul>\n<li>Sehr schnelle Schaltungen in AMG-Modellen<\/li>\n<li>Erh\u00f6hte Drehmomentgrenzen f\u00fcr leistungsstarke AMG-Motoren<\/li>\n<li>Aggressiver Sport+-Modus, sanfterer Komfortmodus<\/li>\n<\/ul>\n<p><strong>BMW<\/strong><\/p>\n<ul>\n<li>Sportliche Fahroptimierung bei M-Modellen<\/li>\n<li>Erh\u00f6hte Drehmomentgrenzen f\u00fcr getunte Motoren<\/li>\n<li>Verbesserte Launch-Control f\u00fcr optimale Traktion und Beschleunigung<\/li>\n<\/ul>\n<p><img loading=\"lazy\" decoding=\"async\" class=\"aligncenter size-full wp-image-268283\" src=\"https:\/\/www.ziptuning.com\/wp-content\/uploads\/2020\/05\/ZF-8HP-8-speed-automatic-transmission-1.jpg\" alt=\"ZF 8HP 8-Gang-Automatikgetriebe\" width=\"748\" height=\"499\" \/><\/p>\n<h2 id=\"safety-and-longevity-considerations\">Sicherheits- und Langlebigkeits\u00fcberlegungen<\/h2>\n<p>W\u00e4hrend wir die Leistung steigern, legen wir gro\u00dfen Wert auf die Langlebigkeit des Getriebes und die Sicherheit des Fahrzeugs. Unser Tuning-Prozess folgt strengen Richtlinien:<\/p>\n<ul>\n<li>Aufrechterhaltung sicherer Betriebstemperaturen<\/li>\n<li>Einhaltung der vom Hersteller vorgegebenen Sicherheitsmargen<\/li>\n<li>Sicherstellung der Kompatibilit\u00e4t mit bestehenden Fahrzeugs\n<p>ystemen<\/li>\n<\/ul>\n<h2 id=\"ziptuning-s-expertise-and-support\">ZIPtunings Expertise und Support<\/h2>\n<p>Mit \u00fcber 15 Jahren Forschung und Entwicklung in der Tuning-Branche bietet unser Team hochqualifizierter Ingenieure un\u00fcbertroffene Expertise. Wir bieten:<\/p>\n<ul>\n<li>Kontinuierliche Unterst\u00fctzung, bis die Kundenzufriedenheit erreicht ist<\/li>\n<li>Echtzeit-Hilfe bei Feinabstimmung und Fehlerbehebung<\/li>\n<li>Umfassende Analyse der Datenaufzeichnung f\u00fcr optimale Kalibrierung<\/li>\n<\/ul>\n<p>Unser Engagement f\u00fcr Qualit\u00e4t zeigt sich in unserem Durchschnitt von 80 t\u00e4glich verkauften Kalibrierungen, was uns zu einem f\u00fchrenden Anbieter in der Getriebe-Tuning-Branche macht.<\/p>\n<p>Abschlie\u00dfend bietet ZIPtunings Getriebe-Tuning-Service einen wissenschaftlich fundierten Ansatz zur Optimierung von Getrieben. Durch die Nutzung unserer umfangreichen Erfahrung und fortschrittlichen Technologie liefern wir messbare Verbesserungen in Bezug auf Fahrzeugleistung, Effizienz und Fahrverhalten. Unser Prozess stellt sicher, dass jedes Tuning-Projekt auf die spezifischen Bed\u00fcrfnisse des Fahrzeugs und seines Besitzers zugeschnitten ist, wobei die perfekte Balance zwischen erh\u00f6hter Leistung und zuverl\u00e4ssigem Betrieb gewahrt bleibt.<\/p>\n<div class=\"call-to-action-box\">\n<div class=\"col\">\n<h3>Ben\u00f6tigen Sie eine Getriebe-Tuning-Datei?<\/h3>\n<\/div>\n<div class=\"col\"><a class=\"call-reg\" href=\"https:\/\/portal.ziptuning.com\/register\" target=\"_blank\" rel=\"noopener\">Jetzt registrieren<\/a> oder bereits ein Konto? <a class=\"call-login\" href=\"https:\/\/portal.ziptuning.com\/\" target=\"_blank\" rel=\"noopener\">Jetzt einloggen<\/a><\/div>\n<\/div>\n<h2>FAQs zu Getriebe-Tuningdateien<\/h2>\n<h3>Wie wirkt sich das Getriebe-Tuning auf den Kraftstoffverbrauch aus?<\/h3>\n<p>Getriebe-Tuning kann den Kraftstoffverbrauch verbessern, indem es die Schaltpunkte optimiert, unn\u00f6tige Gangwechsel reduziert und sicherstellt, dass der Motor h\u00e4ufiger im effizientesten Drehzahlbereich arbeitet.<\/p>\n<h3>Welche Risiken bestehen bei der Erh\u00f6hung der Drehmomentgrenzen in einem Getriebe?<\/h3>\n<p>Die Erh\u00f6hung der Drehmomentgrenzen kann, wenn sie nicht sorgf\u00e4ltig durchgef\u00fchrt wird, zu erh\u00f6htem Verschlei\u00df an Kupplungen, Zahnr\u00e4dern und anderen Getriebekomponenten f\u00fchren. Es k\u00f6nnte auch Garantien ung\u00fcltig machen, wenn es nicht von autorisierten Tunern durchgef\u00fchrt wird.<\/p>\n<h3>Wie unterscheidet sich das Launch-Control-Tuning bei Fahrzeugen mit Heck- und Allradantrieb?<\/h3>\n<p>Beim Launch-Control-Tuning f\u00fcr heckgetriebene Fahrzeuge liegt der Schwerpunkt st\u00e4rker auf dem Management des Radschlupfes, w\u00e4hrend das Allrad-Tuning die Leistungsbalance zwischen den Vorder- und Hinterachsen f\u00fcr optimale Traktion regelt.<\/p>\n<h3>Kann das Getriebe-Tuning die erh\u00f6hte Leistung aus einem Motor-Tuning kompensieren?<\/h3>\n<p>Ja, das Getriebe-Tuning kann die Schaltpunkte, das Drehmomentmanagement und den Kupplungsdruck an die erh\u00f6hte Leistung aus dem Motor-Tuning anpassen, um optimale Leistung und Langlebigkeit zu gew\u00e4hrleisten.<\/p>\n<h3>Welche Parameter werden typischerweise bei der Optimierung eines Getriebes f\u00fcr den Einsatz auf der Rennstrecke angepasst?<\/h3>\n<p>F\u00fcr den Einsatz auf der Rennstrecke konzentrieren sich Tuner h\u00e4ufig auf die Erh\u00f6hung der Schaltgeschwindigkeit, die Anhebung der Schaltpunkte, die Optimierung des Drehmomentmanagements und die Anpassung der Launch-Control f\u00fcr maximale Beschleunigung.<\/p>\n<h3>Wie wirkt sich das Getriebe-Tuning auf die Lebensdauer des Getriebe\u00f6ls aus?<\/h3>\n<p>Aggressives Getriebe-Tuning kann die Temperaturen des Getriebe\u00f6ls erh\u00f6hen, was seine Lebensdauer verk\u00fcrzen kann. Eine ordnungsgem\u00e4\u00dfe Abstimmung sollte Schutzvorkehrungen gegen \u00dcberhitzung enthalten.<\/p>\n<h3>Welche Herausforderungen gibt es beim Tuning eines CVT-Getriebes im Vergleich zu einem herk\u00f6mmlichen Automatikgetriebe?<\/h3>\n<p>Beim CVT-Tuning liegt der Schwerpunkt eher auf der Optimierung des \u00dcbersetzungsverh\u00e4ltnisses und der Reaktionszeit, anstatt auf klaren Schaltpunkten. Es erfordert auch eine sorgf\u00e4ltige Steuerung der Riemen- oder Kettenspannung und des Schlupfes.<\/p>\n<h3>Wie kann das Getriebe-Tuning die Anh\u00e4ngerleistung verbessern?<\/h3>\n<p>Das Getriebe-Tuning f\u00fcr Anh\u00e4ngerbetrieb umfasst in der Regel die Anpassung der Schaltpunkte, um die optimale Motordrehzahl unter Last aufrechtzuerhalten, die Anpassung des Drehmomentmanagements f\u00fcr eine bessere Leistungsabgabe und die Optimierung der K\u00fchlstrategien.<\/p>\n<h3>Welche Rolle spielt das adaptive Lernen beim modernen Getriebe-Tuning?<\/h3>\n<p>Das adaptive Lernen erm\u00f6glicht es dem Getriebe, sein Verhalten basierend auf dem Fahrstil und den Bedingungen anzupassen. Das Tuning kann diese adaptiven Parameter optimieren, um bessere Reaktionsf\u00e4higkeit und Effizienz zu erzielen.<\/p>\n<h3>Wie interagiert das Getriebe-Tuning mit Stabilit\u00e4tskontrollsystemen?<\/h3>\n<p>Das Getriebe-Tuning muss mit Stabilit\u00e4tskontrollsystemen koordiniert werden, um ein ordnungsgem\u00e4\u00dfes Traktionsmanagement sicherzustellen, insbesondere bei Starts und in Kurven.<\/p>\n<h3>Was sind die wichtigsten Unterschiede beim Tuning eines Doppelkupplungsgetriebes im Vergleich zu einem herk\u00f6mmlichen Automatikgetriebe mit Drehmomentwandler?<\/h3>\n<p>Das Tuning eines Doppelkupplungsgetriebes konzentriert sich st\u00e4rker auf die Kupplungseingriffszeit und den Druck, w\u00e4hrend bei Automatikgetrieben mit Drehmomentwandler die Optimierung der Wandler\u00fcberbr\u00fcckung und der Schalt\u00fcberschneidung erforderlich ist.<\/p>\n<h3>Wie kann das Getriebe-Tuning den Hitzestau im Getriebe w\u00e4hrend des Hochleistungsfahrens mindern?<\/h3>\n<p>Das Tuning kann aggressivere K\u00fchlstrategien implementieren, Schaltmuster anpassen, um die W\u00e4rmeentwicklung zu reduzieren, und das Drehmomentmanagement anpassen, um \u00fcberm\u00e4\u00dfigen Schlupf zu verhindern.<\/p>\n<h3>Welche \u00dcberlegungen sind beim Tuning von Getrieben f\u00fcr Fahrzeuge mit Start-Stopp-Technologie erforderlich?<\/h3>\n<p>Das Tuning muss einen sanften Wiedereingriff des Getriebes beim Neustart des Motors sicherstellen, was h\u00e4ufig Anpassungen des Kupplungsdrucks und der Eingriffszeiten erfordert.<\/p>\n<h3>Wie wirkt sich das Getriebe-Tuning auf die Fahrzeugemissionen aus?<\/h3>\n<p>Eine ordnungsgem\u00e4\u00dfe Getriebeabstimmung kann potenziell die Emissionen reduzieren, indem der Motor h\u00e4ufiger im effizientesten Betriebsbereich gehalten und unn\u00f6tige Gangwechsel reduziert werden.<\/p>\n<h3>Welche Herausforderungen gibt es beim Tuning von Getrieben f\u00fcr Hybridfahrzeuge?<\/h3>\n<p>Das Getriebe-Tuning von Hybridfahrzeugen muss die Interaktion zwischen dem Elektromotor und dem Verbrennungsmotor ber\u00fccksichtigen und die Leistungsblende sowie die Strategien f\u00fcr die regenerative Bremsung optimieren.<\/p>\n<h3>Wie kann das Getriebe-Tuning die Offroad-Leistung verbessern?<\/h3>\n<p>Das Offroad-Getriebe-Tuning umfasst h\u00e4ufig die Anpassung der Schaltpunkte f\u00fcr das langsame Kriechen, die Optimierung der Drehmomentverteilung in AWD-Systemen und die Anpassung der Traktionskontrollparameter.<\/p>\n<h3>Welche Datenprotokollierungsparameter sind am wichtigsten f\u00fcr die Optimierung des Getriebe-Tunings?<\/h3>\n<p>Wichtige Parameter umfassen Getriebetemperatur, Schaltzeiten, \u00dcbersetzungsverh\u00e4ltnisse, Drehmomentwandler-Schlupf (bei herk\u00f6mmlichen Automatikgetrieben) und Kupplungsschlupf (bei Doppelkupplungsgetrieben).<\/p>\n<h3>Wie wirkt sich das Getriebe-Tuning auf die Funktionalit\u00e4t der Schaltwippen im manuellen Modus aus?<\/h3>\n<p>Das Tuning kann die Reaktionsf\u00e4higkeit der Schaltwippen anpassen, schnellere Schaltvorg\u00e4nge erm\u00f6glichen und potenziell einige werkseitig gesetzte Einschr\u00e4nkungen der manuellen Steuerung \u00fcberschreiben.<\/p>\n<h3>Welche \u00dcberlegungen sind beim Tuning von Getrieben f\u00fcr Fahrzeuge, die in extremen Klimazonen eingesetzt werden, notwendig?<\/h3>\n<p>Das Tuning in extremen Klimazonen muss Ver\u00e4nderungen der \u00d6lviskosit\u00e4t ber\u00fccksichtigen, Aufw\u00e4rmstrategien anpassen und m\u00f6glicherweise Schaltmuster \u00e4ndern, um sich an sehr hei\u00dfe oder kalte Bedingungen anzupassen.<\/p>\n<h3>Wie kann das Getriebe-Tuning die Effektivit\u00e4t der Motorbremse verbessern?<\/h3>\n<p>Das Tuning kann R\u00fcckschaltpunkte und -aggressivit\u00e4t anpassen, um die Motorbremse zu verbessern, was besonders n\u00fctzlich f\u00fcr sportliches Fahren oder das Abfahren langer Gef\u00e4llstrecken ist.<\/p>\n<div class=\"call-to-action-box\">\n<div class=\"col\">\n<h3>Ben\u00f6tigen Sie eine Getriebe-Tuning-Datei?<\/h3>\n<\/div>\n<div class=\"col\"><a class=\"call-reg\" href=\"https:\/\/portal.ziptuning.com\/register\" target=\"_blank\" rel=\"noopener\">Jetzt registrieren<\/a> oder bereits ein Konto? <a class=\"call-login\" href=\"https:\/\/portal.ziptuning.com\/\" target=\"_blank\" rel=\"noopener\">Jetzt einloggen<\/a><\/div>\n<\/div>\n","protected":false},"excerpt":{"rendered":"<p>Getriebe-Tuning: Performance und Effizienz entfesseln Das Getriebe-Tuning ist ein anspruchsvoller Prozess, der die Leistung der Getriebe optimiert, um sowohl das Fahrerlebnis als auch die Effizienz des Fahrzeugs zu verbessern. Bei ZIPtuning sind wir auf fortschrittliche Getriebe-Kalibrierungstechniken spezialisiert, die auf Autoliebhaber, professionelle Mechaniker und Ingenieure zugeschnitten sind, die das Potenzial ihres Fahrzeugs maximieren m\u00f6chten. Getriebetypen und<\/p>\n","protected":false},"author":1,"featured_media":0,"parent":208968,"menu_order":11,"comment_status":"closed","ping_status":"closed","template":"","meta":{"_acf_changed":false,"footnotes":""},"class_list":["post-209010","page","type-page","status-publish","hentry"],"acf":[],"_links":{"self":[{"href":"https:\/\/www.ziptuning.com\/de\/wp-json\/wp\/v2\/pages\/209010","targetHints":{"allow":["GET"]}}],"collection":[{"href":"https:\/\/www.ziptuning.com\/de\/wp-json\/wp\/v2\/pages"}],"about":[{"href":"https:\/\/www.ziptuning.com\/de\/wp-json\/wp\/v2\/types\/page"}],"author":[{"embeddable":true,"href":"https:\/\/www.ziptuning.com\/de\/wp-json\/wp\/v2\/users\/1"}],"replies":[{"embeddable":true,"href":"https:\/\/www.ziptuning.com\/de\/wp-json\/wp\/v2\/comments?post=209010"}],"version-history":[{"count":7,"href":"https:\/\/www.ziptuning.com\/de\/wp-json\/wp\/v2\/pages\/209010\/revisions"}],"predecessor-version":[{"id":211948,"href":"https:\/\/www.ziptuning.com\/de\/wp-json\/wp\/v2\/pages\/209010\/revisions\/211948"}],"up":[{"embeddable":true,"href":"https:\/\/www.ziptuning.com\/de\/wp-json\/wp\/v2\/pages\/208968"}],"wp:attachment":[{"href":"https:\/\/www.ziptuning.com\/de\/wp-json\/wp\/v2\/media?parent=209010"}],"curies":[{"name":"wp","href":"https:\/\/api.w.org\/{rel}","templated":true}]}}