{"id":209007,"date":"2019-03-25T12:39:58","date_gmt":"2019-03-25T12:39:58","guid":{"rendered":"http:\/\/dev.ziptuning.nl\/de\/?page_id=209007"},"modified":"2023-03-14T16:23:23","modified_gmt":"2023-03-14T16:23:23","slug":"exhaust-flap-control-tuning","status":"publish","type":"page","link":"https:\/\/www.ziptuning.com\/de\/tuning-file\/exhaust-flap-control-tuning\/","title":{"rendered":"ABSTIMMUNG DER ABGASKLAPPENSTEUERUNG"},"content":{"rendered":"<p>Mit der Auspuffklappensteuerung haben Sie mehr Kontrolle \u00fcber den Klang Ihres Fahrzeugs. Fahren Sie an einem ruhigen Morgen los und m\u00f6chten nicht alle um Sie herum aufwecken, oder m\u00f6chten Sie sich bemerkbar machen? Sind Sie auf einer ruhigen Autobahnfahrt mit einem schlafenden Kind auf dem R\u00fccksitz oder allein in Ihrem Auto auf einer Rennstrecke?<\/p>\n<p>Mit dieser Funktion k\u00f6nnen Sie dasselbe Fahrzeug in all diesen Situationen nutzen, ohne Kompromisse eingehen zu m\u00fcssen.<\/p>\n<p>Sie erm\u00f6glicht es Ihnen, das \u00d6ffnen und Schlie\u00dfen der Auspuffklappe zu ver\u00e4ndern und so ganz einfach zwischen dezentem Glucksen des Motors oder tierischem Gebr\u00fcll zu w\u00e4hlen, je nachdem, in welcher Situation Sie sich befinden.<\/p>\n<p>Wenn die Auspuffklappe geschlossen ist, ist der Auspuff in seinem zivilisierten Modus. Wenn Sie die Klappe jedoch \u00f6ffnen, wird der Durchfluss in keiner Weise behindert und der Auspuff ist in seinem aggressivsten Br\u00fcllmodus.<\/p>\n<div class=\"call-to-action-box\">\n<div class=\"col\">\n<h3>Nutzen Sie unser Fachwissen und unsere Unterst\u00fctzung mit unserem Dateiservice<\/h3>\n<\/div>\n<div class=\"col\"><a href=\"https:\/\/portal.ziptuning.com\/register\" class=\"call-reg\" target=\"_blank\" rel=\"noopener\">Jetzt registrieren<\/a><span> oder Sie haben bereits ein Konto, <a href=\"https:\/\/portal.ziptuning.com\/\" class=\"call-login\" target=\"_blank\" rel=\"noopener\">Jetzt anmelden<\/a><\/span><\/div>\n<\/div>\n","protected":false},"excerpt":{"rendered":"<p>Mit der Auspuffklappensteuerung haben Sie mehr Kontrolle \u00fcber den Klang Ihres Fahrzeugs. Fahren Sie an einem ruhigen Morgen los und m\u00f6chten nicht alle um Sie herum aufwecken, oder m\u00f6chten Sie sich bemerkbar machen? Sind Sie auf einer ruhigen Autobahnfahrt mit einem schlafenden Kind auf dem R\u00fccksitz oder allein in Ihrem Auto auf einer Rennstrecke? Mit<\/p>\n","protected":false},"author":1,"featured_media":0,"parent":208968,"menu_order":9,"comment_status":"closed","ping_status":"closed","template":"","meta":{"_acf_changed":false,"footnotes":""},"class_list":["post-209007","page","type-page","status-publish","hentry"],"acf":[],"_links":{"self":[{"href":"https:\/\/www.ziptuning.com\/de\/wp-json\/wp\/v2\/pages\/209007","targetHints":{"allow":["GET"]}}],"collection":[{"href":"https:\/\/www.ziptuning.com\/de\/wp-json\/wp\/v2\/pages"}],"about":[{"href":"https:\/\/www.ziptuning.com\/de\/wp-json\/wp\/v2\/types\/page"}],"author":[{"embeddable":true,"href":"https:\/\/www.ziptuning.com\/de\/wp-json\/wp\/v2\/users\/1"}],"replies":[{"embeddable":true,"href":"https:\/\/www.ziptuning.com\/de\/wp-json\/wp\/v2\/comments?post=209007"}],"version-history":[{"count":2,"href":"https:\/\/www.ziptuning.com\/de\/wp-json\/wp\/v2\/pages\/209007\/revisions"}],"predecessor-version":[{"id":209171,"href":"https:\/\/www.ziptuning.com\/de\/wp-json\/wp\/v2\/pages\/209007\/revisions\/209171"}],"up":[{"embeddable":true,"href":"https:\/\/www.ziptuning.com\/de\/wp-json\/wp\/v2\/pages\/208968"}],"wp:attachment":[{"href":"https:\/\/www.ziptuning.com\/de\/wp-json\/wp\/v2\/media?parent=209007"}],"curies":[{"name":"wp","href":"https:\/\/api.w.org\/{rel}","templated":true}]}}