{"id":209002,"date":"2019-03-25T12:24:34","date_gmt":"2019-03-25T12:24:34","guid":{"rendered":"http:\/\/dev.ziptuning.nl\/de\/?page_id=209002"},"modified":"2023-03-14T16:23:22","modified_gmt":"2023-03-14T16:23:22","slug":"launch-control-manual-gearbox","status":"publish","type":"page","link":"https:\/\/www.ziptuning.com\/de\/tuning-file\/launch-control-manual-gearbox\/","title":{"rendered":"Launch Control (Schaltgetriebe)"},"content":{"rendered":"<p>Das effiziente Starten eines Fahrzeugs mit einem Schaltgetriebe erfordert oft mehr Geschick als das Starten eines Automatikgetriebes, bringt aber auch das Problem mit sich, dass man warten muss, bis der Ladedruck des Turbos aufgebaut ist. W\u00e4hrend viele Automatikgetriebe \u00fcber eine Startkontrolle verf\u00fcgen, die den Aufbau des Ladedrucks im Stand erm\u00f6glicht, gibt es bei Schaltgetrieben meist keine solche Funktion. Das bedeutet, dass sie etwas Zeit verlieren, w\u00e4hrend der Turbo hochf\u00e4hrt, um den erforderlichen Ladedruck zu erzeugen.<\/p>\n<p>Mit unserem Tuning f\u00fcr die Launch-Control von Schaltgetrieben k\u00f6nnen Sie jedoch auch bei Schaltgetrieben die Vorteile der Launch-Control genie\u00dfen.<\/p>\n<p><img loading=\"lazy\" decoding=\"async\" src=\"https:\/\/www.ziptuning.com\/wp-content\/uploads\/2020\/05\/launch-control-ziptuning-1.jpg\" alt=\"Launch Control (Schaltgetriebe)\" width=\"1000\" height=\"563\" class=\"aligncenter size-full wp-image-268254\" \/><\/p>\n<p>Nach unserem Tuning m\u00fcssen Sie nur noch das Gaspedal und die Kupplung gleichzeitig gedr\u00fcckt halten, um das Turboloch zu beseitigen und eine blitzschnelle Beschleunigung zu genie\u00dfen. Die Drehzahl steigt bis zu dem von uns eingestellten Wert an und \u00fcberschreitet ihn nicht, so dass Sie den gew\u00fcnschten Schub erhalten, ohne zu viel Zeit mit durchdrehenden R\u00e4dern zu verschwenden. <\/p>\n<p>Sobald Sie bereit sind, loszuschie\u00dfen, lassen Sie einfach die Kupplung los und erleben Sie den sofortigen Schub des vorbereiteten Turbos und die totale Kontrolle \u00fcber die vordefinierte Drehzahlgrenze.<\/p>\n<div class=\"call-to-action-box\">\n<div class=\"col\">\n<h3>Gef\u00e4llt Ihnen, was Sie sehen? Holen Sie sich Launch-Control-Tuning-Dateien f\u00fcr Schaltgetriebe<\/h3>\n<\/div>\n<div class=\"col\"><a href=\"https:\/\/portal.ziptuning.com\/register\" class=\"call-reg\" target=\"_blank\" rel=\"noopener\">Jetzt registrieren<\/a><span> oder Sie haben bereits ein Konto, <a href=\"https:\/\/portal.ziptuning.com\/\" class=\"call-login\" target=\"_blank\" rel=\"noopener\">Jetzt anmelden<\/a><\/span><\/div>\n<\/div>\n","protected":false},"excerpt":{"rendered":"<p>Das effiziente Starten eines Fahrzeugs mit einem Schaltgetriebe erfordert oft mehr Geschick als das Starten eines Automatikgetriebes, bringt aber auch das Problem mit sich, dass man warten muss, bis der Ladedruck des Turbos aufgebaut ist. W\u00e4hrend viele Automatikgetriebe \u00fcber eine Startkontrolle verf\u00fcgen, die den Aufbau des Ladedrucks im Stand erm\u00f6glicht, gibt es bei Schaltgetrieben meist<\/p>\n","protected":false},"author":1,"featured_media":0,"parent":208968,"menu_order":8,"comment_status":"closed","ping_status":"closed","template":"","meta":{"_acf_changed":false,"footnotes":""},"class_list":["post-209002","page","type-page","status-publish","hentry"],"acf":[],"_links":{"self":[{"href":"https:\/\/www.ziptuning.com\/de\/wp-json\/wp\/v2\/pages\/209002","targetHints":{"allow":["GET"]}}],"collection":[{"href":"https:\/\/www.ziptuning.com\/de\/wp-json\/wp\/v2\/pages"}],"about":[{"href":"https:\/\/www.ziptuning.com\/de\/wp-json\/wp\/v2\/types\/page"}],"author":[{"embeddable":true,"href":"https:\/\/www.ziptuning.com\/de\/wp-json\/wp\/v2\/users\/1"}],"replies":[{"embeddable":true,"href":"https:\/\/www.ziptuning.com\/de\/wp-json\/wp\/v2\/comments?post=209002"}],"version-history":[{"count":2,"href":"https:\/\/www.ziptuning.com\/de\/wp-json\/wp\/v2\/pages\/209002\/revisions"}],"predecessor-version":[{"id":209180,"href":"https:\/\/www.ziptuning.com\/de\/wp-json\/wp\/v2\/pages\/209002\/revisions\/209180"}],"up":[{"embeddable":true,"href":"https:\/\/www.ziptuning.com\/de\/wp-json\/wp\/v2\/pages\/208968"}],"wp:attachment":[{"href":"https:\/\/www.ziptuning.com\/de\/wp-json\/wp\/v2\/media?parent=209002"}],"curies":[{"name":"wp","href":"https:\/\/api.w.org\/{rel}","templated":true}]}}