{"id":208974,"date":"2019-02-27T13:46:20","date_gmt":"2019-02-27T13:46:20","guid":{"rendered":"http:\/\/dev.ziptuning.nl\/de\/winols-wiederverkaufer-olsx-datenbank\/"},"modified":"2023-03-14T16:23:22","modified_gmt":"2023-03-14T16:23:22","slug":"winols-reseller","status":"publish","type":"page","link":"https:\/\/www.ziptuning.com\/de\/tuning-file\/winols-reseller\/","title":{"rendered":"WINOLS-wiederverk\u00e4ufer \/ OLSX-DAtenbank"},"content":{"rendered":"<h2>Was ist WinOLS?<\/h2>\n<p>WinOLS ist eine von EVC entwickelte Anwendung zur Bearbeitung von Steuerger\u00e4tesoftware, die zum Industriestandard geworden ist. Es ist seit vielen Jahren der beste Hex-Editor auf dem Markt f\u00fcr professionelle Tuner. Nun hat EVC Winols um das Reseller-Plugin erweitert, das es anderen Anwendern erm\u00f6glicht, die in der ZIP entwickelten Tuningdateiprojekte aus unserer OLSx-Datenbank herunterzuladen.<\/p>\n<ul>\n<li>Tuningdateien f\u00fcr Auto, Motorrad, LKW und Landwirtschaft<\/li>\n<li>Mappacks<\/li>\n<li>Super-Mappacks<\/li>\n<\/ul>\n<h2>Ziptuning &#8211; Winols OLSx Wiederverk\u00e4ufer<\/h2>\n<p><b><i class=\"fa fa-check-square\" aria-hidden=\"true\"><\/i> Gr\u00f6\u00dfte Tuning-Datei-Datenbank<\/b><br \/>\nMit 45.000 Tuning File Projekten sind wir (mit) der gr\u00f6\u00dfte Anbieter von olsx Projekten im EVC Winols Reseller System.<\/p>\n<p><b><i class=\"fa fa-check-square\" aria-hidden=\"true\"><\/i> Immer auf dem neuesten Stand<\/b><br \/>\nAlle Projekte sind gepr\u00fcfte und getestete Tuningdateien. Wir aktualisieren die Datenbank mit ca. 1000 Dateien pro Monat.<\/p>\n<p><b><i class=\"fa fa-check-square\" aria-hidden=\"true\"><\/i> Verbindung zu Winols Reseller<\/b><br \/>\nSie k\u00f6nnen sich mit unserem Dateidienst <a href=\"https:\/\/portal.ziptuning.com\/\" target=\"_blank\" rel=\"noopener\">hier<\/a> verbinden.<br \/>\nSie werden dann automatisch verbunden und k\u00f6nnen direkt Credits und Tuningdateien kaufen.<\/p>\n<p><b><i class=\"fa fa-check-square\" aria-hidden=\"true\"><\/i> Support &#038; Garantie<\/b><br \/>\nWir geben kostenlos vollen Support, wenn ein Projekt nicht das erwartete Ergebnis liefert. <\/p>\n<h2>Wie wird unsere OLSx-Datenbank angeschlossen?<\/h2>\n<ul class=\"default-list\">\n<li>Bitte <a href=\"https:\/\/portal.ziptuning.com\/\" target=\"_blank\" rel=\"noopener\">registrieren<\/a> Sie sich auf unserer Website und geben Sie bei der Registrierung Ihre WinOLS-Kundennummer an.<\/li>\n<li>Wenn Sie bereits ein Konto haben, k\u00f6nnen Sie uns einfach eine E-Mail mit Ihrer WinOLS-Kundennummer schicken.<\/li>\n<li>Wir werden Ihre Kundennummer so schnell wie m\u00f6glich in die Datenbank aufnehmen. Bitte vergessen Sie nicht zu aktualisieren und Credits zu kaufen.<\/li>\n<\/ul>\n<p>Wenn Sie Winols nicht verwenden, <a href=\"https:\/\/portal.ziptuning.com\/login\/\" target=\"_blank\" rel=\"noopener\">pr\u00fcfen Sie hier<\/a> unseren automatischen oder benutzerdefinierten Dateiservice.<\/p>\n<p>Offizieller Nutzer und Wiederverk\u00e4ufer von Winols: 11854<\/p>\n<p><a href=\"https:\/\/www.evc.de\/en\/check_evc_license.asp?k=jsH%2fqVxde48n3U2PH0XA6Q%3d%3d\" target=\"_blank\" rel=\"noopener noreferrer\"><img decoding=\"async\" src=\"https:\/\/www.evc.de\/common\/check_evc_license_image.asp?k=jsH%2fqVxde48n3U2PH0XA6Q%3d%3d\"><\/a><\/p>\n","protected":false},"excerpt":{"rendered":"<p>Was ist WinOLS? WinOLS ist eine von EVC entwickelte Anwendung zur Bearbeitung von Steuerger\u00e4tesoftware, die zum Industriestandard geworden ist. Es ist seit vielen Jahren der beste Hex-Editor auf dem Markt f\u00fcr professionelle Tuner. Nun hat EVC Winols um das Reseller-Plugin erweitert, das es anderen Anwendern erm\u00f6glicht, die in der ZIP entwickelten Tuningdateiprojekte aus unserer OLSx-Datenbank<\/p>\n","protected":false},"author":1,"featured_media":0,"parent":208968,"menu_order":3,"comment_status":"closed","ping_status":"closed","template":"","meta":{"_acf_changed":false,"footnotes":""},"class_list":["post-208974","page","type-page","status-publish","hentry"],"acf":[],"_links":{"self":[{"href":"https:\/\/www.ziptuning.com\/de\/wp-json\/wp\/v2\/pages\/208974","targetHints":{"allow":["GET"]}}],"collection":[{"href":"https:\/\/www.ziptuning.com\/de\/wp-json\/wp\/v2\/pages"}],"about":[{"href":"https:\/\/www.ziptuning.com\/de\/wp-json\/wp\/v2\/types\/page"}],"author":[{"embeddable":true,"href":"https:\/\/www.ziptuning.com\/de\/wp-json\/wp\/v2\/users\/1"}],"replies":[{"embeddable":true,"href":"https:\/\/www.ziptuning.com\/de\/wp-json\/wp\/v2\/comments?post=208974"}],"version-history":[{"count":2,"href":"https:\/\/www.ziptuning.com\/de\/wp-json\/wp\/v2\/pages\/208974\/revisions"}],"predecessor-version":[{"id":209160,"href":"https:\/\/www.ziptuning.com\/de\/wp-json\/wp\/v2\/pages\/208974\/revisions\/209160"}],"up":[{"embeddable":true,"href":"https:\/\/www.ziptuning.com\/de\/wp-json\/wp\/v2\/pages\/208968"}],"wp:attachment":[{"href":"https:\/\/www.ziptuning.com\/de\/wp-json\/wp\/v2\/media?parent=208974"}],"curies":[{"name":"wp","href":"https:\/\/api.w.org\/{rel}","templated":true}]}}