{"id":208969,"date":"2019-02-27T13:46:20","date_gmt":"2019-02-27T13:46:20","guid":{"rendered":"http:\/\/dev.ziptuning.nl\/de\/datei-service\/"},"modified":"2023-03-14T16:36:26","modified_gmt":"2023-03-14T16:36:26","slug":"file-service","status":"publish","type":"page","link":"https:\/\/www.ziptuning.com\/de\/tuning-file\/file-service\/","title":{"rendered":"Datei Service"},"content":{"rendered":"<h2>ZIPtuning Dateidienst:<\/h2>\n<h2>Schnell, zuverl\u00e4ssig und preisg\u00fcnstig<\/h2>\n<p>Wir bieten hochwertige Tuningdateien und 100% getestete DPF &amp; EGR off-L\u00f6sungen. F\u00fcr sechs Tage in der Woche haben wir vier engagierte Ingenieure arbeiten an unserer Datei-Service.<\/p>\n<h3>Qualit\u00e4t<\/h3>\n<p>Alle Tuning-Kalibrierungen sind Damos-basiert und wurden auf dem Pr\u00fcfstand nach konsequenter Datenerfassung und Tests entwickelt.<\/p>\n<h3>Unterst\u00fctzung<\/h3>\n<p>Sie k\u00f6nnen direkt mit den Technikern \u00fcber Skype oder Whatsapp kommunizieren, und wir arbeiten mit einem Support-System, in dem alle Kommentare ordnungsgem\u00e4\u00df bearbeitet werden.<\/p>\n<p>Der Dateidienst ist von Montag bis Samstag von 07.00 Uhr bis 18.00 Uhr ge\u00f6ffnet.<\/p>\n<p>Alle Tuningdateien werden innerhalb von 30 Minuten nach dem Hochladen und dem Kauf von ausreichend Credits geliefert. Sonderw\u00fcnsche und die L\u00f6schung von Sensoren k\u00f6nnen l\u00e4nger dauern. Normalerweise sind DPF- und EGR-Off-Dateien ebenfalls innerhalb von 30 Minuten fertig, aber aufgrund der gro\u00dfen Vielfalt an Software-Versionen kann es l\u00e4nger dauern.<\/p>\n<p>Bitte <a href=\"https:\/\/portal.ziptuning.com\" target=\"_blank\" rel=\"noopener\">registrieren<\/a> Sie sich auf unserer Website und nutzen Sie unseren Dateidienst.<\/p>\n<div class=\"call-to-action-box\">\n<div class=\"col\">\n<h3>Nutzen Sie unser Fachwissen und unsere Unterst\u00fctzung mit unserem Dateiservice<\/h3>\n<\/div>\n<div class=\"col\"><a href=\"https:\/\/portal.ziptuning.com\/register\" class=\"call-reg\" target=\"_blank\" rel=\"noopener\">Jetzt registrieren<\/a><span> oder Sie haben bereits ein Konto, <a href=\"https:\/\/portal.ziptuning.com\/\" class=\"call-login\" target=\"_blank\" rel=\"noopener\">Jetzt anmelden<\/a><\/span><\/div>\n<\/div>\n","protected":false},"excerpt":{"rendered":"<p>ZIPtuning Dateidienst: Schnell, zuverl\u00e4ssig und preisg\u00fcnstig Wir bieten hochwertige Tuningdateien und 100% getestete DPF &amp; EGR off-L\u00f6sungen. F\u00fcr sechs Tage in der Woche haben wir vier engagierte Ingenieure arbeiten an unserer Datei-Service. Qualit\u00e4t Alle Tuning-Kalibrierungen sind Damos-basiert und wurden auf dem Pr\u00fcfstand nach konsequenter Datenerfassung und Tests entwickelt. Unterst\u00fctzung Sie k\u00f6nnen direkt mit den Technikern<\/p>\n","protected":false},"author":1,"featured_media":0,"parent":208968,"menu_order":0,"comment_status":"open","ping_status":"closed","template":"","meta":{"_acf_changed":false,"footnotes":""},"class_list":["post-208969","page","type-page","status-publish","hentry"],"acf":[],"_links":{"self":[{"href":"https:\/\/www.ziptuning.com\/de\/wp-json\/wp\/v2\/pages\/208969","targetHints":{"allow":["GET"]}}],"collection":[{"href":"https:\/\/www.ziptuning.com\/de\/wp-json\/wp\/v2\/pages"}],"about":[{"href":"https:\/\/www.ziptuning.com\/de\/wp-json\/wp\/v2\/types\/page"}],"author":[{"embeddable":true,"href":"https:\/\/www.ziptuning.com\/de\/wp-json\/wp\/v2\/users\/1"}],"replies":[{"embeddable":true,"href":"https:\/\/www.ziptuning.com\/de\/wp-json\/wp\/v2\/comments?post=208969"}],"version-history":[{"count":3,"href":"https:\/\/www.ziptuning.com\/de\/wp-json\/wp\/v2\/pages\/208969\/revisions"}],"predecessor-version":[{"id":209153,"href":"https:\/\/www.ziptuning.com\/de\/wp-json\/wp\/v2\/pages\/208969\/revisions\/209153"}],"up":[{"embeddable":true,"href":"https:\/\/www.ziptuning.com\/de\/wp-json\/wp\/v2\/pages\/208968"}],"wp:attachment":[{"href":"https:\/\/www.ziptuning.com\/de\/wp-json\/wp\/v2\/media?parent=208969"}],"curies":[{"name":"wp","href":"https:\/\/api.w.org\/{rel}","templated":true}]}}